{"id":1224,"date":"2026-01-04T16:33:08","date_gmt":"2026-01-04T08:33:08","guid":{"rendered":"https:\/\/jjled.com\/?page_id=1224"},"modified":"2026-01-04T16:33:08","modified_gmt":"2026-01-04T08:33:08","slug":"home","status":"publish","type":"page","link":"https:\/\/jjled.com\/es\/home\/","title":{"rendered":"Inicio"},"content":{"rendered":"<ul>\n<li>WhatsApp: (+44) 751-629-4352<\/li>\n<li>Lun \u2192 S\u00e1b : 9am-7pm<\/li>\n<li>Correo electr\u00f3nico: led@jjled.com<\/li>\n<\/ul>\n<p><img fetchpriority=\"high\" decoding=\"async\" src=\"https:\/\/jjled.com\/wp-content\/uploads\/2025\/07\/JJ\u6676\u4f73LOGO.png\" sizes=\"(max-width: 635px) 100vw, 635px\" srcset=\"https:\/\/jjled.com\/wp-content\/uploads\/2025\/07\/JJ\u6676\u4f73LOGO.png 635w, https:\/\/jjled.com\/wp-content\/uploads\/2025\/07\/JJ\u6676\u4f73LOGO-300x300.png 300w, https:\/\/jjled.com\/wp-content\/uploads\/2025\/07\/JJ\u6676\u4f73LOGO-600x600.png 600w, https:\/\/jjled.com\/wp-content\/uploads\/2025\/07\/JJ\u6676\u4f73LOGO-100x100.png 100w\" alt=\"fabricante de led y pcba\" width=\"635\" height=\"635\" \/><br \/>\n<a role=\"button\"><br \/>\nChatea Ahora<br \/>\n<\/a><\/p>\n<h5>OEM \/ ODM \/ Dise\u00f1o \/ SMT de LED<\/h5>\n<h2>Fabricante de PCB de LED<\/h2>\n<h2>Dise\u00f1o y producci\u00f3n de accesorios<\/h2>\n<ul>\n<li>Personaliza para m\u00e1s par\u00e1metros de LED<\/li>\n<li>MOQ Bajo para Personalizaci\u00f3n<\/li>\n<li>Potencia \/ Voltaje \/ Tama\u00f1o \/ Longitud de onda \/ Color \/ \u00c1ngulo<\/li>\n<\/ul>\n<p>&nbsp;<\/p>\n<h2>Nuestros casos<\/h2>\n<figure><img decoding=\"async\" src=\"https:\/\/jjled.com\/wp-content\/uploads\/2025\/07\/Frame-7.png\" alt=\"placa de circuito impreso LED\" \/><\/figure>\n<figure><img decoding=\"async\" src=\"https:\/\/jjled.com\/wp-content\/uploads\/2025\/07\/Frame-10.png\" alt=\"pcba led de 365nm\" \/><\/figure>\n<figure><img decoding=\"async\" src=\"https:\/\/jjled.com\/wp-content\/uploads\/2025\/07\/Frame-2.png\" alt=\"placa de circuito impreso LED blanca c\u00e1lida\" \/><\/figure>\n<figure><img decoding=\"async\" src=\"https:\/\/jjled.com\/wp-content\/uploads\/2025\/07\/Frame-9.png\" alt=\"luz LED verde\" \/><\/figure>\n<figure><img decoding=\"async\" src=\"https:\/\/jjled.com\/wp-content\/uploads\/2025\/07\/Frame-1.png\" alt=\"placa de circuito impreso de luz de relleno LED\" \/><\/figure>\n<figure><img decoding=\"async\" src=\"https:\/\/jjled.com\/wp-content\/uploads\/2025\/07\/Frame-3.png\" alt=\"luz LED de 395nm\" \/><\/figure>\n<figure><img decoding=\"async\" src=\"https:\/\/jjled.com\/wp-content\/uploads\/2025\/07\/Frame-8.png\" alt=\"placa de circuito impreso de luz de anillo LED\" \/><\/figure>\n<figure><img decoding=\"async\" src=\"https:\/\/jjled.com\/wp-content\/uploads\/2025\/07\/Frame-4.png\" alt=\"placa de circuito impreso de LED bicolor\" \/><\/figure>\n<h2>productos destacados<\/h2>\n<p>Para m\u00e1s tipos de productos y kits de LED personalizados, no dude en consultar.<br \/>\nY podemos mejorar la producci\u00f3n en funci\u00f3n de las muestras de referencia o dibujos que proporcione.<\/p>\n<p>Sal\u00f3n de belleza<\/p>\n<p>U\u00f1as hermosas<\/p>\n<p>Luz de fotograf\u00eda<\/p>\n<p>Luz de c\u00e1mara fotogr\u00e1fica<\/p>\n<p>Luz de relleno con anillo<\/p>\n<p><img decoding=\"async\" src=\"https:\/\/jjled.com\/wp-content\/uploads\/2025\/07\/Frame-3.jpg\" sizes=\"(max-width: 300px) 100vw, 300px\" srcset=\"https:\/\/jjled.com\/wp-content\/uploads\/2025\/07\/Frame-3.jpg 300w, https:\/\/jjled.com\/wp-content\/uploads\/2025\/07\/Frame-3-100x100.jpg 100w\" alt=\"\" width=\"300\" height=\"300\" \/><\/p>\n<h5>PCB de LED SMD 2835<\/h5>\n<p>880 piezas de LEDs SMD 2835<br \/>\nPCB Fr4 \/ 2700K~6000K<br \/>\nLED bicolor \/ RA&gt;98<br \/>\nLuz de relleno para detecci\u00f3n cient\u00edfica<\/p>\n<p><a role=\"button\"><br \/>\nHaga clic para cotizar<br \/>\n<\/a><br \/>\n<img decoding=\"async\" src=\"https:\/\/jjled.com\/wp-content\/uploads\/2025\/07\/Frame-1.jpg\" sizes=\"(max-width: 300px) 100vw, 300px\" srcset=\"https:\/\/jjled.com\/wp-content\/uploads\/2025\/07\/Frame-1.jpg 300w, https:\/\/jjled.com\/wp-content\/uploads\/2025\/07\/Frame-1-100x100.jpg 100w\" alt=\"\" width=\"300\" height=\"300\" \/><\/p>\n<h5>PCB de LED DIP F5<\/h5>\n<p>PCB de LED con orificio pasante<br \/>\nFr4 \/ 3200K~5600K<br \/>\nLED bicolor \/ RA&gt;98<br \/>\nLuz de relleno para fotograf\u00eda<\/p>\n<p><a role=\"button\"><br \/>\nHaga clic para cotizar<br \/>\n<\/a><br \/>\n<img loading=\"lazy\" decoding=\"async\" src=\"https:\/\/jjled.com\/wp-content\/uploads\/2025\/07\/Frame-2.jpg\" sizes=\"(max-width: 300px) 100vw, 300px\" srcset=\"https:\/\/jjled.com\/wp-content\/uploads\/2025\/07\/Frame-2.jpg 300w, https:\/\/jjled.com\/wp-content\/uploads\/2025\/07\/Frame-2-100x100.jpg 100w\" alt=\"\" width=\"300\" height=\"300\" \/><\/p>\n<h5>PCB LED SMD 5050<\/h5>\n<p>120pcs LEDs SMD 5050<br \/>\nPlaca PCB Fr4<br \/>\nLED bicolor \/ RA&gt;98 + RGB<br \/>\nLuz de relleno colorida<\/p>\n<p><a role=\"button\"><br \/>\nHaga clic para cotizar<br \/>\n<\/a><\/p>\n<p>Inspecci\u00f3n visual<\/p>\n<p>Luz de crecimiento de plantas<\/p>\n<p>Longitud de onda del biocatalizador<\/p>\n<p>Instrumento cient\u00edfico<\/p>\n<p>Luz para mascotas escaladora<\/p>\n<p><img loading=\"lazy\" decoding=\"async\" src=\"https:\/\/jjled.com\/wp-content\/uploads\/2025\/07\/Frame-4.jpg\" sizes=\"(max-width: 300px) 100vw, 300px\" srcset=\"https:\/\/jjled.com\/wp-content\/uploads\/2025\/07\/Frame-4.jpg 300w, https:\/\/jjled.com\/wp-content\/uploads\/2025\/07\/Frame-4-100x100.jpg 100w\" alt=\"\" width=\"300\" height=\"300\" \/><\/p>\n<h5>PCB LED 12V 3535<\/h5>\n<p>LEDs de alta potencia 3535<br \/>\nTarjeta PCB \/ Driver LED<br \/>\nBase \/ Aluminio \/ Cobre<br \/>\n12V CC \/ 4*5 W \/ 20W<br \/>\nLuces para coche de golf<\/p>\n<p><a role=\"button\"><br \/>\nHaga clic para cotizar<br \/>\n<\/a><br \/>\n<img loading=\"lazy\" decoding=\"async\" src=\"https:\/\/jjled.com\/wp-content\/uploads\/2025\/07\/Frame-5.jpg\" sizes=\"(max-width: 300px) 100vw, 300px\" srcset=\"https:\/\/jjled.com\/wp-content\/uploads\/2025\/07\/Frame-5.jpg 300w, https:\/\/jjled.com\/wp-content\/uploads\/2025\/07\/Frame-5-100x100.jpg 100w\" alt=\"\" width=\"300\" height=\"300\" \/><\/p>\n<h5>PCB LED RGB DIP<\/h5>\n<p>PCB LED de orificio pasante<br \/>\nProveedores de drivers LED<br \/>\nTarjeta PCB LED RGB<br \/>\nM\u00f3dulo LED RGB + MCU<br \/>\nLuces coloridas para ba\u00f1era SPA<\/p>\n<p><a role=\"button\"><br \/>\nHaga clic para cotizar<br \/>\n<\/a><br \/>\n<img loading=\"lazy\" decoding=\"async\" src=\"https:\/\/jjled.com\/wp-content\/uploads\/2025\/07\/Frame-6.jpg\" sizes=\"(max-width: 300px) 100vw, 300px\" srcset=\"https:\/\/jjled.com\/wp-content\/uploads\/2025\/07\/Frame-6.jpg 300w, https:\/\/jjled.com\/wp-content\/uploads\/2025\/07\/Frame-6-100x100.jpg 100w\" alt=\"\" width=\"300\" height=\"300\" \/><\/p>\n<h5>SMD 3535 LED PCBA<\/h5>\n<p>Longitud de onda especial<br \/>\nUVA + UVB + Blanco<br \/>\nBase \/ Aluminio \/ Cobre<br \/>\nDC22V \/ E27<br \/>\nLuz para mascotas escaladora<\/p>\n<p><a role=\"button\"><br \/>\nHaga clic para cotizar<br \/>\n<\/a><\/p>\n<h2>Lo que ofrecemos<\/h2>\n<p>Le proporcionaremos pedidos de LED con m\u00e1s modelos de LED o piezas de repuesto de placas de circuito impreso, y puede solicitar libremente voltaje, potencia y par\u00e1metros optoelectr\u00f3nicos.<br \/>\nAl mismo tiempo, tambi\u00e9n ofrecemos servicios de kit de piezas de LED, por lo que no tendr\u00e1 que preocuparse por el suministro de todos los accesorios de PCB de LED.<\/p>\n<p><img loading=\"lazy\" decoding=\"async\" src=\"https:\/\/jjled.com\/wp-content\/uploads\/2025\/07\/LEDpcb.jpg\" sizes=\"(max-width: 750px) 100vw, 750px\" srcset=\"https:\/\/jjled.com\/wp-content\/uploads\/2025\/07\/LEDpcb.jpg 750w, https:\/\/jjled.com\/wp-content\/uploads\/2025\/07\/LEDpcb-600x400.jpg 600w\" alt=\"\" width=\"750\" height=\"500\" \/><\/p>\n<ul>\n<li>M\u00e1s tama\u00f1os de piezas de LED<\/li>\n<li>M\u00e1s longitudes de onda y potencia<\/li>\n<li>MOQ Bajo para Personalizaci\u00f3n<\/li>\n<\/ul>\n<ul>\n<li>M\u00e1s tama\u00f1os y formas<\/li>\n<li>M\u00e1s materiales y grosores<\/li>\n<li>MOQ Bajo para Personalizaci\u00f3n<\/li>\n<\/ul>\n<p><img loading=\"lazy\" decoding=\"async\" src=\"https:\/\/jjled.com\/wp-content\/uploads\/2025\/07\/pcba.jpg\" sizes=\"(max-width: 750px) 100vw, 750px\" srcset=\"https:\/\/jjled.com\/wp-content\/uploads\/2025\/07\/pcba.jpg 750w, https:\/\/jjled.com\/wp-content\/uploads\/2025\/07\/pcba-600x400.jpg 600w\" alt=\"\" width=\"750\" height=\"500\" \/><br \/>\n<img loading=\"lazy\" decoding=\"async\" src=\"https:\/\/jjled.com\/wp-content\/uploads\/2025\/07\/pcba-kits.jpg\" sizes=\"(max-width: 750px) 100vw, 750px\" srcset=\"https:\/\/jjled.com\/wp-content\/uploads\/2025\/07\/pcba-kits.jpg 750w, https:\/\/jjled.com\/wp-content\/uploads\/2025\/07\/pcba-kits-600x400.jpg 600w\" alt=\"\" width=\"750\" height=\"500\" \/><\/p>\n<ul>\n<li>Proporcionar kits de controladores LED<\/li>\n<li>Dise\u00f1os OEM de accesorios LED<\/li>\n<li>Empresa personalizada de LED<\/li>\n<\/ul>\n<p><img loading=\"lazy\" decoding=\"async\" src=\"https:\/\/jjled.com\/wp-content\/uploads\/2025\/07\/icon.jpg\" alt=\"\" width=\"315\" height=\"225\" \/><\/p>\n<h3>Su socio comercial de confianza:<\/h3>\n<h3>El fabricante de LED y PCB<\/h3>\n<p>Haga clic en el bot\u00f3n de la derecha para ponerse en contacto con nuestro ingeniero profesional<\/p>\n<p><a role=\"button\"><br \/>\nEnv\u00edeme sus requisitos<br \/>\n<\/a><\/p>\n<p>\u00bfNecesitas m\u00e1s ayuda?<\/p>\n<p>+86 186 8107 9672<\/p>\n<h2>Por qu\u00e9 elegirnos<\/h2>\n<p>Somos tu proveedor profesional de chips LED y vendedor de accesorios LED personalizados.<br \/>\nTe proporcionaremos m\u00e1s modelos de LEDs y materiales de placas de circuito impreso, y puedes solicitar libremente voltaje, potencia y par\u00e1metros optoelectr\u00f3nicos.<br \/>\nAl mismo tiempo, tambi\u00e9n ofrecemos servicios de kit, por lo que no tendr\u00e1s que preocuparte por el suministro de todos los accesorios del circuito.<\/p>\n<p>Ingenieros profesionales 90%<br \/>\nNuestro equipo de dise\u00f1o cuenta con t\u00edtulos profesionales. Esto representa el 90% de nuestro equipo.<br \/>\nPrecisi\u00f3n SMT 100%<br \/>\nEquipamiento avanzado de SMT que garantiza que todos los componentes est\u00e9n soldadados con precisi\u00f3n.<br \/>\nPruebas de producci\u00f3n 100%<br \/>\nTodos los accesorios se energizar\u00e1n para pruebas despu\u00e9s de completar la soldadura.<br \/>\nPar\u00e1metros OEM de LED<br \/>\nLos ingenieros de los fabricantes de chips LED son m\u00e1s profesionales en par\u00e1metros optoelectr\u00f3nicos.<br \/>\nOEM de LED perfecto 100%<br \/>\nOfrecemos un servicio de dise\u00f1o OEM perfecto para LED seg\u00fan la placa de circuito personalizado.<br \/>\nProveedores de drivers LED<br \/>\nPodemos ofrecerte servicios de reguladores y adaptadores para accesorios LED.<br \/>\n<a role=\"button\"><br \/>\nSolicitar una consulta<br \/>\n<\/a><\/p>\n<h2>Lo que dicen de nosotros<\/h2>\n<p>Opiniones reales de nuestros incre\u00edbles clientes! Aprende c\u00f3mo nuestros productos han mejorado su experiencia y encuentra inspiraci\u00f3n para tu pr\u00f3ximo desarrollo.<\/p>\n<p><img loading=\"lazy\" decoding=\"async\" src=\"https:\/\/jjled.com\/wp-content\/uploads\/2025\/07\/1.jpg\" sizes=\"(max-width: 1170px) 100vw, 1170px\" srcset=\"https:\/\/jjled.com\/wp-content\/uploads\/2025\/07\/1.jpg 1170w, https:\/\/jjled.com\/wp-content\/uploads\/2025\/07\/1-600x1298.jpg 600w, https:\/\/jjled.com\/wp-content\/uploads\/2025\/07\/1-710x1536.jpg 710w, https:\/\/jjled.com\/wp-content\/uploads\/2025\/07\/1-946x2048.jpg 946w\" alt=\"\" width=\"1170\" height=\"2532\" \/><br \/>\n<img loading=\"lazy\" decoding=\"async\" src=\"https:\/\/jjled.com\/wp-content\/uploads\/2025\/07\/2.jpg\" sizes=\"(max-width: 1170px) 100vw, 1170px\" srcset=\"https:\/\/jjled.com\/wp-content\/uploads\/2025\/07\/2.jpg 1170w, https:\/\/jjled.com\/wp-content\/uploads\/2025\/07\/2-600x1298.jpg 600w, https:\/\/jjled.com\/wp-content\/uploads\/2025\/07\/2-710x1536.jpg 710w, https:\/\/jjled.com\/wp-content\/uploads\/2025\/07\/2-946x2048.jpg 946w\" alt=\"\" width=\"1170\" height=\"2532\" \/><br \/>\n<img loading=\"lazy\" decoding=\"async\" src=\"https:\/\/jjled.com\/wp-content\/uploads\/2025\/07\/6.jpg\" sizes=\"(max-width: 1170px) 100vw, 1170px\" srcset=\"https:\/\/jjled.com\/wp-content\/uploads\/2025\/07\/6.jpg 1170w, https:\/\/jjled.com\/wp-content\/uploads\/2025\/07\/6-600x1298.jpg 600w, https:\/\/jjled.com\/wp-content\/uploads\/2025\/07\/6-710x1536.jpg 710w, https:\/\/jjled.com\/wp-content\/uploads\/2025\/07\/6-946x2048.jpg 946w\" alt=\"\" width=\"1170\" height=\"2532\" \/><br \/>\n<img loading=\"lazy\" decoding=\"async\" src=\"https:\/\/jjled.com\/wp-content\/uploads\/2025\/07\/4.jpg\" sizes=\"(max-width: 1170px) 100vw, 1170px\" srcset=\"https:\/\/jjled.com\/wp-content\/uploads\/2025\/07\/4.jpg 1170w, https:\/\/jjled.com\/wp-content\/uploads\/2025\/07\/4-600x1298.jpg 600w, https:\/\/jjled.com\/wp-content\/uploads\/2025\/07\/4-710x1536.jpg 710w, https:\/\/jjled.com\/wp-content\/uploads\/2025\/07\/4-946x2048.jpg 946w\" alt=\"\" width=\"1170\" height=\"2532\" \/><br \/>\n<img loading=\"lazy\" decoding=\"async\" src=\"https:\/\/jjled.com\/wp-content\/uploads\/2025\/07\/5.jpg\" sizes=\"(max-width: 1170px) 100vw, 1170px\" srcset=\"https:\/\/jjled.com\/wp-content\/uploads\/2025\/07\/5.jpg 1170w, https:\/\/jjled.com\/wp-content\/uploads\/2025\/07\/5-600x1298.jpg 600w, https:\/\/jjled.com\/wp-content\/uploads\/2025\/07\/5-710x1536.jpg 710w, https:\/\/jjled.com\/wp-content\/uploads\/2025\/07\/5-946x2048.jpg 946w\" alt=\"\" width=\"1170\" height=\"2532\" \/><br \/>\n<a role=\"button\"><br \/>\nSolicitar una consulta<br \/>\n<\/a><\/p>\n<h2>Nuestros Certificados<\/h2>\n<p>Nuestros materiales han obtenido varias certificaciones y pruebas, garantizando una alta calidad.<\/p>\n<p><img loading=\"lazy\" decoding=\"async\" src=\"https:\/\/jjled.com\/wp-content\/uploads\/2025\/07\/SGS1.jpg\" sizes=\"(max-width: 686px) 100vw, 686px\" srcset=\"https:\/\/jjled.com\/wp-content\/uploads\/2025\/07\/SGS1.jpg 686w, https:\/\/jjled.com\/wp-content\/uploads\/2025\/07\/SGS1-600x841.jpg 600w\" alt=\"\" width=\"686\" height=\"962\" \/><br \/>\n<img loading=\"lazy\" decoding=\"async\" src=\"https:\/\/jjled.com\/wp-content\/uploads\/2025\/07\/9001.jpg\" sizes=\"(max-width: 689px) 100vw, 689px\" srcset=\"https:\/\/jjled.com\/wp-content\/uploads\/2025\/07\/9001.jpg 689w, https:\/\/jjled.com\/wp-content\/uploads\/2025\/07\/9001-600x838.jpg 600w\" alt=\"\" width=\"689\" height=\"962\" \/><br \/>\n<img loading=\"lazy\" decoding=\"async\" src=\"https:\/\/jjled.com\/wp-content\/uploads\/2025\/07\/6165-SGS2.jpg\" sizes=\"(max-width: 682px) 100vw, 682px\" srcset=\"https:\/\/jjled.com\/wp-content\/uploads\/2025\/07\/6165-SGS2.jpg 682w, https:\/\/jjled.com\/wp-content\/uploads\/2025\/07\/6165-SGS2-600x848.jpg 600w\" alt=\"\" width=\"682\" height=\"964\" \/><br \/>\n<img loading=\"lazy\" decoding=\"async\" src=\"https:\/\/jjled.com\/wp-content\/uploads\/2025\/07\/6164-VDE.jpg\" sizes=\"(max-width: 685px) 100vw, 685px\" srcset=\"https:\/\/jjled.com\/wp-content\/uploads\/2025\/07\/6164-VDE.jpg 685w, https:\/\/jjled.com\/wp-content\/uploads\/2025\/07\/6164-VDE-600x846.jpg 600w\" alt=\"\" width=\"685\" height=\"966\" \/><br \/>\n<a role=\"button\"><br \/>\nSolicitar una consulta<br \/>\n<\/a><\/p>\n<h2>F\u00e1cil de obtener presupuesto y dise\u00f1o<\/h2>\n<p>Contacte con nuestros ingenieros profesionales libremente. Obtenga una cotizaci\u00f3n r\u00e1pida y comience la colaboraci\u00f3n adecuada.<\/p>\n<h6>As\u00f3ciese con nosotros<\/h6>\n<h2>Asociarse con la f\u00e1brica adecuada<\/h2>\n<ul>\n<li>Ubicaci\u00f3n\uff1a<br \/>\nCiudad de DongGuang, provincia de Guang Dong, China<\/li>\n<li>Env\u00edenos un correo electr\u00f3nico\uff1a<br \/>\nled@yogled.com<\/li>\n<li>Mensaje para nosotros<br \/>\n+86 186 8107 9672<\/li>\n<\/ul>","protected":false},"excerpt":{"rendered":"<p>WhatsApp: (+44) 751-629-4352 Mon \u2192 Sat : 9am-7pm Email: led@jjled.com Chat Now LED OEM \/ ODM \/ Design \/ SMT [&hellip;]<\/p>","protected":false},"author":1,"featured_media":0,"parent":0,"menu_order":0,"comment_status":"closed","ping_status":"closed","template":"","meta":{"site-sidebar-layout":"default","site-content-layout":"","ast-site-content-layout":"default","site-content-style":"default","site-sidebar-style":"default","ast-global-header-display":"","ast-banner-title-visibility":"","ast-main-header-display":"","ast-hfb-above-header-display":"","ast-hfb-below-header-display":"","ast-hfb-mobile-header-display":"","site-post-title":"","ast-breadcrumbs-content":"","ast-featured-img":"","footer-sml-layout":"","ast-disable-related-posts":"","theme-transparent-header-meta":"","adv-header-id-meta":"","stick-header-meta":"","header-above-stick-meta":"","header-main-stick-meta":"","header-below-stick-meta":"","astra-migrate-meta-layouts":"default","ast-page-background-enabled":"default","ast-page-background-meta":{"desktop":{"background-color":"var(--ast-global-color-5)","background-image":"","background-repeat":"repeat","background-position":"center center","background-size":"auto","background-attachment":"scroll","background-type":"","background-media":"","overlay-type":"","overlay-color":"","overlay-opacity":"","overlay-gradient":""},"tablet":{"background-color":"","background-image":"","background-repeat":"repeat","background-position":"center center","background-size":"auto","background-attachment":"scroll","background-type":"","background-media":"","overlay-type":"","overlay-color":"","overlay-opacity":"","overlay-gradient":""},"mobile":{"background-color":"","background-image":"","background-repeat":"repeat","background-position":"center center","background-size":"auto","background-attachment":"scroll","background-type":"","background-media":"","overlay-type":"","overlay-color":"","overlay-opacity":"","overlay-gradient":""}},"ast-content-background-meta":{"desktop":{"background-color":"var(--ast-global-color-4)","background-image":"","background-repeat":"repeat","background-position":"center center","background-size":"auto","background-attachment":"scroll","background-type":"","background-media":"","overlay-type":"","overlay-color":"","overlay-opacity":"","overlay-gradient":""},"tablet":{"background-color":"var(--ast-global-color-4)","background-image":"","background-repeat":"repeat","background-position":"center center","background-size":"auto","background-attachment":"scroll","background-type":"","background-media":"","overlay-type":"","overlay-color":"","overlay-opacity":"","overlay-gradient":""},"mobile":{"background-color":"var(--ast-global-color-4)","background-image":"","background-repeat":"repeat","background-position":"center center","background-size":"auto","background-attachment":"scroll","background-type":"","background-media":"","overlay-type":"","overlay-color":"","overlay-opacity":"","overlay-gradient":""}},"footnotes":""},"class_list":["post-1224","page","type-page","status-publish","hentry"],"_links":{"self":[{"href":"https:\/\/jjled.com\/es\/wp-json\/wp\/v2\/pages\/1224","targetHints":{"allow":["GET"]}}],"collection":[{"href":"https:\/\/jjled.com\/es\/wp-json\/wp\/v2\/pages"}],"about":[{"href":"https:\/\/jjled.com\/es\/wp-json\/wp\/v2\/types\/page"}],"author":[{"embeddable":true,"href":"https:\/\/jjled.com\/es\/wp-json\/wp\/v2\/users\/1"}],"replies":[{"embeddable":true,"href":"https:\/\/jjled.com\/es\/wp-json\/wp\/v2\/comments?post=1224"}],"version-history":[{"count":1,"href":"https:\/\/jjled.com\/es\/wp-json\/wp\/v2\/pages\/1224\/revisions"}],"predecessor-version":[{"id":1225,"href":"https:\/\/jjled.com\/es\/wp-json\/wp\/v2\/pages\/1224\/revisions\/1225"}],"wp:attachment":[{"href":"https:\/\/jjled.com\/es\/wp-json\/wp\/v2\/media?parent=1224"}],"curies":[{"name":"wp","href":"https:\/\/api.w.org\/{rel}","templated":true}]}}