{"id":1198,"date":"2025-12-31T15:16:05","date_gmt":"2025-12-31T07:16:05","guid":{"rendered":"https:\/\/jjled.com\/?post_type=product&#038;p=1198"},"modified":"2025-12-31T15:24:35","modified_gmt":"2025-12-31T07:24:35","slug":"ring-led-pcb-board","status":"publish","type":"product","link":"https:\/\/jjled.com\/es\/product\/ring-led-pcb-board\/","title":{"rendered":"Placa de circuito impreso de LED de luz de anillo DC24V personalizada para fotograf\u00eda profesional, luz de relleno de video"},"content":{"rendered":"<h1>Tarjeta de circuito impreso de luz de anillo LED de alto Ra \/ CRI<\/h1>\n<p>Aplicaciones del Producto<\/p>\n<table>\n<tbody>\n<tr>\n<td>Luz de relleno para fotograf\u00eda<\/td>\n<td>Iluminaci\u00f3n de biblioteca<\/td>\n<\/tr>\n<tr>\n<td>Luz de relleno para cine y televisi\u00f3n<\/td>\n<td>Iluminaci\u00f3n para talleres textiles<\/td>\n<\/tr>\n<tr>\n<td>Luz de relleno para v\u00eddeo<\/td>\n<td>Iluminaci\u00f3n de sala de exposiciones<\/td>\n<\/tr>\n<tr>\n<td>Luz de relleno para estudio<\/td>\n<td>Iluminaci\u00f3n para talleres de pintura<\/td>\n<\/tr>\n<tr>\n<td>Luz de relleno para belleza<\/td>\n<td>Iluminaci\u00f3n de oficina<\/td>\n<\/tr>\n<tr>\n<td>Luz de relleno para pesta\u00f1as<\/td>\n<td>Iluminaci\u00f3n de museo<\/td>\n<\/tr>\n<tr>\n<td>Luz de relleno para u\u00f1as<\/td>\n<td>Iluminaci\u00f3n para espect\u00e1culos<\/td>\n<\/tr>\n<tr>\n<td>Luz de lectura<\/td>\n<td>Iluminaci\u00f3n de laboratorio<\/td>\n<\/tr>\n<tr>\n<td>Luz para fotograf\u00eda<\/td>\n<td>Iluminaci\u00f3n para alimentos frescos<\/td>\n<\/tr>\n<tr>\n<td>Luz de la c\u00e1mara<\/td>\n<td>Iluminaci\u00f3n del hospital<\/td>\n<\/tr>\n<tr>\n<td>Iluminaci\u00f3n escolar<\/td>\n<td>Iluminaci\u00f3n del mercado<\/td>\n<\/tr>\n<tr>\n<td>Iluminaci\u00f3n del aula<\/td>\n<td>Iluminaci\u00f3n para te\u00f1ido y estampado<\/td>\n<\/tr>\n<tr>\n<td>Iluminaci\u00f3n de la sala de operaciones<\/td>\n<td>Iluminaci\u00f3n para arte y dise\u00f1o<\/td>\n<\/tr>\n<\/tbody>\n<\/table>\n<p>Par\u00e1metros personalizables para<\/p>\n<h2>Tarjeta de circuito impreso de luz LED de anillo<\/h2>\n<table>\n<tbody>\n<tr>\n<td>Tama\u00f1o de la placa de circuito impreso<\/td>\n<td>Material de la placa de circuito impreso<\/td>\n<td>Grosor de la placa de circuito impreso<\/td>\n<\/tr>\n<tr>\n<td>Posici\u00f3n de los agujeros en la placa de circuito impreso<\/td>\n<td>Forma de la placa de circuito impreso<\/td>\n<td>Formato de matriz de LED<\/td>\n<\/tr>\n<tr>\n<td>Configuraci\u00f3n en serie-paralelo de LED<\/td>\n<td>Voltaje de la PCBA<\/td>\n<td>Corriente de la PCBA<\/td>\n<\/tr>\n<tr>\n<td>\u00cdndice RA\/CRI de LED<\/td>\n<td>Longitud de onda<\/td>\n<td>Color<\/td>\n<\/tr>\n<tr>\n<td>Servicio de Montaje<\/td>\n<td>SMT<\/td>\n<td>OEM<\/td>\n<\/tr>\n<\/tbody>\n<\/table>\n<p>Componentes Principales:<\/p>\n<h2>LED SMD 2835 0.2W Blanco C\u00e1lido<\/h2>\n<table>\n<tbody>\n<tr>\n<td>N\u00b0 DE TIPO<\/td>\n<td>LED SMD 2835 0.2W Blanco C\u00e1lido<\/td>\n<\/tr>\n<tr>\n<td>N\u00b0 DE PIEZA<\/td>\n<td>SP-2093C<\/td>\n<\/tr>\n<\/tbody>\n<\/table>\n<p>Im\u00e1genes de LED 2835<\/p>\n<p><img fetchpriority=\"high\" decoding=\"async\" width=\"266\" height=\"296\" class=\"wp-image-1149\" src=\"https:\/\/jjled.com\/wp-content\/uploads\/2025\/12\/SMD-high-ra-cri-2835-LED-0.2W-Warm-White.png\" srcset=\"https:\/\/jjled.com\/wp-content\/uploads\/2025\/12\/SMD-high-ra-cri-2835-LED-0.2W-Warm-White.png 266w, https:\/\/jjled.com\/wp-content\/uploads\/2025\/12\/SMD-high-ra-cri-2835-LED-0.2W-Warm-White-11x12.png 11w\" sizes=\"(max-width: 266px) 100vw, 266px\" \/><\/p>\n<p>Tama\u00f1o del LED 2835<\/p>\n<p><img decoding=\"async\" width=\"771\" height=\"376\" class=\"wp-image-1150\" src=\"https:\/\/jjled.com\/wp-content\/uploads\/2025\/12\/Warm-White-SMD-high-ra-cri-2835-LED-0.2W-Size.png\" srcset=\"https:\/\/jjled.com\/wp-content\/uploads\/2025\/12\/Warm-White-SMD-high-ra-cri-2835-LED-0.2W-Size.png 771w, https:\/\/jjled.com\/wp-content\/uploads\/2025\/12\/Warm-White-SMD-high-ra-cri-2835-LED-0.2W-Size-600x293.png 600w, https:\/\/jjled.com\/wp-content\/uploads\/2025\/12\/Warm-White-SMD-high-ra-cri-2835-LED-0.2W-Size-18x9.png 18w\" sizes=\"(max-width: 771px) 100vw, 771px\" \/><\/p>\n<p>Patr\u00f3n de Soldadura en PCB Recomendado para LED 2835<\/p>\n<p><img decoding=\"async\" width=\"590\" height=\"461\" class=\"wp-image-1151\" src=\"https:\/\/jjled.com\/wp-content\/uploads\/2025\/12\/Warm-White-SMD-high-ra-cri-2835-LED-0.2W-Pad-Pattern.png\" srcset=\"https:\/\/jjled.com\/wp-content\/uploads\/2025\/12\/Warm-White-SMD-high-ra-cri-2835-LED-0.2W-Pad-Pattern.png 590w, https:\/\/jjled.com\/wp-content\/uploads\/2025\/12\/Warm-White-SMD-high-ra-cri-2835-LED-0.2W-Pad-Pattern-15x12.png 15w\" sizes=\"(max-width: 590px) 100vw, 590px\" \/><\/p>\n<table>\n<tbody>\n<tr>\n<td>Hojas de Datos<\/td>\n<td colspan=\"6\">Potencia del LED \/ Voltaje del LED \/ Corriente del LED<\/td>\n<\/tr>\n<tr>\n<td>N\u00famero de pieza<\/td>\n<td colspan=\"6\">LED SMD 2835 0.2W Blanco C\u00e1lido<\/td>\n<\/tr>\n<tr>\n<td colspan=\"2\">Par\u00e1metros del LED<\/td>\n<td>S\u00edmbolo<\/td>\n<td colspan=\"2\">Valor<\/td>\n<td colspan=\"2\">Unidad<\/td>\n<\/tr>\n<tr>\n<td colspan=\"2\">Disipaci\u00f3n de Potencia \/ Potencia del LED<\/td>\n<td>Pd(m\u00e1x.)<\/td>\n<td colspan=\"2\">200<\/td>\n<td colspan=\"2\">MW<\/td>\n<\/tr>\n<tr>\n<td colspan=\"2\">Corriente m\u00e1xima de avance<\/td>\n<td rowspan=\"2\">If (m\u00e1x.)<\/td>\n<td colspan=\"2\" rowspan=\"2\">100<\/td>\n<td colspan=\"2\" rowspan=\"2\">mA<\/td>\n<\/tr>\n<tr>\n<td colspan=\"2\">Ciclo de Trabajo 1\/10, Ancho de Pulso 0.1ms<\/td>\n<\/tr>\n<tr>\n<td colspan=\"2\">Corriente Directa Continua \/ Corriente del LED<\/td>\n<td>Si (T\u00edp.)<\/td>\n<td colspan=\"2\">60<\/td>\n<td colspan=\"2\">mA<\/td>\n<\/tr>\n<tr>\n<td colspan=\"2\">Temperatura de la caja<\/td>\n<td>Tp<\/td>\n<td colspan=\"2\">120<\/td>\n<td colspan=\"2\">\u2103<\/td>\n<\/tr>\n<tr>\n<td colspan=\"2\">temperatura de uni\u00f3n del LED<\/td>\n<td>Tj<\/td>\n<td colspan=\"2\">120<\/td>\n<td colspan=\"2\">\u2103<\/td>\n<\/tr>\n<tr>\n<td colspan=\"2\">Voltaje inverso<\/td>\n<td colspan=\"2\">Vr<\/td>\n<td colspan=\"2\">-8<\/td>\n<td colspan=\"2\">V<\/td>\n<\/tr>\n<tr>\n<td colspan=\"2\">Resistencia t\u00e9rmica, uni\u00f3n a carcasa<\/td>\n<td colspan=\"2\">R\u0472 j-c<\/td>\n<td colspan=\"2\">0.06<\/td>\n<td colspan=\"2\">\u00b0C\/W<\/td>\n<\/tr>\n<tr>\n<td colspan=\"2\">Temperatura de soldadura \u2103<\/td>\n<td colspan=\"6\">5 segundos, 260\u00b0C o menos<\/td>\n<\/tr>\n<tr>\n<td colspan=\"2\">Rango de temperatura de funcionamiento<\/td>\n<td colspan=\"2\">Topr<\/td>\n<td colspan=\"4\">-30\u2103 a + 80\u2103<\/td>\n<\/tr>\n<tr>\n<td colspan=\"2\">Rango de temperatura de almacenamiento<\/td>\n<td colspan=\"2\">Tstg<\/td>\n<td colspan=\"4\">-40\u2103 a + 100\u2103<\/td>\n<\/tr>\n<\/tbody>\n<\/table>\n<table>\n<tbody>\n<tr>\n<td colspan=\"7\">Caracter\u00edsticas El\u00e9ctricas y \u00d3pticas<\/td>\n<\/tr>\n<tr>\n<td>Par\u00e1metros del LED<\/td>\n<td>S\u00edmbolo<\/td>\n<td>Condici\u00f3n de prueba<\/td>\n<td>Min<\/td>\n<td>Tipo<\/td>\n<td>M\u00e1ximo<\/td>\n<td>Unidad<\/td>\n<\/tr>\n<tr>\n<td>Renderizado de color<\/td>\n<td>CRI Ra<\/td>\n<td>If=60mA<\/td>\n<td>95<\/td>\n<td><\/td>\n<td>100<\/td>\n<td><\/td>\n<\/tr>\n<tr>\n<td>Escala de calidad de color<\/td>\n<td>CQS Qa<\/td>\n<td>If=60mA<\/td>\n<td>95<\/td>\n<td><\/td>\n<td>100<\/td>\n<td><\/td>\n<\/tr>\n<tr>\n<td>Fidelidad<\/td>\n<td>Rf<\/td>\n<td>If=60mA<\/td>\n<td>95<\/td>\n<td><\/td>\n<td>100<\/td>\n<td><\/td>\n<\/tr>\n<tr>\n<td>Gama<\/td>\n<td>Rg<\/td>\n<td>8<\/td>\n<td>95<\/td>\n<td><\/td>\n<td>100<\/td>\n<td><\/td>\n<\/tr>\n<tr>\n<td>Iluminaci\u00f3n de Televisi\u00f3n<\/td>\n<td rowspan=\"2\">TLCI<\/td>\n<td rowspan=\"2\">If=60mA<\/td>\n<td rowspan=\"2\">95<\/td>\n<td rowspan=\"2\"><\/td>\n<td rowspan=\"2\">100<\/td>\n<td rowspan=\"2\"><\/td>\n<\/tr>\n<tr>\n<td>\u00cdndice de Consistencia del 99<\/td>\n<\/tr>\n<tr>\n<td>\u00c1ngulo de Visi\u00f3n<\/td>\n<td>2\u03b81\/2<\/td>\n<td>If=60mA<\/td>\n<td><\/td>\n<td>120<\/td>\n<td><\/td>\n<td>grados<\/td>\n<\/tr>\n<tr>\n<td>Voltaje Directo \/ Voltaje del LED<\/td>\n<td>V f<\/td>\n<td>If=60mA<\/td>\n<td>2.8<\/td>\n<td><\/td>\n<td>3<\/td>\n<td>V<\/td>\n<\/tr>\n<tr>\n<td>Corriente Inversa<\/td>\n<td>I r<\/td>\n<td>Vr=8V<\/td>\n<td><\/td>\n<td><\/td>\n<td>10<\/td>\n<td>uA<\/td>\n<\/tr>\n<tr>\n<td>Temperatura de color<\/td>\n<td>CCT<\/td>\n<td>If=60mA<\/td>\n<td>3000<\/td>\n<td><\/td>\n<td>3450<\/td>\n<td>K<\/td>\n<\/tr>\n<tr>\n<td>flujo luminoso<\/td>\n<td>\u0444<\/td>\n<td>If=60mA<\/td>\n<td>20<\/td>\n<td><\/td>\n<td>23<\/td>\n<td>LM<\/td>\n<\/tr>\n<\/tbody>\n<\/table>\n<p>Distribuci\u00f3n relativa de potencia espectral<\/p>\n<p><img loading=\"lazy\" decoding=\"async\" width=\"790\" height=\"413\" class=\"wp-image-1152\" src=\"https:\/\/jjled.com\/wp-content\/uploads\/2025\/12\/Warm-White-SMD-high-ra-cri-2835-LED-0.2W-Relative-Spectral-Power-Distribution.png\" srcset=\"https:\/\/jjled.com\/wp-content\/uploads\/2025\/12\/Warm-White-SMD-high-ra-cri-2835-LED-0.2W-Relative-Spectral-Power-Distribution.png 790w, https:\/\/jjled.com\/wp-content\/uploads\/2025\/12\/Warm-White-SMD-high-ra-cri-2835-LED-0.2W-Relative-Spectral-Power-Distribution-600x314.png 600w, https:\/\/jjled.com\/wp-content\/uploads\/2025\/12\/Warm-White-SMD-high-ra-cri-2835-LED-0.2W-Relative-Spectral-Power-Distribution-18x9.png 18w\" sizes=\"(max-width: 790px) 100vw, 790px\" \/><\/p>\n<p>Distribuci\u00f3n relativa de intensidad<\/p>\n<p><img loading=\"lazy\" decoding=\"async\" width=\"481\" height=\"455\" class=\"wp-image-1153\" src=\"https:\/\/jjled.com\/wp-content\/uploads\/2025\/12\/Warm-White-SMD-high-ra-cri-2835-LED-0.2W-Relative-intensity-distribution.png\" srcset=\"https:\/\/jjled.com\/wp-content\/uploads\/2025\/12\/Warm-White-SMD-high-ra-cri-2835-LED-0.2W-Relative-intensity-distribution.png 481w, https:\/\/jjled.com\/wp-content\/uploads\/2025\/12\/Warm-White-SMD-high-ra-cri-2835-LED-0.2W-Relative-intensity-distribution-13x12.png 13w\" sizes=\"(max-width: 481px) 100vw, 481px\" \/><\/p>\n<p>Gr\u00e1fico de Cromaticidad<\/p>\n<p><img loading=\"lazy\" decoding=\"async\" width=\"797\" height=\"592\" class=\"wp-image-1154\" src=\"https:\/\/jjled.com\/wp-content\/uploads\/2025\/12\/Warm-White-SMD-high-ra-cri-2835-LED-0.2W-Chromaticity-Chart.png\" srcset=\"https:\/\/jjled.com\/wp-content\/uploads\/2025\/12\/Warm-White-SMD-high-ra-cri-2835-LED-0.2W-Chromaticity-Chart.png 797w, https:\/\/jjled.com\/wp-content\/uploads\/2025\/12\/Warm-White-SMD-high-ra-cri-2835-LED-0.2W-Chromaticity-Chart-600x446.png 600w, https:\/\/jjled.com\/wp-content\/uploads\/2025\/12\/Warm-White-SMD-high-ra-cri-2835-LED-0.2W-Chromaticity-Chart-16x12.png 16w\" sizes=\"(max-width: 797px) 100vw, 797px\" \/><\/p>\n<p>LED SMD 2835 0.2W Blanco C\u00e1lido Ra Introducci\u00f3n<\/p>\n<p>1. El n\u00famero general de reproducci\u00f3n crom\u00e1tica de la fuente de luz est\u00e1ndar artificial para la luz solar y la luz cercana a la solar se establece en 100. Cuanto mayor sea la coherencia entre el color del mismo objeto bajo la irradiaci\u00f3n de la fuente de luz medida y el de la fuente de luz est\u00e1ndar, mayor ser\u00e1 el Ra, mejor ser\u00e1 el rendimiento de reproducci\u00f3n del color, menor ser\u00e1 el Ra y peor ser\u00e1 el rendimiento de reproducci\u00f3n del color.<\/p>\n<p>2. Alto \u00edndice de reproducci\u00f3n crom\u00e1tica, color de luz uniforme, alta eficiencia de salida de luz, eliminaci\u00f3n del espectro violeta, reducci\u00f3n de la temperatura de uso de los f\u00f3sforos, mejora de la coherencia y fiabilidad del espectro en el proceso de uso a largo plazo. Uso m\u00e1s prolongado.<\/p>\n<p>3. CRI95+ es la m\u00e1xima exhibici\u00f3n, el color real se restaura. Bajo el contraste de sentir el color natural, los objetos presentados por los ojos se acercan m\u00e1s al sabor original natural.<\/p>\n<p>4. TLCI (&gt; 95) puede reflejar el grado de recepci\u00f3n del color y la restauraci\u00f3n del color de la c\u00e1mara. Cuanto m\u00e1s cercano sea el valor TLCI a 100, mayor ser\u00e1 la reducci\u00f3n del color, mejor ser\u00e1 el efecto.<\/p>\n<p>5. En la serie de coordenadas CIE1960, la distancia de desviaci\u00f3n del color respecto a la trayectoria de Plank es cercana a cero, mientras que todas las fuentes de luz LED producidas por Jingjia Electronic Technology Co., Ltd. se comparan con la serie de coordenadas CIE1960<\/p>","protected":false},"excerpt":{"rendered":"<div class=\"top_tip\">custom 2835 <strong>High Ra \/ CRI Ring Light LED PCB Board<\/strong><\/div>","protected":false},"featured_media":735,"template":"","meta":{"site-sidebar-layout":"default","site-content-layout":"","ast-site-content-layout":"default","site-content-style":"default","site-sidebar-style":"default","ast-global-header-display":"","ast-banner-title-visibility":"","ast-main-header-display":"","ast-hfb-above-header-display":"","ast-hfb-below-header-display":"","ast-hfb-mobile-header-display":"","site-post-title":"","ast-breadcrumbs-content":"","ast-featured-img":"","footer-sml-layout":"","ast-disable-related-posts":"","theme-transparent-header-meta":"default","adv-header-id-meta":"","stick-header-meta":"","header-above-stick-meta":"","header-main-stick-meta":"","header-below-stick-meta":"","astra-migrate-meta-layouts":"set","ast-page-background-enabled":"default","ast-page-background-meta":{"desktop":{"background-color":"var(--ast-global-color-5)","background-image":"","background-repeat":"repeat","background-position":"center center","background-size":"auto","background-attachment":"scroll","background-type":"","background-media":"","overlay-type":"","overlay-color":"","overlay-opacity":"","overlay-gradient":""},"tablet":{"background-color":"","background-image":"","background-repeat":"repeat","background-position":"center center","background-size":"auto","background-attachment":"scroll","background-type":"","background-media":"","overlay-type":"","overlay-color":"","overlay-opacity":"","overlay-gradient":""},"mobile":{"background-color":"","background-image":"","background-repeat":"repeat","background-position":"center center","background-size":"auto","background-attachment":"scroll","background-type":"","background-media":"","overlay-type":"","overlay-color":"","overlay-opacity":"","overlay-gradient":""}},"ast-content-background-meta":{"desktop":{"background-color":"var(--ast-global-color-4)","background-image":"","background-repeat":"repeat","background-position":"center center","background-size":"auto","background-attachment":"scroll","background-type":"","background-media":"","overlay-type":"","overlay-color":"","overlay-opacity":"","overlay-gradient":""},"tablet":{"background-color":"var(--ast-global-color-4)","background-image":"","background-repeat":"repeat","background-position":"center center","background-size":"auto","background-attachment":"scroll","background-type":"","background-media":"","overlay-type":"","overlay-color":"","overlay-opacity":"","overlay-gradient":""},"mobile":{"background-color":"var(--ast-global-color-4)","background-image":"","background-repeat":"repeat","background-position":"center center","background-size":"auto","background-attachment":"scroll","background-type":"","background-media":"","overlay-type":"","overlay-color":"","overlay-opacity":"","overlay-gradient":""}}},"product_brand":[],"product_cat":[40,74],"product_tag":[48,54],"class_list":{"0":"post-1198","1":"product","2":"type-product","3":"status-publish","4":"has-post-thumbnail","6":"product_cat-smd-2835","7":"product_cat-bi-color","8":"product_tag-48","9":"product_tag-bi-color-white-yellow-leds","10":"desktop-align-left","11":"tablet-align-left","12":"mobile-align-left","14":"first","15":"instock","16":"shipping-taxable","17":"product-type-simple"},"_links":{"self":[{"href":"https:\/\/jjled.com\/es\/wp-json\/wp\/v2\/product\/1198","targetHints":{"allow":["GET"]}}],"collection":[{"href":"https:\/\/jjled.com\/es\/wp-json\/wp\/v2\/product"}],"about":[{"href":"https:\/\/jjled.com\/es\/wp-json\/wp\/v2\/types\/product"}],"version-history":[{"count":1,"href":"https:\/\/jjled.com\/es\/wp-json\/wp\/v2\/product\/1198\/revisions"}],"predecessor-version":[{"id":1199,"href":"https:\/\/jjled.com\/es\/wp-json\/wp\/v2\/product\/1198\/revisions\/1199"}],"wp:featuredmedia":[{"embeddable":true,"href":"https:\/\/jjled.com\/es\/wp-json\/wp\/v2\/media\/735"}],"wp:attachment":[{"href":"https:\/\/jjled.com\/es\/wp-json\/wp\/v2\/media?parent=1198"}],"wp:term":[{"taxonomy":"product_brand","embeddable":true,"href":"https:\/\/jjled.com\/es\/wp-json\/wp\/v2\/product_brand?post=1198"},{"taxonomy":"product_cat","embeddable":true,"href":"https:\/\/jjled.com\/es\/wp-json\/wp\/v2\/product_cat?post=1198"},{"taxonomy":"product_tag","embeddable":true,"href":"https:\/\/jjled.com\/es\/wp-json\/wp\/v2\/product_tag?post=1198"}],"curies":[{"name":"wp","href":"https:\/\/api.w.org\/{rel}","templated":true}]}}