{"id":1260,"date":"2026-01-19T10:51:33","date_gmt":"2026-01-19T02:51:33","guid":{"rendered":"https:\/\/jjled.com\/?post_type=product&#038;p=1260"},"modified":"2026-01-19T10:59:12","modified_gmt":"2026-01-19T02:59:12","slug":"pcb-assembly-services","status":"publish","type":"product","link":"https:\/\/jjled.com\/es\/product\/pcb-assembly-services\/","title":{"rendered":"Servicios profesionales de montaje de PCB en China, r\u00e1pida entrega, alta calidad"},"content":{"rendered":"<h2>Introducci\u00f3n a los Servicios de Montaje de PCB<\/h2>\n<p>\u00bfQu\u00e9 es exactamente <strong>el montaje de PCB<\/strong>? En pocas palabras, es el proceso crucial de colocar componentes electr\u00f3nicos en una placa de circuito impreso (PCB) para crear un dispositivo electr\u00f3nico completamente funcional. Desde resistencias diminutas hasta chips LED, cada parte debe colocarse y soldarse con precisi\u00f3n para garantizar que su producto funcione a la perfecci\u00f3n.<\/p>\n<p>\u00bfPor qu\u00e9 es tan importante el montaje profesional de PCB? En la fabricaci\u00f3n de electr\u00f3nica, un montaje de calidad impacta en el rendimiento, la fiabilidad y la duraci\u00f3n. Una soldadura deficiente o componentes mal alineados pueden provocar fallos costosos, retrasos y insatisfacci\u00f3n del cliente. Por eso, trabajar con servicios de montaje de PCB experimentados garantiza que su proyecto cumpla con los m\u00e1s altos est\u00e1ndares.<\/p>\n<p>Cuando se trata de <strong>Montaje de PCB LED<\/strong>, Espa\u00f1a ha evolucionado como un centro global, ofreciendo soluciones de primera calidad nacidas de a\u00f1os de experiencia y tecnolog\u00eda avanzada. Como su fabricante y proveedor de montaje de PCB LED de confianza, los Servicios de Montaje de PCB LED en Espa\u00f1a ofrecen soluciones personalizadas y rentables adaptadas a diversas industrias, desde iluminaci\u00f3n hasta automoci\u00f3n y electr\u00f3nica de consumo.<\/p>\n<p>Ya sea que busque montaje de prototipos o producci\u00f3n en masa, el montaje profesional de PCB garantiza que cada placa cumpla con sus necesidades exactas, ayud\u00e1ndole a llevar su innovaci\u00f3n al mercado de manera fluida y segura.<\/p>\n<h2>Nuestras Capacidades de Montaje de PCB<\/h2>\n<p><img decoding=\"async\" src=\"https:\/\/pub-36eea33d6f1540d281c285671ffb8664.r2.dev\/2026\/01\/19\/Comprehensive_PCB_Assembly_Services_Solutions_RBZt.webp\" alt=\"Soluciones integrales de servicios de ensamblaje de PCB\" \/><\/p>\n<p>Ofrecemos una gama completa de <strong>Servicios de ensamblaje de PCB<\/strong> dise\u00f1adas para satisfacer diversas necesidades, desde lotes de prototipos hasta producci\u00f3n en volumen alto. Nuestra experiencia abarca:<\/p>\n<ul>\n<li><strong>Montaje SMT (Tecnolog\u00eda de Montaje en Superficie)<\/strong>: Colocaci\u00f3n eficiente y precisa de componentes diminutos directamente en la superficie de la PCB, ideal para electr\u00f3nica moderna que requiere un dise\u00f1o compacto y alto rendimiento.<\/li>\n<li><strong>Montaje por orificio pasante<\/strong>: M\u00e9todo tradicional de montaje de componentes con patas insertadas en orificios preperforados. Es perfecto para componentes que necesitan mayor resistencia mec\u00e1nica o mayor capacidad de corriente.<\/li>\n<li><strong>Montaje mixto de PCB (SMT + Orificio pasante)<\/strong>: Combinando ambas t\u00e9cnicas en la misma placa para dise\u00f1os complejos, ofreci\u00e9ndole lo mejor de ambos mundos.<\/li>\n<li><strong>Montaje de PCB de un lado vs. de doble cara<\/strong>: Ya sea que su proyecto requiera componentes en un lado o en ambos, manejamos ambos tipos de montaje con precisi\u00f3n y consistencia.<\/li>\n<\/ul>\n<p>Estamos preparados para gestionar pedidos que van desde <strong>peque\u00f1as producciones en lotes a producci\u00f3n a gran escala<\/strong>, asegurando flexibilidad y escalabilidad alineadas con tus necesidades.<\/p>\n<p>Nuestra soluci\u00f3n personalizada <strong>de ensamblaje de PCB LED<\/strong> sirve a una variedad de industrias, incluyendo:<\/p>\n<ul>\n<li><strong>Iluminaci\u00f3n<\/strong>: M\u00f3dulos LED de alta eficiencia dise\u00f1ados para brillo y durabilidad.<\/li>\n<li><strong>Automoci\u00f3n<\/strong>: PCBs resistentes construidos para soportar entornos dif\u00edciles.<\/li>\n<li><strong>Industrial<\/strong>: PCBs confiables para maquinaria y controles de uso intensivo.<\/li>\n<li><strong>Electr\u00f3nica de consumo<\/strong>: Ensambles compactos y de calidad para gadgets y dispositivos dom\u00e9sticos.<\/li>\n<\/ul>\n<p>A trav\u00e9s de procesos optimizados y equipos avanzados, entregamos ensamblajes de primera calidad que cumplen con las demandas de la industria. Para una visi\u00f3n m\u00e1s detallada de nuestras capacidades centradas en PCB LED, consulta nuestro completo <a href=\"https:\/\/jjled.com\/es\/led-pcb-assembly-services\/\">ensamblaje de PCB LED<\/a>.<\/p>\n<h2>Abastecimiento y Gesti\u00f3n de Componentes<\/h2>\n<p>Un abastecimiento confiable de componentes es clave para servicios de ensamblaje de PCB sin problemas. Mantenemos una red s\u00f3lida y confiable de proveedores para garantizar que todas las piezas lleguen a tiempo y cumplan con los est\u00e1ndares de calidad. Ya sea que proporciones tus propias piezas o que necesites que gestionemos la adquisici\u00f3n, ofrecemos manejo flexible de componentes suministrados por el cliente mediante opciones de kit y consignaci\u00f3n.<\/p>\n<p>Nuestro inventario incluye una amplia gama de componentes LED, adem\u00e1s de componentes pasivos y activos relacionados, lo que nos convierte en una opci\u00f3n preferida para ensamblaje personalizado de PCB LED. Seguimos estrictamente pr\u00e1cticas de ensamblaje conformes a RoHS y libres de plomo, asegurando que tus productos cumplan con los est\u00e1ndares ambientales globales.<\/p>\n<p>Para necesidades especializadas, como placas de control de luz LED o placas de PCB LED de alta calidad en anillo, nuestras capacidades de abastecimiento mantienen stock listo para apoyar los requisitos de tu proyecto. Este enfoque nos ayuda a ofrecer servicios de ensamblaje electr\u00f3nico de PCB sin sorpresas, retrasos o compromisos en la calidad.<\/p>\n<h2>Flujo del proceso de ensamblaje de PCB<\/h2>\n<p>Nuestro proceso de ensamblaje de PCB comienza con un detallado <strong>solicitud de presupuesto y consulta de proyecto<\/strong> para comprender sus necesidades y objetivos espec\u00edficos. Luego realizamos un exhaustivo <strong>revisi\u00f3n de Dise\u00f1o para Fabricaci\u00f3n (DFM)<\/strong>, proporcionando retroalimentaci\u00f3n para optimizar el dise\u00f1o de su PCB para un montaje m\u00e1s fluido y una mayor fiabilidad.<\/p>\n<p>Una vez aprobados los dise\u00f1os, nos encargamos de la <strong>adquisici\u00f3n y gesti\u00f3n de inventario<\/strong>, obteniendo componentes de alta calidad de proveedores de confianza o incorporando sus piezas suministradas por el cliente a trav\u00e9s de un cuidadoso kitting y consignaci\u00f3n. Despu\u00e9s de organizar los materiales, el equipo de producci\u00f3n prepara la <strong>configuraci\u00f3n de la l\u00ednea de montaje<\/strong> adaptada para la soldadura de PCB SMT (Tecnolog\u00eda de Montaje Superficial) o de orificio pasante, seg\u00fan los requisitos de su proyecto.<\/p>\n<p>Utilizamos avanzados <strong>soldadura por reflujo<\/strong> para componentes SMT y <strong>soldadura por ola<\/strong> para piezas de orificio pasante, asegurando uniones de soldadura precisas y duraderas. Nuestro proceso incluye m\u00faltiples etapas de inspecci\u00f3n, incluyendo <strong>Inspecci\u00f3n \u00d3ptica Automatizada (AOI)<\/strong>, <strong>an\u00e1lisis de rayos X<\/strong> para uniones de soldadura ocultas, y una exhaustiva <strong>prueba funcional<\/strong> para confirmar el funcionamiento completo de su producto terminado.<\/p>\n<p>Finalmente, nos centramos en un embalaje y una <strong>entrega seguros<\/strong>, asegur\u00e1ndonos de que sus PCB ensambladas le lleguen en perfectas condiciones, listas para su integraci\u00f3n o env\u00edo. Este flujo de trabajo detallado y cuidadoso garantiza servicios de ensamblaje de PCB electr\u00f3nicos eficientes y fiables para sus proyectos.<\/p>\n<p>Para detalles y opciones avanzadas de ensamblaje SMT, consulta nuestros <a href=\"https:\/\/jjled.com\/es\/smt-assembly-china\/\">servicios de ensamblaje SMT en China<\/a>.<\/p>\n<h2>Aseguramiento de calidad y certificaciones<\/h2>\n<p>Nos tomamos la calidad en serio en cada paso de nuestro proceso de ensamblaje de placas de circuito impreso. Nuestros servicios de ensamblaje de PCB cumplen con est\u00e1ndares internacionales como ISO 9001 y IPC-A-610 para garantizar que cada producto cumpla con estrictos criterios de calidad. Estas certificaciones demuestran nuestro compromiso con la fabricaci\u00f3n de electr\u00f3nica confiable y duradera.<\/p>\n<p>Para garantizar un rendimiento de primera, aplicamos m\u00faltiples m\u00e9todos de prueba, incluyendo inspecci\u00f3n \u00f3ptica autom\u00e1tica (AOI), pruebas con rayos X y pruebas funcionales. Nuestro laboratorio interno de control de calidad nos permite detectar cualquier problema temprano, asegurando que los resultados de ensamblaje y prueba de tu PCB superen las expectativas.<\/p>\n<p>Antes de la entrega, cada placa pasa por una inspecci\u00f3n final exhaustiva para confirmar la calidad de la soldadura, la precisi\u00f3n en la colocaci\u00f3n de componentes y el funcionamiento general. Adem\u00e1s, respaldamos nuestro trabajo con s\u00f3lidas opciones de garant\u00eda y soporte postventa receptivo para brindarte tranquilidad con cada pedido.<\/p>\n<p>Para clientes que buscan un ensamblaje de PCB coherente, conforme a RoHS, y con una s\u00f3lida garant\u00eda de calidad, nuestros servicios destacan como una opci\u00f3n confiable.<\/p>\n<h2>\u00bfPor qu\u00e9 elegir los servicios de ensamblaje de PCB LED en China?<\/h2>\n<p><img decoding=\"async\" src=\"https:\/\/pub-36eea33d6f1540d281c285671ffb8664.r2.dev\/2026\/01\/19\/China_LED_PCB_Assembly_Services_Benefits_XTeoe4bZh.webp\" alt=\"Beneficios de los Servicios de Ensamblaje de PCB LED en China\" \/><\/p>\n<p>Elegir un fabricante confiable de ensamblaje de PCB LED puede marcar la diferencia. Aqu\u00ed te contamos por qu\u00e9 nuestros servicios de ensamblaje de PCB LED en China destacan:<\/p>\n<table>\n<thead>\n<tr>\n<th>Caracter\u00edstica<\/th>\n<th>Beneficio<\/th>\n<\/tr>\n<\/thead>\n<tbody>\n<tr>\n<td><strong>Experiencia en ensamblaje de PCB LED<\/strong><\/td>\n<td>A\u00f1os de experiencia en la fabricaci\u00f3n de PCB LED de alta calidad adaptados a diversas aplicaciones, incluyendo soluciones personalizadas de ensamblaje de PCB LED.<\/td>\n<\/tr>\n<tr>\n<td><strong>Precios competitivos<\/strong><\/td>\n<td>Fabricaci\u00f3n rentable sin sacrificar calidad, ideal tanto para peque\u00f1as series como para producci\u00f3n en masa.<\/td>\n<\/tr>\n<tr>\n<td><strong>MOQ flexible<\/strong><\/td>\n<td>Acomodamos cantidades m\u00ednimas de pedido que se ajustan tanto a startups como a empresas establecidas.<\/td>\n<\/tr>\n<tr>\n<td><strong>Tiempos de entrega r\u00e1pidos<\/strong><\/td>\n<td>Flujos de trabajo eficientes aseguran que el ensamblaje de tu placa de circuito impreso llegue a tiempo, siempre.<\/td>\n<\/tr>\n<tr>\n<td><strong>Garant\u00eda de entrega a tiempo<\/strong><\/td>\n<td>Env\u00edos puntuales respaldados por una cadena de suministro confiable para minimizar retrasos en tu proyecto.<\/td>\n<\/tr>\n<tr>\n<td><strong>Atenci\u00f3n al cliente dedicada<\/strong><\/td>\n<td>Soporte receptivo y asesoramiento t\u00e9cnico para guiarte desde el dise\u00f1o hasta la entrega.<\/td>\n<\/tr>\n<tr>\n<td><strong>Equipamiento avanzado de ensamblaje<\/strong><\/td>\n<td>L\u00edneas de montaje de PCB SMT de \u00faltima generaci\u00f3n, soldadura por ola y tecnolog\u00eda de inspecci\u00f3n garantizan una calidad superior en el ensamblaje de PCBA.<\/td>\n<\/tr>\n<\/tbody>\n<\/table>\n<p>Nuestras capacidades integrales en ensamblaje de PCB SMT y servicio de ensamblaje de PCB de orificio pasante nos permiten satisfacer las diversas necesidades de la industria electr\u00f3nica. Esta combinaci\u00f3n de experiencia, precios y servicio hace que los servicios de ensamblaje de PCB LED en Espa\u00f1a sean su socio de confianza para todas sus necesidades de ensamblaje electr\u00f3nico de PCB.<\/p>\n<p>Para aplicaciones de iluminaci\u00f3n especializadas, explore c\u00f3mo nuestras <a href=\"https:\/\/jjled.com\/es\/custom-high-power-aluminum-led-pcb\/\">placa de aluminio para LED de alta potencia personalizada<\/a> soluciones se integran perfectamente con ensamblaje experto.<\/p>\n<h2>C\u00f3mo obtener una cotizaci\u00f3n para servicios de ensamblaje de PCB<\/h2>\n<p>Obtener una cotizaci\u00f3n clara para sus necesidades de ensamblaje de PCB significa proporcionar la informaci\u00f3n correcta desde el principio. Esto es lo que generalmente necesitar\u00e1 para una estimaci\u00f3n precisa:<\/p>\n<ul>\n<li><strong>BOM (Lista de Materiales):<\/strong> Una lista detallada de todos los componentes que desea ensamblar.<\/li>\n<li><strong>Archivos Gerber:<\/strong> Archivos precisos de dise\u00f1o de PCB utilizados para la fabricaci\u00f3n.<\/li>\n<li><strong>Dibujos de ensamblaje:<\/strong> Instrucciones que muestran la colocaci\u00f3n de componentes y notas especiales.<\/li>\n<\/ul>\n<h3>Env\u00edo de su consulta: Paso a paso<\/h3>\n<ol>\n<li><strong>Prepare sus archivos:<\/strong> Re\u00fana su BOM, archivos Gerber y dibujos de ensamblaje.<\/li>\n<li><strong>Proporcione detalles del pedido:<\/strong> Especifique cantidades, tipo de ensamblaje de PCB (SMT, orificio pasante o mixto) y cualquier solicitud especial.<\/li>\n<li><strong>Env\u00ede al proveedor:<\/strong> Utilice el formulario de solicitud de cotizaci\u00f3n en l\u00ednea o el correo electr\u00f3nico directo para la presentaci\u00f3n.<\/li>\n<li><strong>Aclare y confirme:<\/strong> Prep\u00e1rese para responder preguntas de seguimiento para la optimizaci\u00f3n del ensamblaje.<\/li>\n<\/ol>\n<h3>Modelos de precios a esperar<\/h3>\n<table>\n<thead>\n<tr>\n<th>Elemento de precio<\/th>\n<th>Descripci\u00f3n<\/th>\n<\/tr>\n<\/thead>\n<tbody>\n<tr>\n<td>Costo por unidad<\/td>\n<td>Precio por PCB ensamblado, var\u00eda seg\u00fan la complejidad y volumen.<\/td>\n<\/tr>\n<tr>\n<td>Tarifas de configuraci\u00f3n<\/td>\n<td>Cargos \u00fanicos por configuraci\u00f3n de l\u00ednea y herramientas.<\/td>\n<\/tr>\n<tr>\n<td>Descuentos por volumen<\/td>\n<td>Precios reducidos para pedidos en masa o negocios recurrentes.<\/td>\n<\/tr>\n<\/tbody>\n<\/table>\n<h3>Tiempo de entrega y opciones aceleradas<\/h3>\n<ul>\n<li><strong>Tiempos de entrega est\u00e1ndar:<\/strong> Por lo general, van desde unos d\u00edas para prototipos hasta varias semanas para producci\u00f3n en masa.<\/li>\n<li><strong>Servicios expr\u00e9s:<\/strong> Disponibles para trabajos urgentes con tarifas adicionales.<\/li>\n<li><strong>Flexibilidad en lotes:<\/strong> Opciones para vol\u00famenes bajos hasta producciones a gran escala.<\/li>\n<\/ul>\n<p>Proporcionar todos los documentos necesarios claramente acelerar\u00e1 su cotizaci\u00f3n y garantizar\u00e1 que el servicio de ensamblaje de PCB cumpla con sus necesidades exactas. Para PCBs LED especializadas, consulte ejemplos de <a href=\"https:\/\/jjled.com\/es\/led-pcb-fabrication-manufacturer\/\">ensamblaje personalizado de PCB LED<\/a> para ayudar a preparar su consulta.<\/p>\n<h2>Preguntas frecuentes y resoluci\u00f3n de problemas para el ensamblaje de PCB<\/h2>\n<p>Al trabajar con servicios de ensamblaje de PCB, es natural tener preguntas sobre el proceso y c\u00f3mo evitar errores comunes. Aqu\u00ed encontrar\u00e1 respuestas a consultas frecuentes y consejos para mantener su proyecto en marcha sin problemas.<\/p>\n<h3>Preguntas frecuentes sobre ensamblaje de PCB y proceso de pedido<\/h3>\n<ul>\n<li>\n<h3>\u00bfQu\u00e9 materiales aceptan para el ensamblaje?<\/h3>\n<p>Manejamos placas hechas con FR4 est\u00e1ndar, aluminio para PCBs de LED y otros sustratos comunes.<\/li>\n<li>\n<h3>\u00bfPuedo proporcionar mis propios componentes?<\/h3>\n<p>S\u00ed, apoyamos componentes suministrados por el cliente y ofrecemos servicios de kit de componentes y gesti\u00f3n de consignaciones para agilizar su producci\u00f3n.<\/li>\n<li>\n<h3>\u00bfCu\u00e1l es el tiempo de entrega t\u00edpico?<\/h3>\n<p>Los tiempos de entrega var\u00edan seg\u00fan el tama\u00f1o y la complejidad del pedido, pero proporcionamos plazos claros desde el principio, incluyendo opciones aceleradas si es necesario.<\/li>\n<li>\n<h3>\u00bfOfrecen ensamblaje de PCB compatible con RoHS?<\/h3>\n<p>Por supuesto. Seguimos estrictas normas RoHS y utilizamos procesos de soldadura sin plomo para garantizar que sus PCBs cumplan con las regulaciones ambientales.<\/li>\n<\/ul>\n<h3>Consejos de dise\u00f1o para evitar problemas de ensamblaje<\/h3>\n<p>Un buen dise\u00f1o previene retrasos y costos adicionales. Esto es lo que debe tener en cuenta:<\/p>\n<ul>\n<li><strong>Huella clara:<\/strong> Utilice patrones de tierra precisos seg\u00fan los est\u00e1ndares IPC para componentes SMT y de orificio pasante.<\/li>\n<li><strong>Espaciado de componentes:<\/strong> Mantenga suficiente separaci\u00f3n para evitar puentes de soldadura y facilitar la inspecci\u00f3n.<\/li>\n<li><strong>Claridad en la serigraf\u00eda:<\/strong> Marque los componentes de manera inequ\u00edvoca para facilitar el ensamblaje y las pruebas.<\/li>\n<li><strong>Puntos de prueba:<\/strong> Incluya puntos de prueba accesibles para pruebas funcionales despu\u00e9s del ensamblaje.<\/li>\n<li><strong>Estructura de capas:<\/strong> Elija las capas de PCB adecuadas para equilibrar la integridad de la se\u00f1al con la manufacturabilidad.<\/li>\n<\/ul>\n<p>Aplicar estas directrices ayuda a reducir errores y acelera el proceso de inspecci\u00f3n.<\/p>\n<h3>Informaci\u00f3n de Env\u00edo y Log\u00edstica<\/h3>\n<p>Entendemos que la entrega oportuna es crucial para su calendario de producci\u00f3n. Esto es lo que puede esperar:<\/p>\n<ul>\n<li><strong>Embalaje:<\/strong> Las PCBs terminadas se embalan de manera segura para prevenir da\u00f1os durante el tr\u00e1nsito.<\/li>\n<li><strong>Env\u00edo global:<\/strong> Ofrecemos opciones de env\u00edo internacional confiables con seguimiento para pedidos enviados fuera de Espa\u00f1a.<\/li>\n<li><strong>Soporte aduanero:<\/strong> Se proporciona la documentaci\u00f3n necesaria para garantizar un despacho aduanero sin problemas.<\/li>\n<li><strong>Socios log\u00edsticos:<\/strong> Colaboramos con transportistas de confianza para minimizar retrasos.<\/li>\n<\/ul>\n<p>Al combinar una comunicaci\u00f3n clara y una log\u00edstica eficiente, aseguramos que sus PCBs ensambladas lleguen a tiempo y en perfectas condiciones.<\/p>\n<p>Para aplicaciones espec\u00edficas de PCB para LED, consulte nuestro detallado <a href=\"https:\/\/jjled.com\/es\/led-module-pcb\/\">soluciones de PCB para m\u00f3dulos LED<\/a> para entender c\u00f3mo integramos servicios de fabricaci\u00f3n y ensamblaje adaptados a productos de iluminaci\u00f3n.<\/p>\n<h2>Estudios de Caso y Testimonios de Clientes<\/h2>\n<p>A lo largo de los a\u00f1os, hemos entregado con \u00e9xito una amplia gama de proyectos de ensamblaje de PCB para LED, satisfaciendo las demandas \u00fanicas de clientes en iluminaci\u00f3n, automoci\u00f3n y electr\u00f3nica de consumo en todo el mundo. Nuestro portafolio incluye ensamblajes personalizados de PCB para LED con integraciones complejas de SMT y orificio pasante, demostrando tanto nuestra experiencia t\u00e9cnica como nuestra capacidad de fabricaci\u00f3n flexible.<\/p>\n<p>Los clientes valoran nuestra coordinaci\u00f3n fluida desde el prototipo hasta la producci\u00f3n completa, especialmente en lo que respecta a pruebas el\u00e9ctricas y aseguramiento de la calidad. Por ejemplo, un proyecto reciente implic\u00f3 la producci\u00f3n de PCBs para LED de alto CRI para iluminaci\u00f3n profesional de fotograf\u00eda, donde la precisi\u00f3n del color y la fiabilidad eran cr\u00edticas. Ofrecimos soluciones a medida y entregamos a tiempo, resultando en un cliente satisfecho con pedidos continuos.<\/p>\n<p>Otro ejemplo presenta ensamblaje de PCB de bajo volumen para iluminaci\u00f3n de paneles de automoci\u00f3n. El cliente destac\u00f3 nuestro r\u00e1pido tiempo de respuesta, procesos de inspecci\u00f3n exhaustivos como AOI y rayos X, y una fuente de componentes constante. Los comentarios de estos proyectos suelen elogiar nuestro enfoque profesional en el ensamblaje y prueba de PCBs, asegurando productos finales duraderos y conformes a RoHS.<\/p>\n<p>Estas historias de \u00e9xito refuerzan por qu\u00e9 somos un fabricante preferido de ensamblaje de PCB LED. Si quieres ver ejemplos de nuestras soluciones personalizadas, consulta opciones especializadas como las <a href=\"https:\/\/jjled.com\/es\/custom-high-cri-2835-led-round-pcb-board\/\">placa de circuito impreso LED redonda personalizada de alto CRI 2835<\/a> o explora nuestros detallados proyectos de ensamblaje de LED en PCB RGB para entender la precisi\u00f3n y el cuidado invertido en cada unidad.<\/p>\n<p>Nuestros clientes en todo el mundo conf\u00edan en nosotros no solo por la calidad, sino tambi\u00e9n por una comunicaci\u00f3n y soporte confiables durante todo el proceso de ensamblaje de PCB. Sus testimonios nos inspiran a mantener altos est\u00e1ndares en servicios de ensamblaje electr\u00f3nico de PCB, ya sea para trabajos de prototipos en peque\u00f1as cantidades o producciones a gran escala llave en mano.<\/p>\n<h2>Cont\u00e1ctanos para Servicios de Ensamblaje de PCB<\/h2>\n<p>Si est\u00e1s listo para comenzar tu pr\u00f3ximo proyecto o deseas obtener una cotizaci\u00f3n detallada para servicios de ensamblaje de PCB, estamos aqu\u00ed para ayudarte. Puedes contactarnos directamente por tel\u00e9fono o correo electr\u00f3nico para respuestas r\u00e1pidas a tus preguntas sobre nuestras capacidades de ensamblaje y prueba de PCB. Para tu comodidad, tambi\u00e9n ofrecemos un formulario de solicitud de cotizaci\u00f3n en l\u00ednea f\u00e1cil de usar, donde puedes enviar tu BOM, archivos Gerber y dibujos de ensamblaje para obtener una estimaci\u00f3n precisa.<\/p>\n<p>Nuestra instalaci\u00f3n de fabricaci\u00f3n est\u00e1 ubicada en China, pero atendemos con orgullo a clientes en toda Espa\u00f1a y en todo el mundo, con opciones de env\u00edo global confiables para asegurar que tu pedido llegue a tiempo y en perfectas condiciones. Ya sea que necesites ensamblaje de PCB en vol\u00famenes bajos o producciones a gran escala, nuestro equipo est\u00e1 listo para apoyar tu proyecto en cada paso del camino.<\/p>\n<p>Encuentra soluciones especializadas y comun\u00edcate a trav\u00e9s de nuestro <a href=\"https:\/\/jjled.com\/es\/contact\/\">p\u00e1gina de contacto<\/a>, o explora nuestra gama de productos LED de alta calidad y opciones de ensamblaje de PCB personalizadas para ver c\u00f3mo podemos satisfacer tus necesidades.<\/p>\n<div id=\"references\" class=\"min-w-0 scroll-mt-8 overflow-hidden\">\n<div class=\"flex flex-col gap-2 text-sm leading-relaxed\"><\/div>\n<\/div>","protected":false},"excerpt":{"rendered":"<p>Servicios profesionales de ensamblaje de PCB que ofrecen ensamblaje SMT y de orificio pasante, soluciones personalizadas de LED, aseguramiento de calidad y entrega r\u00e1pida a nivel mundial.<\/p>","protected":false},"featured_media":1259,"template":"","meta":{"site-sidebar-layout":"default","site-content-layout":"","ast-site-content-layout":"default","site-content-style":"default","site-sidebar-style":"default","ast-global-header-display":"","ast-banner-title-visibility":"","ast-main-header-display":"","ast-hfb-above-header-display":"","ast-hfb-below-header-display":"","ast-hfb-mobile-header-display":"","site-post-title":"","ast-breadcrumbs-content":"","ast-featured-img":"","footer-sml-layout":"","ast-disable-related-posts":"","theme-transparent-header-meta":"default","adv-header-id-meta":"","stick-header-meta":"","header-above-stick-meta":"","header-main-stick-meta":"","header-below-stick-meta":"","astra-migrate-meta-layouts":"set","ast-page-background-enabled":"default","ast-page-background-meta":{"desktop":{"background-color":"var(--ast-global-color-5)","background-image":"","background-repeat":"repeat","background-position":"center center","background-size":"auto","background-attachment":"scroll","background-type":"","background-media":"","overlay-type":"","overlay-color":"","overlay-opacity":"","overlay-gradient":""},"tablet":{"background-color":"","background-image":"","background-repeat":"repeat","background-position":"center center","background-size":"auto","background-attachment":"scroll","background-type":"","background-media":"","overlay-type":"","overlay-color":"","overlay-opacity":"","overlay-gradient":""},"mobile":{"background-color":"","background-image":"","background-repeat":"repeat","background-position":"center center","background-size":"auto","background-attachment":"scroll","background-type":"","background-media":"","overlay-type":"","overlay-color":"","overlay-opacity":"","overlay-gradient":""}},"ast-content-background-meta":{"desktop":{"background-color":"var(--ast-global-color-4)","background-image":"","background-repeat":"repeat","background-position":"center center","background-size":"auto","background-attachment":"scroll","background-type":"","background-media":"","overlay-type":"","overlay-color":"","overlay-opacity":"","overlay-gradient":""},"tablet":{"background-color":"var(--ast-global-color-4)","background-image":"","background-repeat":"repeat","background-position":"center center","background-size":"auto","background-attachment":"scroll","background-type":"","background-media":"","overlay-type":"","overlay-color":"","overlay-opacity":"","overlay-gradient":""},"mobile":{"background-color":"var(--ast-global-color-4)","background-image":"","background-repeat":"repeat","background-position":"center center","background-size":"auto","background-attachment":"scroll","background-type":"","background-media":"","overlay-type":"","overlay-color":"","overlay-opacity":"","overlay-gradient":""}}},"product_brand":[],"product_cat":[40],"product_tag":[],"class_list":{"0":"post-1260","1":"product","2":"type-product","3":"status-publish","4":"has-post-thumbnail","6":"product_cat-smd-2835","7":"desktop-align-left","8":"tablet-align-left","9":"mobile-align-left","11":"first","12":"instock","13":"shipping-taxable","14":"purchasable","15":"product-type-simple"},"_links":{"self":[{"href":"https:\/\/jjled.com\/es\/wp-json\/wp\/v2\/product\/1260","targetHints":{"allow":["GET"]}}],"collection":[{"href":"https:\/\/jjled.com\/es\/wp-json\/wp\/v2\/product"}],"about":[{"href":"https:\/\/jjled.com\/es\/wp-json\/wp\/v2\/types\/product"}],"version-history":[{"count":1,"href":"https:\/\/jjled.com\/es\/wp-json\/wp\/v2\/product\/1260\/revisions"}],"predecessor-version":[{"id":1261,"href":"https:\/\/jjled.com\/es\/wp-json\/wp\/v2\/product\/1260\/revisions\/1261"}],"wp:featuredmedia":[{"embeddable":true,"href":"https:\/\/jjled.com\/es\/wp-json\/wp\/v2\/media\/1259"}],"wp:attachment":[{"href":"https:\/\/jjled.com\/es\/wp-json\/wp\/v2\/media?parent=1260"}],"wp:term":[{"taxonomy":"product_brand","embeddable":true,"href":"https:\/\/jjled.com\/es\/wp-json\/wp\/v2\/product_brand?post=1260"},{"taxonomy":"product_cat","embeddable":true,"href":"https:\/\/jjled.com\/es\/wp-json\/wp\/v2\/product_cat?post=1260"},{"taxonomy":"product_tag","embeddable":true,"href":"https:\/\/jjled.com\/es\/wp-json\/wp\/v2\/product_tag?post=1260"}],"curies":[{"name":"wp","href":"https:\/\/api.w.org\/{rel}","templated":true}]}}