{"id":1224,"date":"2026-01-04T16:33:08","date_gmt":"2026-01-04T08:33:08","guid":{"rendered":"https:\/\/jjled.com\/?page_id=1224"},"modified":"2026-01-04T16:33:08","modified_gmt":"2026-01-04T08:33:08","slug":"home","status":"publish","type":"page","link":"https:\/\/jjled.com\/fr\/home\/","title":{"rendered":"Accueil"},"content":{"rendered":"<ul>\n<li>WhatsApp : (+44) 751-629-4352<\/li>\n<li>Lun \u2192 Sam : 9h-19h<\/li>\n<li>Email : led@jjled.com<\/li>\n<\/ul>\n<p><img fetchpriority=\"high\" decoding=\"async\" src=\"https:\/\/jjled.com\/wp-content\/uploads\/2025\/07\/JJ\u6676\u4f73LOGO.png\" sizes=\"(max-width: 635px) 100vw, 635px\" srcset=\"https:\/\/jjled.com\/wp-content\/uploads\/2025\/07\/JJ\u6676\u4f73LOGO.png 635w, https:\/\/jjled.com\/wp-content\/uploads\/2025\/07\/JJ\u6676\u4f73LOGO-300x300.png 300w, https:\/\/jjled.com\/wp-content\/uploads\/2025\/07\/JJ\u6676\u4f73LOGO-600x600.png 600w, https:\/\/jjled.com\/wp-content\/uploads\/2025\/07\/JJ\u6676\u4f73LOGO-100x100.png 100w\" alt=\"fabricant de LED et de PCB\" width=\"635\" height=\"635\" \/><br \/>\n<a role=\"button\"><br \/>\nChattez maintenant<br \/>\n<\/a><\/p>\n<h5>OEM \/ ODM \/ Conception \/ SMT LED<\/h5>\n<h2>Fabricant de PCB LED<\/h2>\n<h2>Conception et production d'accessoires<\/h2>\n<ul>\n<li>Personnalisez pour plus de param\u00e8tres LED<\/li>\n<li>Quantit\u00e9 minimale de commande faible pour la personnalisation<\/li>\n<li>Puissance \/ Tension \/ Taille \/ Longueur d'onde \/ Couleur \/ Angle<\/li>\n<\/ul>\n<p>&nbsp;<\/p>\n<h2>Nos cas<\/h2>\n<figure><img decoding=\"async\" src=\"https:\/\/jjled.com\/wp-content\/uploads\/2025\/07\/Frame-7.png\" alt=\"Carte PCB LED\" \/><\/figure>\n<figure><img decoding=\"async\" src=\"https:\/\/jjled.com\/wp-content\/uploads\/2025\/07\/Frame-10.png\" alt=\"pcba LED 365nm\" \/><\/figure>\n<figure><img decoding=\"async\" src=\"https:\/\/jjled.com\/wp-content\/uploads\/2025\/07\/Frame-2.png\" alt=\"PCB LED blanc chaud\" \/><\/figure>\n<figure><img decoding=\"async\" src=\"https:\/\/jjled.com\/wp-content\/uploads\/2025\/07\/Frame-9.png\" alt=\"Lumi\u00e8re LED verte\" \/><\/figure>\n<figure><img decoding=\"async\" src=\"https:\/\/jjled.com\/wp-content\/uploads\/2025\/07\/Frame-1.png\" alt=\"carte PCB LED \u00e0 lumi\u00e8re de remplissage\" \/><\/figure>\n<figure><img decoding=\"async\" src=\"https:\/\/jjled.com\/wp-content\/uploads\/2025\/07\/Frame-3.png\" alt=\"lampe LED 395nm\" \/><\/figure>\n<figure><img decoding=\"async\" src=\"https:\/\/jjled.com\/wp-content\/uploads\/2025\/07\/Frame-8.png\" alt=\"carte PCB de lumi\u00e8re annulaire LED\" \/><\/figure>\n<figure><img decoding=\"async\" src=\"https:\/\/jjled.com\/wp-content\/uploads\/2025\/07\/Frame-4.png\" alt=\"carte PCB LED bicolore\" \/><\/figure>\n<h2>produits en vedette<\/h2>\n<p>Pour plus de types de produits et de kits LED personnalis\u00e9s, n'h\u00e9sitez pas \u00e0 nous contacter.<br \/>\nEt nous pouvons am\u00e9liorer la production en fonction des \u00e9chantillons de r\u00e9f\u00e9rence ou des dessins que vous fournissez.<\/p>\n<p>Salon de beaut\u00e9<\/p>\n<p>Beaux ongles<\/p>\n<p>\u00c9clairage pour photographie<\/p>\n<p>\u00c9clairage pour appareil photo<\/p>\n<p>\u00c9clairage annulaire<\/p>\n<p><img decoding=\"async\" src=\"https:\/\/jjled.com\/wp-content\/uploads\/2025\/07\/Frame-3.jpg\" sizes=\"(max-width: 300px) 100vw, 300px\" srcset=\"https:\/\/jjled.com\/wp-content\/uploads\/2025\/07\/Frame-3.jpg 300w, https:\/\/jjled.com\/wp-content\/uploads\/2025\/07\/Frame-3-100x100.jpg 100w\" alt=\"\" width=\"300\" height=\"300\" \/><\/p>\n<h5>PCB LED SMD 2835<\/h5>\n<p>880 pi\u00e8ces de LED SMD 2835<br \/>\nFr4 PCB\u00a0\/ 2700K~6000K<br \/>\nLED bicolore \/ RA&gt;98<br \/>\n\u00c9clairage de d\u00e9tection scientifique<\/p>\n<p><a role=\"button\"><br \/>\nCliquez pour obtenir un devis<br \/>\n<\/a><br \/>\n<img decoding=\"async\" src=\"https:\/\/jjled.com\/wp-content\/uploads\/2025\/07\/Frame-1.jpg\" sizes=\"(max-width: 300px) 100vw, 300px\" srcset=\"https:\/\/jjled.com\/wp-content\/uploads\/2025\/07\/Frame-1.jpg 300w, https:\/\/jjled.com\/wp-content\/uploads\/2025\/07\/Frame-1-100x100.jpg 100w\" alt=\"\" width=\"300\" height=\"300\" \/><\/p>\n<h5>PCB LED DIP F5<\/h5>\n<p>PCB LED \u00e0 trou traversant<br \/>\nFr4 \/ 3200K~5600K<br \/>\nLED bicolore \/ RA&gt;98<br \/>\n\u00c9clairage d'appoint pour photographie<\/p>\n<p><a role=\"button\"><br \/>\nCliquez pour obtenir un devis<br \/>\n<\/a><br \/>\n<img loading=\"lazy\" decoding=\"async\" src=\"https:\/\/jjled.com\/wp-content\/uploads\/2025\/07\/Frame-2.jpg\" sizes=\"(max-width: 300px) 100vw, 300px\" srcset=\"https:\/\/jjled.com\/wp-content\/uploads\/2025\/07\/Frame-2.jpg 300w, https:\/\/jjled.com\/wp-content\/uploads\/2025\/07\/Frame-2-100x100.jpg 100w\" alt=\"\" width=\"300\" height=\"300\" \/><\/p>\n<h5>PCB LED SMD 5050<\/h5>\n<p>120pcs LED SMD 5050<br \/>\nCarte PCB Fr4<br \/>\nLED bicolore \/ RA&gt;98 + RVB<br \/>\nLumi\u00e8re de remplissage color\u00e9e<\/p>\n<p><a role=\"button\"><br \/>\nCliquez pour obtenir un devis<br \/>\n<\/a><\/p>\n<p>Inspection visuelle<\/p>\n<p>Lumi\u00e8re de croissance des plantes<\/p>\n<p>Longueur d'onde du biocatalyseur<\/p>\n<p>Instrument scientifique<\/p>\n<p>Lumi\u00e8re pour animal de compagnie escaladant<\/p>\n<p><img loading=\"lazy\" decoding=\"async\" src=\"https:\/\/jjled.com\/wp-content\/uploads\/2025\/07\/Frame-4.jpg\" sizes=\"(max-width: 300px) 100vw, 300px\" srcset=\"https:\/\/jjled.com\/wp-content\/uploads\/2025\/07\/Frame-4.jpg 300w, https:\/\/jjled.com\/wp-content\/uploads\/2025\/07\/Frame-4-100x100.jpg 100w\" alt=\"\" width=\"300\" height=\"300\" \/><\/p>\n<h5>Carte PCB LED 12V 3535<\/h5>\n<p>LED haute puissance 3535<br \/>\nCarte PCBA \/ Driver LED<br \/>\nBase \/ Aluminium \/ Cuivre<br \/>\n12V DC \/ 4*5 W \/ 20W<br \/>\nFeux de voiture de golf<\/p>\n<p><a role=\"button\"><br \/>\nCliquez pour obtenir un devis<br \/>\n<\/a><br \/>\n<img loading=\"lazy\" decoding=\"async\" src=\"https:\/\/jjled.com\/wp-content\/uploads\/2025\/07\/Frame-5.jpg\" sizes=\"(max-width: 300px) 100vw, 300px\" srcset=\"https:\/\/jjled.com\/wp-content\/uploads\/2025\/07\/Frame-5.jpg 300w, https:\/\/jjled.com\/wp-content\/uploads\/2025\/07\/Frame-5-100x100.jpg 100w\" alt=\"\" width=\"300\" height=\"300\" \/><\/p>\n<h5>Carte PCB LED RGB DIP<\/h5>\n<p>Carte PCB LED \u00e0 trou traversant<br \/>\nFournisseurs de drivers LED<br \/>\nCarte LED PCB RGB<br \/>\nModule LED RGB + MCU<br \/>\nLumi\u00e8res color\u00e9es SPA pour baignoire<\/p>\n<p><a role=\"button\"><br \/>\nCliquez pour obtenir un devis<br \/>\n<\/a><br \/>\n<img loading=\"lazy\" decoding=\"async\" src=\"https:\/\/jjled.com\/wp-content\/uploads\/2025\/07\/Frame-6.jpg\" sizes=\"(max-width: 300px) 100vw, 300px\" srcset=\"https:\/\/jjled.com\/wp-content\/uploads\/2025\/07\/Frame-6.jpg 300w, https:\/\/jjled.com\/wp-content\/uploads\/2025\/07\/Frame-6-100x100.jpg 100w\" alt=\"\" width=\"300\" height=\"300\" \/><\/p>\n<h5>SMD 3535 LED PCBA<\/h5>\n<p>Longueur d'onde sp\u00e9ciale<br \/>\nUVA + UVB + Blanc<br \/>\nBase \/ Aluminium \/ Cuivre<br \/>\nDC22V \/ E27<br \/>\nLumi\u00e8re pour animal de compagnie escaladant<\/p>\n<p><a role=\"button\"><br \/>\nCliquez pour obtenir un devis<br \/>\n<\/a><\/p>\n<h2>Ce que nous proposons<\/h2>\n<p>Nous vous fournirons des commandes de LED avec plus de mod\u00e8les de LED ou de pi\u00e8ces d\u00e9tach\u00e9es de carte PCB, et vous pouvez demander librement la tension, la puissance et les param\u00e8tres opto\u00e9lectroniques.<br \/>\nEn m\u00eame temps, nous exportons \u00e9galement des services de kit de pi\u00e8ces LED, vous n'avez donc pas \u00e0 vous soucier de l'approvisionnement en tous les accessoires de PCB LED.<\/p>\n<p><img loading=\"lazy\" decoding=\"async\" src=\"https:\/\/jjled.com\/wp-content\/uploads\/2025\/07\/LEDpcb.jpg\" sizes=\"(max-width: 750px) 100vw, 750px\" srcset=\"https:\/\/jjled.com\/wp-content\/uploads\/2025\/07\/LEDpcb.jpg 750w, https:\/\/jjled.com\/wp-content\/uploads\/2025\/07\/LEDpcb-600x400.jpg 600w\" alt=\"\" width=\"750\" height=\"500\" \/><\/p>\n<ul>\n<li>Plus de tailles de pi\u00e8ces LED<\/li>\n<li>Plus de longueurs d'onde et de puissance<\/li>\n<li>Quantit\u00e9 minimale de commande faible pour la personnalisation<\/li>\n<\/ul>\n<ul>\n<li>Plus de tailles et de formes<\/li>\n<li>Plus de mat\u00e9riaux et d'\u00e9paisseurs<\/li>\n<li>Quantit\u00e9 minimale de commande faible pour la personnalisation<\/li>\n<\/ul>\n<p><img loading=\"lazy\" decoding=\"async\" src=\"https:\/\/jjled.com\/wp-content\/uploads\/2025\/07\/pcba.jpg\" sizes=\"(max-width: 750px) 100vw, 750px\" srcset=\"https:\/\/jjled.com\/wp-content\/uploads\/2025\/07\/pcba.jpg 750w, https:\/\/jjled.com\/wp-content\/uploads\/2025\/07\/pcba-600x400.jpg 600w\" alt=\"\" width=\"750\" height=\"500\" \/><br \/>\n<img loading=\"lazy\" decoding=\"async\" src=\"https:\/\/jjled.com\/wp-content\/uploads\/2025\/07\/pcba-kits.jpg\" sizes=\"(max-width: 750px) 100vw, 750px\" srcset=\"https:\/\/jjled.com\/wp-content\/uploads\/2025\/07\/pcba-kits.jpg 750w, https:\/\/jjled.com\/wp-content\/uploads\/2025\/07\/pcba-kits-600x400.jpg 600w\" alt=\"\" width=\"750\" height=\"500\" \/><\/p>\n<ul>\n<li>Fournir des kits de contr\u00f4leurs LED<\/li>\n<li>Conception OEM d'accessoires LED<\/li>\n<li>Entreprise de LED personnalis\u00e9e<\/li>\n<\/ul>\n<p><img loading=\"lazy\" decoding=\"async\" src=\"https:\/\/jjled.com\/wp-content\/uploads\/2025\/07\/icon.jpg\" alt=\"\" width=\"315\" height=\"225\" \/><\/p>\n<h3>Votre partenaire commercial de confiance :<\/h3>\n<h3>Le fabricant de LED et de PCB<\/h3>\n<p>Cliquez sur le bouton \u00e0 droite pour contacter notre ing\u00e9nieur professionnel<\/p>\n<p><a role=\"button\"><br \/>\nEnvoyez-moi vos exigences<br \/>\n<\/a><\/p>\n<p>Besoin de plus d'aide ?<\/p>\n<p>+86 186 8107 9672<\/p>\n<h2>Pourquoi Nous Choisir<\/h2>\n<p>Nous sommes votre fournisseur professionnel de puces LED et de accessoires LED personnalis\u00e9s.<br \/>\nNous vous fournirons plus de mod\u00e8les de LED et de mat\u00e9riaux de cartes PCB, et vous pouvez demander librement la tension, la puissance et les param\u00e8tres opto\u00e9lectroniques.<br \/>\nEn m\u00eame temps, nous proposons \u00e9galement des services de kit, vous n'avez donc pas \u00e0 vous soucier de l'approvisionnement en tous les accessoires de circuit.<\/p>\n<p>Ing\u00e9nieurs Professionnels 90%<br \/>\nNotre \u00e9quipe de conception poss\u00e8de tous des dipl\u00f4mes professionnels. Cela repr\u00e9sente 90% de notre \u00e9quipe.<br \/>\nPr\u00e9cision SMT 100%<br \/>\nUn \u00e9quipement SMT avanc\u00e9 garantit que tous les composants sont soud\u00e9s avec pr\u00e9cision.<br \/>\nTest de Production 100%<br \/>\nTous les accessoires seront mis sous tension pour des tests apr\u00e8s l'ach\u00e8vement de la soudure.<br \/>\nParam\u00e8tres LED OEM<br \/>\nLes ing\u00e9nieurs des fabricants de puces LED sont plus professionnels dans les param\u00e8tres opto\u00e9lectroniques.<br \/>\nLED OEM Parfait 100%<br \/>\nNous fournissons un service de conception OEM parfait pour LED selon le circuit personnalis\u00e9.<br \/>\nFournisseurs de Drivers LED<br \/>\nNous pouvons vous fournir des services de gradateurs et d'adaptateurs pour les accessoires LED.<br \/>\n<a role=\"button\"><br \/>\nObtenez une Demande<br \/>\n<\/a><\/p>\n<h2>Ce qu'ils disent de nous<\/h2>\n<p>V\u00e9ritables avis de nos clients formidables ! D\u00e9couvrez comment nos produits ont am\u00e9lior\u00e9 leur exp\u00e9rience et trouvez l'inspiration pour votre prochain d\u00e9veloppement.<\/p>\n<p><img loading=\"lazy\" decoding=\"async\" src=\"https:\/\/jjled.com\/wp-content\/uploads\/2025\/07\/1.jpg\" sizes=\"(max-width: 1170px) 100vw, 1170px\" srcset=\"https:\/\/jjled.com\/wp-content\/uploads\/2025\/07\/1.jpg 1170w, https:\/\/jjled.com\/wp-content\/uploads\/2025\/07\/1-600x1298.jpg 600w, https:\/\/jjled.com\/wp-content\/uploads\/2025\/07\/1-710x1536.jpg 710w, https:\/\/jjled.com\/wp-content\/uploads\/2025\/07\/1-946x2048.jpg 946w\" alt=\"\" width=\"1170\" height=\"2532\" \/><br \/>\n<img loading=\"lazy\" decoding=\"async\" src=\"https:\/\/jjled.com\/wp-content\/uploads\/2025\/07\/2.jpg\" sizes=\"(max-width: 1170px) 100vw, 1170px\" srcset=\"https:\/\/jjled.com\/wp-content\/uploads\/2025\/07\/2.jpg 1170w, https:\/\/jjled.com\/wp-content\/uploads\/2025\/07\/2-600x1298.jpg 600w, https:\/\/jjled.com\/wp-content\/uploads\/2025\/07\/2-710x1536.jpg 710w, https:\/\/jjled.com\/wp-content\/uploads\/2025\/07\/2-946x2048.jpg 946w\" alt=\"\" width=\"1170\" height=\"2532\" \/><br \/>\n<img loading=\"lazy\" decoding=\"async\" src=\"https:\/\/jjled.com\/wp-content\/uploads\/2025\/07\/6.jpg\" sizes=\"(max-width: 1170px) 100vw, 1170px\" srcset=\"https:\/\/jjled.com\/wp-content\/uploads\/2025\/07\/6.jpg 1170w, https:\/\/jjled.com\/wp-content\/uploads\/2025\/07\/6-600x1298.jpg 600w, https:\/\/jjled.com\/wp-content\/uploads\/2025\/07\/6-710x1536.jpg 710w, https:\/\/jjled.com\/wp-content\/uploads\/2025\/07\/6-946x2048.jpg 946w\" alt=\"\" width=\"1170\" height=\"2532\" \/><br \/>\n<img loading=\"lazy\" decoding=\"async\" src=\"https:\/\/jjled.com\/wp-content\/uploads\/2025\/07\/4.jpg\" sizes=\"(max-width: 1170px) 100vw, 1170px\" srcset=\"https:\/\/jjled.com\/wp-content\/uploads\/2025\/07\/4.jpg 1170w, https:\/\/jjled.com\/wp-content\/uploads\/2025\/07\/4-600x1298.jpg 600w, https:\/\/jjled.com\/wp-content\/uploads\/2025\/07\/4-710x1536.jpg 710w, https:\/\/jjled.com\/wp-content\/uploads\/2025\/07\/4-946x2048.jpg 946w\" alt=\"\" width=\"1170\" height=\"2532\" \/><br \/>\n<img loading=\"lazy\" decoding=\"async\" src=\"https:\/\/jjled.com\/wp-content\/uploads\/2025\/07\/5.jpg\" sizes=\"(max-width: 1170px) 100vw, 1170px\" srcset=\"https:\/\/jjled.com\/wp-content\/uploads\/2025\/07\/5.jpg 1170w, https:\/\/jjled.com\/wp-content\/uploads\/2025\/07\/5-600x1298.jpg 600w, https:\/\/jjled.com\/wp-content\/uploads\/2025\/07\/5-710x1536.jpg 710w, https:\/\/jjled.com\/wp-content\/uploads\/2025\/07\/5-946x2048.jpg 946w\" alt=\"\" width=\"1170\" height=\"2532\" \/><br \/>\n<a role=\"button\"><br \/>\nObtenez une Demande<br \/>\n<\/a><\/p>\n<h2>Nos Certificats<\/h2>\n<p>Nos mat\u00e9riaux ont obtenu diverses certifications et tests, garantissant une haute qualit\u00e9.<\/p>\n<p><img loading=\"lazy\" decoding=\"async\" src=\"https:\/\/jjled.com\/wp-content\/uploads\/2025\/07\/SGS1.jpg\" sizes=\"(max-width: 686px) 100vw, 686px\" srcset=\"https:\/\/jjled.com\/wp-content\/uploads\/2025\/07\/SGS1.jpg 686w, https:\/\/jjled.com\/wp-content\/uploads\/2025\/07\/SGS1-600x841.jpg 600w\" alt=\"\" width=\"686\" height=\"962\" \/><br \/>\n<img loading=\"lazy\" decoding=\"async\" src=\"https:\/\/jjled.com\/wp-content\/uploads\/2025\/07\/9001.jpg\" sizes=\"(max-width: 689px) 100vw, 689px\" srcset=\"https:\/\/jjled.com\/wp-content\/uploads\/2025\/07\/9001.jpg 689w, https:\/\/jjled.com\/wp-content\/uploads\/2025\/07\/9001-600x838.jpg 600w\" alt=\"\" width=\"689\" height=\"962\" \/><br \/>\n<img loading=\"lazy\" decoding=\"async\" src=\"https:\/\/jjled.com\/wp-content\/uploads\/2025\/07\/6165-SGS2.jpg\" sizes=\"(max-width: 682px) 100vw, 682px\" srcset=\"https:\/\/jjled.com\/wp-content\/uploads\/2025\/07\/6165-SGS2.jpg 682w, https:\/\/jjled.com\/wp-content\/uploads\/2025\/07\/6165-SGS2-600x848.jpg 600w\" alt=\"\" width=\"682\" height=\"964\" \/><br \/>\n<img loading=\"lazy\" decoding=\"async\" src=\"https:\/\/jjled.com\/wp-content\/uploads\/2025\/07\/6164-VDE.jpg\" sizes=\"(max-width: 685px) 100vw, 685px\" srcset=\"https:\/\/jjled.com\/wp-content\/uploads\/2025\/07\/6164-VDE.jpg 685w, https:\/\/jjled.com\/wp-content\/uploads\/2025\/07\/6164-VDE-600x846.jpg 600w\" alt=\"\" width=\"685\" height=\"966\" \/><br \/>\n<a role=\"button\"><br \/>\nObtenez une Demande<br \/>\n<\/a><\/p>\n<h2>Facile d'obtenir un devis et une conception<\/h2>\n<p>Contactez librement nos ing\u00e9nieurs professionnels. Obtenez un devis rapide et commencez la bonne collaboration.<\/p>\n<h6>Partenariat avec nous<\/h6>\n<h2>S'associer avec la bonne usine<\/h2>\n<ul>\n<li>Emplacement :<br \/>\nVille de DongGuang, Province du Guangdong, Chine<\/li>\n<li>Envoyez-nous un email :<br \/>\nled@yogled.com<\/li>\n<li>Message pour nous<br \/>\n+86 186 8107 9672<\/li>\n<\/ul>","protected":false},"excerpt":{"rendered":"<p>WhatsApp : (+44) 751-629-4352 Lun \u2192 Sam : 9h-19h Email : led@jjled.com Chattez maintenant OEM \/ ODM \/ Conception \/ SMT [\u2026]<\/p>","protected":false},"author":1,"featured_media":0,"parent":0,"menu_order":0,"comment_status":"closed","ping_status":"closed","template":"","meta":{"site-sidebar-layout":"default","site-content-layout":"","ast-site-content-layout":"default","site-content-style":"default","site-sidebar-style":"default","ast-global-header-display":"","ast-banner-title-visibility":"","ast-main-header-display":"","ast-hfb-above-header-display":"","ast-hfb-below-header-display":"","ast-hfb-mobile-header-display":"","site-post-title":"","ast-breadcrumbs-content":"","ast-featured-img":"","footer-sml-layout":"","ast-disable-related-posts":"","theme-transparent-header-meta":"","adv-header-id-meta":"","stick-header-meta":"","header-above-stick-meta":"","header-main-stick-meta":"","header-below-stick-meta":"","astra-migrate-meta-layouts":"default","ast-page-background-enabled":"default","ast-page-background-meta":{"desktop":{"background-color":"var(--ast-global-color-5)","background-image":"","background-repeat":"repeat","background-position":"center center","background-size":"auto","background-attachment":"scroll","background-type":"","background-media":"","overlay-type":"","overlay-color":"","overlay-opacity":"","overlay-gradient":""},"tablet":{"background-color":"","background-image":"","background-repeat":"repeat","background-position":"center center","background-size":"auto","background-attachment":"scroll","background-type":"","background-media":"","overlay-type":"","overlay-color":"","overlay-opacity":"","overlay-gradient":""},"mobile":{"background-color":"","background-image":"","background-repeat":"repeat","background-position":"center center","background-size":"auto","background-attachment":"scroll","background-type":"","background-media":"","overlay-type":"","overlay-color":"","overlay-opacity":"","overlay-gradient":""}},"ast-content-background-meta":{"desktop":{"background-color":"var(--ast-global-color-4)","background-image":"","background-repeat":"repeat","background-position":"center center","background-size":"auto","background-attachment":"scroll","background-type":"","background-media":"","overlay-type":"","overlay-color":"","overlay-opacity":"","overlay-gradient":""},"tablet":{"background-color":"var(--ast-global-color-4)","background-image":"","background-repeat":"repeat","background-position":"center center","background-size":"auto","background-attachment":"scroll","background-type":"","background-media":"","overlay-type":"","overlay-color":"","overlay-opacity":"","overlay-gradient":""},"mobile":{"background-color":"var(--ast-global-color-4)","background-image":"","background-repeat":"repeat","background-position":"center center","background-size":"auto","background-attachment":"scroll","background-type":"","background-media":"","overlay-type":"","overlay-color":"","overlay-opacity":"","overlay-gradient":""}},"footnotes":""},"class_list":["post-1224","page","type-page","status-publish","hentry"],"_links":{"self":[{"href":"https:\/\/jjled.com\/fr\/wp-json\/wp\/v2\/pages\/1224","targetHints":{"allow":["GET"]}}],"collection":[{"href":"https:\/\/jjled.com\/fr\/wp-json\/wp\/v2\/pages"}],"about":[{"href":"https:\/\/jjled.com\/fr\/wp-json\/wp\/v2\/types\/page"}],"author":[{"embeddable":true,"href":"https:\/\/jjled.com\/fr\/wp-json\/wp\/v2\/users\/1"}],"replies":[{"embeddable":true,"href":"https:\/\/jjled.com\/fr\/wp-json\/wp\/v2\/comments?post=1224"}],"version-history":[{"count":1,"href":"https:\/\/jjled.com\/fr\/wp-json\/wp\/v2\/pages\/1224\/revisions"}],"predecessor-version":[{"id":1225,"href":"https:\/\/jjled.com\/fr\/wp-json\/wp\/v2\/pages\/1224\/revisions\/1225"}],"wp:attachment":[{"href":"https:\/\/jjled.com\/fr\/wp-json\/wp\/v2\/media?parent=1224"}],"curies":[{"name":"wp","href":"https:\/\/api.w.org\/{rel}","templated":true}]}}