{"id":1198,"date":"2025-12-31T15:16:05","date_gmt":"2025-12-31T07:16:05","guid":{"rendered":"https:\/\/jjled.com\/?post_type=product&#038;p=1198"},"modified":"2025-12-31T15:24:35","modified_gmt":"2025-12-31T07:24:35","slug":"ring-led-pcb-board","status":"publish","type":"product","link":"https:\/\/jjled.com\/fr\/product\/ring-led-pcb-board\/","title":{"rendered":"Carte PCB de lumi\u00e8re annulaire LED DC24V personnalis\u00e9e pour la photographie professionnelle, la vid\u00e9o et l'\u00e9clairage d'appoint"},"content":{"rendered":"<h1>High Ra \/ CRI Ring Light\u00a0 LED PCB Board<\/h1>\n<p>Applications du produit<\/p>\n<table>\n<tbody>\n<tr>\n<td>\u00c9clairage d'appoint pour la photographie<\/td>\n<td>\u00c9clairage de biblioth\u00e8que<\/td>\n<\/tr>\n<tr>\n<td>\u00c9clairage d'appoint pour le cin\u00e9ma et la t\u00e9l\u00e9vision<\/td>\n<td>\u00c9clairage pour atelier textile<\/td>\n<\/tr>\n<tr>\n<td>\u00c9clairage vid\u00e9o<\/td>\n<td>\u00c9clairage de salle d'exposition<\/td>\n<\/tr>\n<tr>\n<td>\u00c9clairage de studio<\/td>\n<td>\u00c9clairage de atelier de peinture<\/td>\n<\/tr>\n<tr>\n<td>\u00c9clairage d'appoint pour la beaut\u00e9<\/td>\n<td>\u00c9clairage de bureau<\/td>\n<\/tr>\n<tr>\n<td>\u00c9clairage d'appoint pour cils<\/td>\n<td>\u00c9clairage de mus\u00e9e<\/td>\n<\/tr>\n<tr>\n<td>\u00c9clairage d'appoint pour ongles<\/td>\n<td>\u00c9clairage de spectacle<\/td>\n<\/tr>\n<tr>\n<td>Lampe de lecture<\/td>\n<td>\u00c9clairage de laboratoire<\/td>\n<\/tr>\n<tr>\n<td>\u00c9clairage photo<\/td>\n<td>\u00c9clairage pour aliments frais<\/td>\n<\/tr>\n<tr>\n<td>Lumi\u00e8re pour cam\u00e9ra<\/td>\n<td>\u00c9clairage d'h\u00f4pital<\/td>\n<\/tr>\n<tr>\n<td>\u00c9clairage d'\u00e9cole<\/td>\n<td>\u00c9clairage de march\u00e9<\/td>\n<\/tr>\n<tr>\n<td>\u00c9clairage de salle de classe<\/td>\n<td>\u00c9clairage de teinture et d'impression<\/td>\n<\/tr>\n<tr>\n<td>\u00c9clairage de salle d'op\u00e9ration<\/td>\n<td>\u00c9clairage d'art et de design<\/td>\n<\/tr>\n<\/tbody>\n<\/table>\n<p>Param\u00e8tres personnalisables pour<\/p>\n<h2>Ring Light LED PCB Board<\/h2>\n<table>\n<tbody>\n<tr>\n<td>Taille de la carte PCB<\/td>\n<td>Mat\u00e9riau de la carte PCB<\/td>\n<td>\u00c9paisseur de la carte PCB<\/td>\n<\/tr>\n<tr>\n<td>Position des trous de la carte PCB<\/td>\n<td>Forme de la carte PCB<\/td>\n<td>Format de l'array LED<\/td>\n<\/tr>\n<tr>\n<td>Configuration s\u00e9rie-parall\u00e8le LED<\/td>\n<td>Tension de la PCBA<\/td>\n<td>Courant de la PCBA<\/td>\n<\/tr>\n<tr>\n<td>Indice RA\/CRI LED<\/td>\n<td>Longueur d'onde<\/td>\n<td>Couleur<\/td>\n<\/tr>\n<tr>\n<td>Service d'assemblage<\/td>\n<td>SMT<\/td>\n<td>OEM<\/td>\n<\/tr>\n<\/tbody>\n<\/table>\n<p>Composants principaux :<\/p>\n<h2>LED SMD 2835 0,2W Blanc chaud<\/h2>\n<table>\n<tbody>\n<tr>\n<td>NUM\u00c9RO DE TYPE<\/td>\n<td>LED SMD 2835 0,2W Blanc chaud<\/td>\n<\/tr>\n<tr>\n<td>Num\u00e9ro de pi\u00e8ce<\/td>\n<td>SP-2093C<\/td>\n<\/tr>\n<\/tbody>\n<\/table>\n<p>Images LED 2835<\/p>\n<p><img fetchpriority=\"high\" decoding=\"async\" width=\"266\" height=\"296\" class=\"wp-image-1149\" src=\"https:\/\/jjled.com\/wp-content\/uploads\/2025\/12\/SMD-high-ra-cri-2835-LED-0.2W-Warm-White.png\" srcset=\"https:\/\/jjled.com\/wp-content\/uploads\/2025\/12\/SMD-high-ra-cri-2835-LED-0.2W-Warm-White.png 266w, https:\/\/jjled.com\/wp-content\/uploads\/2025\/12\/SMD-high-ra-cri-2835-LED-0.2W-Warm-White-11x12.png 11w\" sizes=\"(max-width: 266px) 100vw, 266px\" \/><\/p>\n<p>Taille LED 2835<\/p>\n<p><img decoding=\"async\" width=\"771\" height=\"376\" class=\"wp-image-1150\" src=\"https:\/\/jjled.com\/wp-content\/uploads\/2025\/12\/Warm-White-SMD-high-ra-cri-2835-LED-0.2W-Size.png\" srcset=\"https:\/\/jjled.com\/wp-content\/uploads\/2025\/12\/Warm-White-SMD-high-ra-cri-2835-LED-0.2W-Size.png 771w, https:\/\/jjled.com\/wp-content\/uploads\/2025\/12\/Warm-White-SMD-high-ra-cri-2835-LED-0.2W-Size-600x293.png 600w, https:\/\/jjled.com\/wp-content\/uploads\/2025\/12\/Warm-White-SMD-high-ra-cri-2835-LED-0.2W-Size-18x9.png 18w\" sizes=\"(max-width: 771px) 100vw, 771px\" \/><\/p>\n<p>Sch\u00e9ma de soudure recommand\u00e9 pour la PCB LED 2835<\/p>\n<p><img decoding=\"async\" width=\"590\" height=\"461\" class=\"wp-image-1151\" src=\"https:\/\/jjled.com\/wp-content\/uploads\/2025\/12\/Warm-White-SMD-high-ra-cri-2835-LED-0.2W-Pad-Pattern.png\" srcset=\"https:\/\/jjled.com\/wp-content\/uploads\/2025\/12\/Warm-White-SMD-high-ra-cri-2835-LED-0.2W-Pad-Pattern.png 590w, https:\/\/jjled.com\/wp-content\/uploads\/2025\/12\/Warm-White-SMD-high-ra-cri-2835-LED-0.2W-Pad-Pattern-15x12.png 15w\" sizes=\"(max-width: 590px) 100vw, 590px\" \/><\/p>\n<table>\n<tbody>\n<tr>\n<td>Fiches techniques<\/td>\n<td colspan=\"6\">Puissance LED \/ Tension LED \/ Courant LED<\/td>\n<\/tr>\n<tr>\n<td>Num\u00e9ro de pi\u00e8ce<\/td>\n<td colspan=\"6\">LED SMD 2835 0,2W Blanc chaud<\/td>\n<\/tr>\n<tr>\n<td colspan=\"2\">Param\u00e8tres de la LED<\/td>\n<td>Symbole<\/td>\n<td colspan=\"2\">Valeur<\/td>\n<td colspan=\"2\">Unit\u00e9<\/td>\n<\/tr>\n<tr>\n<td colspan=\"2\">Dissipation de puissance \/ Puissance LED<\/td>\n<td>Pd(max.)<\/td>\n<td colspan=\"2\">200<\/td>\n<td colspan=\"2\">MW<\/td>\n<\/tr>\n<tr>\n<td colspan=\"2\">Courant de pointe en avant<\/td>\n<td rowspan=\"2\">If (max.)<\/td>\n<td colspan=\"2\" rowspan=\"2\">100<\/td>\n<td colspan=\"2\" rowspan=\"2\">mA<\/td>\n<\/tr>\n<tr>\n<td colspan=\"2\">Cycle de service 1\/10, largeur d'impulsion 0,1 ms<\/td>\n<\/tr>\n<tr>\n<td colspan=\"2\">Courant direct continu \/ Courant LED<\/td>\n<td>If (Typ.)<\/td>\n<td colspan=\"2\">60<\/td>\n<td colspan=\"2\">mA<\/td>\n<\/tr>\n<tr>\n<td colspan=\"2\">Temp\u00e9rature de la bo\u00eetier<\/td>\n<td>Tp<\/td>\n<td colspan=\"2\">120<\/td>\n<td colspan=\"2\">\u2103<\/td>\n<\/tr>\n<tr>\n<td colspan=\"2\">Temp\u00e9rature de jonction LED<\/td>\n<td>Tj<\/td>\n<td colspan=\"2\">120<\/td>\n<td colspan=\"2\">\u2103<\/td>\n<\/tr>\n<tr>\n<td colspan=\"2\">Tension inverse<\/td>\n<td colspan=\"2\">Vr<\/td>\n<td colspan=\"2\">-8<\/td>\n<td colspan=\"2\">V<\/td>\n<\/tr>\n<tr>\n<td colspan=\"2\">R\u00e9sistance thermique, jonction \u00e0 bo\u00eetier<\/td>\n<td colspan=\"2\">R\u0472 j-c<\/td>\n<td colspan=\"2\">0.06<\/td>\n<td colspan=\"2\">\u00b0C\/W<\/td>\n<\/tr>\n<tr>\n<td colspan=\"2\">Temp\u00e9rature de soudure \u2103<\/td>\n<td colspan=\"6\">5 secondes, 260\u00b0C ou moins<\/td>\n<\/tr>\n<tr>\n<td colspan=\"2\">Plage de temp\u00e9rature de fonctionnement<\/td>\n<td colspan=\"2\">Topr<\/td>\n<td colspan=\"4\">-30\u2103 \u00e0 +80\u2103<\/td>\n<\/tr>\n<tr>\n<td colspan=\"2\">Plage de temp\u00e9rature de stockage<\/td>\n<td colspan=\"2\">Tstg<\/td>\n<td colspan=\"4\">-40\u2103 \u00e0 +100\u2103<\/td>\n<\/tr>\n<\/tbody>\n<\/table>\n<table>\n<tbody>\n<tr>\n<td colspan=\"7\">Caract\u00e9ristiques \u00e9lectriques et optiques<\/td>\n<\/tr>\n<tr>\n<td>Param\u00e8tres de la LED<\/td>\n<td>Symbole<\/td>\n<td>Condition de test<\/td>\n<td>Min<\/td>\n<td>Typ<\/td>\n<td>Max<\/td>\n<td>Unit\u00e9<\/td>\n<\/tr>\n<tr>\n<td>Rendu des couleurs<\/td>\n<td>CRI Ra<\/td>\n<td>If=60mA<\/td>\n<td>95<\/td>\n<td><\/td>\n<td>100<\/td>\n<td><\/td>\n<\/tr>\n<tr>\n<td>\u00c9chelle de qualit\u00e9 de la couleur<\/td>\n<td>CQS Qa<\/td>\n<td>If=60mA<\/td>\n<td>95<\/td>\n<td><\/td>\n<td>100<\/td>\n<td><\/td>\n<\/tr>\n<tr>\n<td>Fid\u00e9lit\u00e9<\/td>\n<td>Rf<\/td>\n<td>If=60mA<\/td>\n<td>95<\/td>\n<td><\/td>\n<td>100<\/td>\n<td><\/td>\n<\/tr>\n<tr>\n<td>Gamut<\/td>\n<td>Rg<\/td>\n<td>8<\/td>\n<td>95<\/td>\n<td><\/td>\n<td>100<\/td>\n<td><\/td>\n<\/tr>\n<tr>\n<td>\u00c9clairage pour la t\u00e9l\u00e9vision<\/td>\n<td rowspan=\"2\">TLCI<\/td>\n<td rowspan=\"2\">If=60mA<\/td>\n<td rowspan=\"2\">95<\/td>\n<td rowspan=\"2\"><\/td>\n<td rowspan=\"2\">100<\/td>\n<td rowspan=\"2\"><\/td>\n<\/tr>\n<tr>\n<td>Indice de coh\u00e9rence de 99<\/td>\n<\/tr>\n<tr>\n<td>Angle de vision<\/td>\n<td>2\u03b81\/2<\/td>\n<td>If=60mA<\/td>\n<td><\/td>\n<td>120<\/td>\n<td><\/td>\n<td>deg<\/td>\n<\/tr>\n<tr>\n<td>Tension directe \/ Tension LED<\/td>\n<td>V f<\/td>\n<td>If=60mA<\/td>\n<td>2.8<\/td>\n<td><\/td>\n<td>3<\/td>\n<td>V<\/td>\n<\/tr>\n<tr>\n<td>Courant inverse<\/td>\n<td>I r<\/td>\n<td>Vr=8V<\/td>\n<td><\/td>\n<td><\/td>\n<td>10<\/td>\n<td>uA<\/td>\n<\/tr>\n<tr>\n<td>Temp\u00e9rature de couleur<\/td>\n<td>CCT<\/td>\n<td>If=60mA<\/td>\n<td>3000<\/td>\n<td><\/td>\n<td>3450<\/td>\n<td>K<\/td>\n<\/tr>\n<tr>\n<td>Flux lumineux<\/td>\n<td>\u0444<\/td>\n<td>If=60mA<\/td>\n<td>20<\/td>\n<td><\/td>\n<td>23<\/td>\n<td>LM<\/td>\n<\/tr>\n<\/tbody>\n<\/table>\n<p>Distribution relative de la puissance spectrale<\/p>\n<p><img loading=\"lazy\" decoding=\"async\" width=\"790\" height=\"413\" class=\"wp-image-1152\" src=\"https:\/\/jjled.com\/wp-content\/uploads\/2025\/12\/Warm-White-SMD-high-ra-cri-2835-LED-0.2W-Relative-Spectral-Power-Distribution.png\" srcset=\"https:\/\/jjled.com\/wp-content\/uploads\/2025\/12\/Warm-White-SMD-high-ra-cri-2835-LED-0.2W-Relative-Spectral-Power-Distribution.png 790w, https:\/\/jjled.com\/wp-content\/uploads\/2025\/12\/Warm-White-SMD-high-ra-cri-2835-LED-0.2W-Relative-Spectral-Power-Distribution-600x314.png 600w, https:\/\/jjled.com\/wp-content\/uploads\/2025\/12\/Warm-White-SMD-high-ra-cri-2835-LED-0.2W-Relative-Spectral-Power-Distribution-18x9.png 18w\" sizes=\"(max-width: 790px) 100vw, 790px\" \/><\/p>\n<p>Distribution relative de l'intensit\u00e9<\/p>\n<p><img loading=\"lazy\" decoding=\"async\" width=\"481\" height=\"455\" class=\"wp-image-1153\" src=\"https:\/\/jjled.com\/wp-content\/uploads\/2025\/12\/Warm-White-SMD-high-ra-cri-2835-LED-0.2W-Relative-intensity-distribution.png\" srcset=\"https:\/\/jjled.com\/wp-content\/uploads\/2025\/12\/Warm-White-SMD-high-ra-cri-2835-LED-0.2W-Relative-intensity-distribution.png 481w, https:\/\/jjled.com\/wp-content\/uploads\/2025\/12\/Warm-White-SMD-high-ra-cri-2835-LED-0.2W-Relative-intensity-distribution-13x12.png 13w\" sizes=\"(max-width: 481px) 100vw, 481px\" \/><\/p>\n<p>Diagramme de chromaticit\u00e9<\/p>\n<p><img loading=\"lazy\" decoding=\"async\" width=\"797\" height=\"592\" class=\"wp-image-1154\" src=\"https:\/\/jjled.com\/wp-content\/uploads\/2025\/12\/Warm-White-SMD-high-ra-cri-2835-LED-0.2W-Chromaticity-Chart.png\" srcset=\"https:\/\/jjled.com\/wp-content\/uploads\/2025\/12\/Warm-White-SMD-high-ra-cri-2835-LED-0.2W-Chromaticity-Chart.png 797w, https:\/\/jjled.com\/wp-content\/uploads\/2025\/12\/Warm-White-SMD-high-ra-cri-2835-LED-0.2W-Chromaticity-Chart-600x446.png 600w, https:\/\/jjled.com\/wp-content\/uploads\/2025\/12\/Warm-White-SMD-high-ra-cri-2835-LED-0.2W-Chromaticity-Chart-16x12.png 16w\" sizes=\"(max-width: 797px) 100vw, 797px\" \/><\/p>\n<p>Introduction \u00e0 la LED SMD 2835 0,2W Blanc chaud Ra<\/p>\n<p>1. Le num\u00e9ro de rendu des couleurs g\u00e9n\u00e9ral de la source lumineuse standard artificielle pour la lumi\u00e8re du soleil et la lumi\u00e8re proche du soleil est fix\u00e9 \u00e0 100. Plus la coh\u00e9rence entre la couleur du m\u00eame objet sous l'irradiation de la source lumineuse mesur\u00e9e et celle de la source lumineuse standard est grande, plus le Ra est \u00e9lev\u00e9, meilleure est la performance de rendu des couleurs, le Ra \u00e9tant plus petit, plus la performance de rendu des couleurs est mauvaise.<\/p>\n<p>2. Indice de rendu des couleurs \u00e9lev\u00e9, couleur de lumi\u00e8re uniforme, haute efficacit\u00e9 de sortie lumineuse, \u00e9limination du spectre violet, r\u00e9duction de la temp\u00e9rature d'utilisation des phosphores, am\u00e9lioration de la coh\u00e9rence et de la fiabilit\u00e9 du spectre lors de l'utilisation \u00e0 long terme. Utilisation plus longue.<\/p>\n<p>3. CRI95+ est la meilleure affiche, la vraie couleur est restaur\u00e9e. Sous le contraste de la sensation de couleur naturelle, les objets pr\u00e9sent\u00e9s par les yeux sont plus proches de la saveur naturelle d'origine.<\/p>\n<p>4. TLCI (&gt; 95) peut refl\u00e9ter le degr\u00e9 de r\u00e9ception des couleurs et de restauration des couleurs par la cam\u00e9ra. Plus la valeur TLCI est proche de 100, plus le degr\u00e9 de r\u00e9duction des couleurs est \u00e9lev\u00e9, meilleur est l'effet.<\/p>\n<p>5. Dans la s\u00e9rie de coordonn\u00e9es CIE1960, la distance de d\u00e9viation de couleur par rapport \u00e0 la trajectoire du plancher est proche de z\u00e9ro, tandis que toutes les sources lumineuses LED produites par Jingjia Electronic Technology Co., Ltd. sont compar\u00e9es \u00e0 la s\u00e9rie de coordonn\u00e9es CIE1960<\/p>","protected":false},"excerpt":{"rendered":"<div class=\"top_tip\">personnalis\u00e9 2835 <strong>Carte PCB LED de lumi\u00e8re annulaire \u00e0 indice de rendu des couleurs \u00e9lev\u00e9 \/ CRI \u00e9lev\u00e9<\/strong><\/div>","protected":false},"featured_media":735,"template":"","meta":{"site-sidebar-layout":"default","site-content-layout":"","ast-site-content-layout":"default","site-content-style":"default","site-sidebar-style":"default","ast-global-header-display":"","ast-banner-title-visibility":"","ast-main-header-display":"","ast-hfb-above-header-display":"","ast-hfb-below-header-display":"","ast-hfb-mobile-header-display":"","site-post-title":"","ast-breadcrumbs-content":"","ast-featured-img":"","footer-sml-layout":"","ast-disable-related-posts":"","theme-transparent-header-meta":"default","adv-header-id-meta":"","stick-header-meta":"","header-above-stick-meta":"","header-main-stick-meta":"","header-below-stick-meta":"","astra-migrate-meta-layouts":"set","ast-page-background-enabled":"default","ast-page-background-meta":{"desktop":{"background-color":"var(--ast-global-color-5)","background-image":"","background-repeat":"repeat","background-position":"center center","background-size":"auto","background-attachment":"scroll","background-type":"","background-media":"","overlay-type":"","overlay-color":"","overlay-opacity":"","overlay-gradient":""},"tablet":{"background-color":"","background-image":"","background-repeat":"repeat","background-position":"center center","background-size":"auto","background-attachment":"scroll","background-type":"","background-media":"","overlay-type":"","overlay-color":"","overlay-opacity":"","overlay-gradient":""},"mobile":{"background-color":"","background-image":"","background-repeat":"repeat","background-position":"center center","background-size":"auto","background-attachment":"scroll","background-type":"","background-media":"","overlay-type":"","overlay-color":"","overlay-opacity":"","overlay-gradient":""}},"ast-content-background-meta":{"desktop":{"background-color":"var(--ast-global-color-4)","background-image":"","background-repeat":"repeat","background-position":"center center","background-size":"auto","background-attachment":"scroll","background-type":"","background-media":"","overlay-type":"","overlay-color":"","overlay-opacity":"","overlay-gradient":""},"tablet":{"background-color":"var(--ast-global-color-4)","background-image":"","background-repeat":"repeat","background-position":"center center","background-size":"auto","background-attachment":"scroll","background-type":"","background-media":"","overlay-type":"","overlay-color":"","overlay-opacity":"","overlay-gradient":""},"mobile":{"background-color":"var(--ast-global-color-4)","background-image":"","background-repeat":"repeat","background-position":"center center","background-size":"auto","background-attachment":"scroll","background-type":"","background-media":"","overlay-type":"","overlay-color":"","overlay-opacity":"","overlay-gradient":""}}},"product_brand":[],"product_cat":[40,74],"product_tag":[48,54],"class_list":{"0":"post-1198","1":"product","2":"type-product","3":"status-publish","4":"has-post-thumbnail","6":"product_cat-smd-2835","7":"product_cat-bi-color","8":"product_tag-48","9":"product_tag-bi-color-white-yellow-leds","10":"desktop-align-left","11":"tablet-align-left","12":"mobile-align-left","14":"first","15":"instock","16":"shipping-taxable","17":"product-type-simple"},"_links":{"self":[{"href":"https:\/\/jjled.com\/fr\/wp-json\/wp\/v2\/product\/1198","targetHints":{"allow":["GET"]}}],"collection":[{"href":"https:\/\/jjled.com\/fr\/wp-json\/wp\/v2\/product"}],"about":[{"href":"https:\/\/jjled.com\/fr\/wp-json\/wp\/v2\/types\/product"}],"version-history":[{"count":1,"href":"https:\/\/jjled.com\/fr\/wp-json\/wp\/v2\/product\/1198\/revisions"}],"predecessor-version":[{"id":1199,"href":"https:\/\/jjled.com\/fr\/wp-json\/wp\/v2\/product\/1198\/revisions\/1199"}],"wp:featuredmedia":[{"embeddable":true,"href":"https:\/\/jjled.com\/fr\/wp-json\/wp\/v2\/media\/735"}],"wp:attachment":[{"href":"https:\/\/jjled.com\/fr\/wp-json\/wp\/v2\/media?parent=1198"}],"wp:term":[{"taxonomy":"product_brand","embeddable":true,"href":"https:\/\/jjled.com\/fr\/wp-json\/wp\/v2\/product_brand?post=1198"},{"taxonomy":"product_cat","embeddable":true,"href":"https:\/\/jjled.com\/fr\/wp-json\/wp\/v2\/product_cat?post=1198"},{"taxonomy":"product_tag","embeddable":true,"href":"https:\/\/jjled.com\/fr\/wp-json\/wp\/v2\/product_tag?post=1198"}],"curies":[{"name":"wp","href":"https:\/\/api.w.org\/{rel}","templated":true}]}}