{"id":1202,"date":"2025-12-31T17:35:09","date_gmt":"2025-12-31T09:35:09","guid":{"rendered":"https:\/\/jjled.com\/?post_type=product&#038;p=1202"},"modified":"2025-12-31T17:35:10","modified_gmt":"2025-12-31T09:35:10","slug":"high-ra-cri-f5-5mm-led-pcb-board","status":"publish","type":"product","link":"https:\/\/jjled.com\/fr\/product\/high-ra-cri-f5-5mm-led-pcb-board\/","title":{"rendered":"Carte PCB LED F5 Ra\/CRI \u00e9lev\u00e9 5mm"},"content":{"rendered":"<h1>Carte PCB LED F5 Ra\/CRI \u00e9lev\u00e9 5mm<\/h1>\n<p>Applications du produit<\/p>\n<table>\n<tbody>\n<tr>\n<td>\u00c9clairage d'appoint pour la photographie<\/td>\n<td>\u00c9clairage de biblioth\u00e8que<\/td>\n<\/tr>\n<tr>\n<td>\u00c9clairage d'appoint pour le cin\u00e9ma et la t\u00e9l\u00e9vision<\/td>\n<td>\u00c9clairage pour atelier textile<\/td>\n<\/tr>\n<tr>\n<td>\u00c9clairage vid\u00e9o<\/td>\n<td>\u00c9clairage de salle d'exposition<\/td>\n<\/tr>\n<tr>\n<td>\u00c9clairage de studio<\/td>\n<td>\u00c9clairage de atelier de peinture<\/td>\n<\/tr>\n<tr>\n<td>\u00c9clairage d'appoint pour la beaut\u00e9<\/td>\n<td>\u00c9clairage de bureau<\/td>\n<\/tr>\n<tr>\n<td>\u00c9clairage d'appoint pour cils<\/td>\n<td>\u00c9clairage de mus\u00e9e<\/td>\n<\/tr>\n<tr>\n<td>\u00c9clairage d'appoint pour ongles<\/td>\n<td>\u00c9clairage de spectacle<\/td>\n<\/tr>\n<tr>\n<td>Lampe de lecture<\/td>\n<td>\u00c9clairage de laboratoire<\/td>\n<\/tr>\n<tr>\n<td>\u00c9clairage photo<\/td>\n<td>\u00c9clairage pour aliments frais<\/td>\n<\/tr>\n<tr>\n<td>Lumi\u00e8re pour cam\u00e9ra<\/td>\n<td>\u00c9clairage d'h\u00f4pital<\/td>\n<\/tr>\n<tr>\n<td>\u00c9clairage d'\u00e9cole<\/td>\n<td>\u00c9clairage de march\u00e9<\/td>\n<\/tr>\n<tr>\n<td>\u00c9clairage de salle de classe<\/td>\n<td>\u00c9clairage de teinture et d'impression<\/td>\n<\/tr>\n<tr>\n<td>\u00c9clairage de salle d'op\u00e9ration<\/td>\n<td>\u00c9clairage d'art et de design<\/td>\n<\/tr>\n<\/tbody>\n<\/table>\n<p>Param\u00e8tres personnalisables pour<\/p>\n<h2>Carte PCB LED<\/h2>\n<table>\n<tbody>\n<tr>\n<td>Taille de la carte PCB<\/td>\n<td>Mat\u00e9riau de la carte PCB<\/td>\n<td>\u00c9paisseur de la carte PCB<\/td>\n<\/tr>\n<tr>\n<td>Position des trous de la carte PCB<\/td>\n<td>Forme de la carte PCB<\/td>\n<td>Format de l'array LED<\/td>\n<\/tr>\n<tr>\n<td>Configuration s\u00e9rie-parall\u00e8le LED<\/td>\n<td>Tension de la PCBA<\/td>\n<td>Courant de la PCBA<\/td>\n<\/tr>\n<tr>\n<td>Indice RA\/CRI LED<\/td>\n<td>Longueur d'onde<\/td>\n<td>Couleur<\/td>\n<\/tr>\n<tr>\n<td>Service d'assemblage<\/td>\n<td>SMT<\/td>\n<td>OEM<\/td>\n<\/tr>\n<\/tbody>\n<\/table>\n<p>Composants principaux :<\/p>\n<h2>LED DIP F5 5mm 0,06W Blanc chaud<\/h2>\n<table>\n<tbody>\n<tr>\n<td>NUM\u00c9RO DE TYPE<\/td>\n<td>LED DIP F5 5mm 0,06W Blanc chaud<\/td>\n<\/tr>\n<tr>\n<td>Num\u00e9ro de pi\u00e8ce<\/td>\n<td>SP-W433B<\/td>\n<\/tr>\n<\/tbody>\n<\/table>\n<p>Images de LED F5 5mm<\/p>\n<p><img fetchpriority=\"high\" decoding=\"async\" width=\"600\" height=\"400\" class=\"wp-image-1203\" src=\"https:\/\/jjled.com\/wp-content\/uploads\/2025\/12\/dip-f5-5mm-led.jpeg\" alt=\"LED DIP F5 5mm\" srcset=\"https:\/\/jjled.com\/wp-content\/uploads\/2025\/12\/dip-f5-5mm-led.jpeg 600w, https:\/\/jjled.com\/wp-content\/uploads\/2025\/12\/dip-f5-5mm-led-18x12.jpeg 18w\" sizes=\"(max-width: 600px) 100vw, 600px\" \/><\/p>\n<p>Taille de la LED DIP F5 5mm 0,06W Blanc chaud<\/p>\n<p><img decoding=\"async\" width=\"510\" height=\"510\" class=\"wp-image-1204\" src=\"https:\/\/jjled.com\/wp-content\/uploads\/2025\/12\/dip-f5-5mm-led-0-06w-warm-white-size.jpeg\" alt=\"Taille de la LED DIP F5 5mm 0,06W Blanc chaud\" srcset=\"https:\/\/jjled.com\/wp-content\/uploads\/2025\/12\/dip-f5-5mm-led-0-06w-warm-white-size.jpeg 510w, https:\/\/jjled.com\/wp-content\/uploads\/2025\/12\/dip-f5-5mm-led-0-06w-warm-white-size-12x12.jpeg 12w, https:\/\/jjled.com\/wp-content\/uploads\/2025\/12\/dip-f5-5mm-led-0-06w-warm-white-size-300x300.jpeg 300w, https:\/\/jjled.com\/wp-content\/uploads\/2025\/12\/dip-f5-5mm-led-0-06w-warm-white-size-100x100.jpeg 100w\" sizes=\"(max-width: 510px) 100vw, 510px\" \/><\/p>\n<table>\n<tbody>\n<tr>\n<td>Fiches techniques<\/td>\n<td colspan=\"6\">Puissance LED \/ Tension LED \/ Courant LED<\/td>\n<\/tr>\n<tr>\n<td>Num\u00e9ro de pi\u00e8ce<\/td>\n<td colspan=\"6\">LED DIP F5 5mm 0,06W Blanc chaud<\/td>\n<\/tr>\n<tr>\n<td colspan=\"2\">Param\u00e8tres de la LED<\/td>\n<td>Symbole<\/td>\n<td colspan=\"2\">Valeur<\/td>\n<td colspan=\"2\">Unit\u00e9<\/td>\n<\/tr>\n<tr>\n<td colspan=\"2\">Dissipation de puissance \/ Puissance LED<\/td>\n<td>Pd(max.)<\/td>\n<td colspan=\"2\">60<\/td>\n<td colspan=\"2\">MW<\/td>\n<\/tr>\n<tr>\n<td colspan=\"2\">Courant de pointe en avant<\/td>\n<td rowspan=\"2\">If (max.)<\/td>\n<td colspan=\"2\" rowspan=\"2\">30<\/td>\n<td colspan=\"2\" rowspan=\"2\">mA<\/td>\n<\/tr>\n<tr>\n<td colspan=\"2\">Cycle de service 1\/10, largeur d'impulsion 0,1 ms<\/td>\n<\/tr>\n<tr>\n<td colspan=\"2\">Courant direct continu \/ Courant LED<\/td>\n<td>If (Typ.)<\/td>\n<td colspan=\"2\">20<\/td>\n<td colspan=\"2\">mA<\/td>\n<\/tr>\n<tr>\n<td colspan=\"2\">Temp\u00e9rature de la bo\u00eetier<\/td>\n<td>Tp<\/td>\n<td colspan=\"2\">120<\/td>\n<td colspan=\"2\">\u2103<\/td>\n<\/tr>\n<tr>\n<td colspan=\"2\">Temp\u00e9rature de jonction LED<\/td>\n<td>Tj<\/td>\n<td colspan=\"2\">120<\/td>\n<td colspan=\"2\">\u2103<\/td>\n<\/tr>\n<tr>\n<td colspan=\"2\">Tension inverse<\/td>\n<td colspan=\"2\">Vr<\/td>\n<td colspan=\"2\">-8<\/td>\n<td colspan=\"2\">V<\/td>\n<\/tr>\n<tr>\n<td colspan=\"2\">R\u00e9sistance thermique, jonction \u00e0 bo\u00eetier<\/td>\n<td colspan=\"2\">R\u0472 j-c<\/td>\n<td colspan=\"2\">0.06<\/td>\n<td colspan=\"2\">\u00b0C\/W<\/td>\n<\/tr>\n<tr>\n<td colspan=\"2\">Temp\u00e9rature de soudure \u2103<\/td>\n<td colspan=\"6\">5 secondes, 260\u00b0C ou moins<\/td>\n<\/tr>\n<tr>\n<td colspan=\"2\">Plage de temp\u00e9rature de fonctionnement<\/td>\n<td colspan=\"2\">Topr<\/td>\n<td colspan=\"4\">-30\u2103 \u00e0 +80\u2103<\/td>\n<\/tr>\n<tr>\n<td colspan=\"2\">Plage de temp\u00e9rature de stockage<\/td>\n<td colspan=\"2\">Tstg<\/td>\n<td colspan=\"4\">-40\u2103 \u00e0 +100\u2103<\/td>\n<\/tr>\n<\/tbody>\n<\/table>\n<table>\n<tbody>\n<tr>\n<td colspan=\"7\">Caract\u00e9ristiques \u00e9lectriques et optiques<\/td>\n<\/tr>\n<tr>\n<td>Param\u00e8tres de la LED<\/td>\n<td>Symbole<\/td>\n<td>Condition de test<\/td>\n<td>Min<\/td>\n<td>Typ<\/td>\n<td>Max<\/td>\n<td>Unit\u00e9<\/td>\n<\/tr>\n<tr>\n<td>Rendu des couleurs<\/td>\n<td>CRI Ra<\/td>\n<td>If=20mA<\/td>\n<td>95<\/td>\n<td><\/td>\n<td>100<\/td>\n<td><\/td>\n<\/tr>\n<tr>\n<td>\u00c9chelle de qualit\u00e9 de la couleur<\/td>\n<td>CQS Qa<\/td>\n<td>If=20mA<\/td>\n<td>95<\/td>\n<td><\/td>\n<td>100<\/td>\n<td><\/td>\n<\/tr>\n<tr>\n<td>Fid\u00e9lit\u00e9<\/td>\n<td>Rf<\/td>\n<td>If=20mA<\/td>\n<td>95<\/td>\n<td><\/td>\n<td>100<\/td>\n<td><\/td>\n<\/tr>\n<tr>\n<td>Gamut<\/td>\n<td>Rg<\/td>\n<td>If=20mA<\/td>\n<td>95<\/td>\n<td><\/td>\n<td>100<\/td>\n<td><\/td>\n<\/tr>\n<tr>\n<td>\u00c9clairage pour la t\u00e9l\u00e9vision<\/td>\n<td rowspan=\"2\">TLCI<\/td>\n<td rowspan=\"2\">If=20mA<\/td>\n<td rowspan=\"2\">95<\/td>\n<td rowspan=\"2\"><\/td>\n<td rowspan=\"2\">100<\/td>\n<td rowspan=\"2\"><\/td>\n<\/tr>\n<tr>\n<td>Indice de coh\u00e9rence de 99<\/td>\n<\/tr>\n<tr>\n<td>Angle de vision<\/td>\n<td>2\u03b81\/2<\/td>\n<td>If=20mA<\/td>\n<td><\/td>\n<td>45<\/td>\n<td><\/td>\n<td>deg<\/td>\n<\/tr>\n<tr>\n<td>Tension directe \/ Tension LED<\/td>\n<td>Vf<\/td>\n<td>If=20mA<\/td>\n<td>2.7<\/td>\n<td><\/td>\n<td>2.9<\/td>\n<td>V<\/td>\n<\/tr>\n<tr>\n<td>Courant inverse<\/td>\n<td>Ir<\/td>\n<td>Vr=8V<\/td>\n<td><\/td>\n<td><\/td>\n<td>10<\/td>\n<td>uA<\/td>\n<\/tr>\n<tr>\n<td>Temp\u00e9rature de couleur<\/td>\n<td>CCT<\/td>\n<td>If=20mA<\/td>\n<td>3000<\/td>\n<td><\/td>\n<td>3450<\/td>\n<td>K<\/td>\n<\/tr>\n<tr>\n<td>Flux lumineux<\/td>\n<td>\u0444<\/td>\n<td>If=20mA<\/td>\n<td>20<\/td>\n<td><\/td>\n<td>23<\/td>\n<td>LM<\/td>\n<\/tr>\n<\/tbody>\n<\/table>\n<p>Distribution relative de la puissance spectrale<\/p>\n<p><img decoding=\"async\" width=\"790\" height=\"413\" class=\"wp-image-1205\" src=\"https:\/\/jjled.com\/wp-content\/uploads\/2025\/12\/word-image-1202-3.png\" srcset=\"https:\/\/jjled.com\/wp-content\/uploads\/2025\/12\/word-image-1202-3.png 790w, https:\/\/jjled.com\/wp-content\/uploads\/2025\/12\/word-image-1202-3-18x9.png 18w, https:\/\/jjled.com\/wp-content\/uploads\/2025\/12\/word-image-1202-3-600x314.png 600w\" sizes=\"(max-width: 790px) 100vw, 790px\" \/><\/p>\n<p>Distribution relative de l'intensit\u00e9<\/p>\n<p><img loading=\"lazy\" decoding=\"async\" width=\"481\" height=\"455\" class=\"wp-image-1206\" src=\"https:\/\/jjled.com\/wp-content\/uploads\/2025\/12\/word-image-1202-4.png\" srcset=\"https:\/\/jjled.com\/wp-content\/uploads\/2025\/12\/word-image-1202-4.png 481w, https:\/\/jjled.com\/wp-content\/uploads\/2025\/12\/word-image-1202-4-13x12.png 13w\" sizes=\"(max-width: 481px) 100vw, 481px\" \/><\/p>\n<p>Diagramme de chromaticit\u00e9<\/p>\n<p><img loading=\"lazy\" decoding=\"async\" width=\"797\" height=\"592\" class=\"wp-image-1207\" src=\"https:\/\/jjled.com\/wp-content\/uploads\/2025\/12\/word-image-1202-5.png\" srcset=\"https:\/\/jjled.com\/wp-content\/uploads\/2025\/12\/word-image-1202-5.png 797w, https:\/\/jjled.com\/wp-content\/uploads\/2025\/12\/word-image-1202-5-16x12.png 16w, https:\/\/jjled.com\/wp-content\/uploads\/2025\/12\/word-image-1202-5-600x446.png 600w\" sizes=\"(max-width: 797px) 100vw, 797px\" \/><\/p>\n<p>LED DIP F5 5mm 0,06W Blanc chaud \u00e0 haute Ra<\/p>\n<p>1. Le num\u00e9ro de rendu des couleurs g\u00e9n\u00e9ral de la source lumineuse standard artificielle pour la lumi\u00e8re du soleil et la lumi\u00e8re proche du soleil est fix\u00e9 \u00e0 100. Plus la coh\u00e9rence entre la couleur du m\u00eame objet sous l'irradiation de la source lumineuse mesur\u00e9e et celle de la source lumineuse standard est grande, plus le Ra est \u00e9lev\u00e9, meilleure est la performance de rendu des couleurs, le Ra \u00e9tant plus petit, plus la performance de rendu des couleurs est mauvaise.<\/p>\n<p>2. Indice de rendu des couleurs \u00e9lev\u00e9, couleur de lumi\u00e8re uniforme, haute efficacit\u00e9 de sortie lumineuse, \u00e9limination du spectre violet, r\u00e9duction de la temp\u00e9rature d'utilisation des phosphores, am\u00e9lioration de la coh\u00e9rence et de la fiabilit\u00e9 du spectre lors de l'utilisation \u00e0 long terme. Utilisation plus longue.<\/p>\n<p>3. CRI95+ est la meilleure affiche, la vraie couleur est restaur\u00e9e. Sous le contraste de la sensation de couleur naturelle, les objets pr\u00e9sent\u00e9s par les yeux sont plus proches de la saveur naturelle d'origine.<\/p>\n<p>4. TLCI (&gt; 95) peut refl\u00e9ter le degr\u00e9 de r\u00e9ception des couleurs et de restauration des couleurs par la cam\u00e9ra. Plus la valeur TLCI est proche de 100, plus le degr\u00e9 de r\u00e9duction des couleurs est \u00e9lev\u00e9, meilleur est l'effet.<\/p>\n<p>5. Dans la s\u00e9rie de coordonn\u00e9es CIE1960, la distance de d\u00e9viation de couleur par rapport \u00e0 la trajectoire du plancher est proche de z\u00e9ro, tandis que toutes les sources lumineuses LED produites par Jingjia Electronic Technology Co., Ltd. sont compar\u00e9es \u00e0 la s\u00e9rie de coordonn\u00e9es CIE1960<\/p>\n<p>&nbsp;<\/p>","protected":false},"excerpt":{"rendered":"<p>Carte PCB LED F5 Ra\/CRI \u00e9lev\u00e9 5mm<\/p>","protected":false},"featured_media":951,"template":"","meta":{"site-sidebar-layout":"default","site-content-layout":"","ast-site-content-layout":"default","site-content-style":"default","site-sidebar-style":"default","ast-global-header-display":"","ast-banner-title-visibility":"","ast-main-header-display":"","ast-hfb-above-header-display":"","ast-hfb-below-header-display":"","ast-hfb-mobile-header-display":"","site-post-title":"","ast-breadcrumbs-content":"","ast-featured-img":"","footer-sml-layout":"","ast-disable-related-posts":"","theme-transparent-header-meta":"default","adv-header-id-meta":"","stick-header-meta":"","header-above-stick-meta":"","header-main-stick-meta":"","header-below-stick-meta":"","astra-migrate-meta-layouts":"set","ast-page-background-enabled":"default","ast-page-background-meta":{"desktop":{"background-color":"var(--ast-global-color-5)","background-image":"","background-repeat":"repeat","background-position":"center center","background-size":"auto","background-attachment":"scroll","background-type":"","background-media":"","overlay-type":"","overlay-color":"","overlay-opacity":"","overlay-gradient":""},"tablet":{"background-color":"","background-image":"","background-repeat":"repeat","background-position":"center center","background-size":"auto","background-attachment":"scroll","background-type":"","background-media":"","overlay-type":"","overlay-color":"","overlay-opacity":"","overlay-gradient":""},"mobile":{"background-color":"","background-image":"","background-repeat":"repeat","background-position":"center center","background-size":"auto","background-attachment":"scroll","background-type":"","background-media":"","overlay-type":"","overlay-color":"","overlay-opacity":"","overlay-gradient":""}},"ast-content-background-meta":{"desktop":{"background-color":"var(--ast-global-color-4)","background-image":"","background-repeat":"repeat","background-position":"center center","background-size":"auto","background-attachment":"scroll","background-type":"","background-media":"","overlay-type":"","overlay-color":"","overlay-opacity":"","overlay-gradient":""},"tablet":{"background-color":"var(--ast-global-color-4)","background-image":"","background-repeat":"repeat","background-position":"center center","background-size":"auto","background-attachment":"scroll","background-type":"","background-media":"","overlay-type":"","overlay-color":"","overlay-opacity":"","overlay-gradient":""},"mobile":{"background-color":"var(--ast-global-color-4)","background-image":"","background-repeat":"repeat","background-position":"center center","background-size":"auto","background-attachment":"scroll","background-type":"","background-media":"","overlay-type":"","overlay-color":"","overlay-opacity":"","overlay-gradient":""}}},"product_brand":[],"product_cat":[74,76],"product_tag":[77,54,51],"class_list":{"0":"post-1202","1":"product","2":"type-product","3":"status-publish","4":"has-post-thumbnail","6":"product_cat-bi-color","7":"product_cat-dip-led","8":"product_tag-5mm-led","9":"product_tag-bi-color-white-yellow-leds","10":"product_tag-dip-led","11":"desktop-align-left","12":"tablet-align-left","13":"mobile-align-left","15":"first","16":"instock","17":"shipping-taxable","18":"product-type-simple"},"_links":{"self":[{"href":"https:\/\/jjled.com\/fr\/wp-json\/wp\/v2\/product\/1202","targetHints":{"allow":["GET"]}}],"collection":[{"href":"https:\/\/jjled.com\/fr\/wp-json\/wp\/v2\/product"}],"about":[{"href":"https:\/\/jjled.com\/fr\/wp-json\/wp\/v2\/types\/product"}],"version-history":[{"count":1,"href":"https:\/\/jjled.com\/fr\/wp-json\/wp\/v2\/product\/1202\/revisions"}],"predecessor-version":[{"id":1208,"href":"https:\/\/jjled.com\/fr\/wp-json\/wp\/v2\/product\/1202\/revisions\/1208"}],"wp:featuredmedia":[{"embeddable":true,"href":"https:\/\/jjled.com\/fr\/wp-json\/wp\/v2\/media\/951"}],"wp:attachment":[{"href":"https:\/\/jjled.com\/fr\/wp-json\/wp\/v2\/media?parent=1202"}],"wp:term":[{"taxonomy":"product_brand","embeddable":true,"href":"https:\/\/jjled.com\/fr\/wp-json\/wp\/v2\/product_brand?post=1202"},{"taxonomy":"product_cat","embeddable":true,"href":"https:\/\/jjled.com\/fr\/wp-json\/wp\/v2\/product_cat?post=1202"},{"taxonomy":"product_tag","embeddable":true,"href":"https:\/\/jjled.com\/fr\/wp-json\/wp\/v2\/product_tag?post=1202"}],"curies":[{"name":"wp","href":"https:\/\/api.w.org\/{rel}","templated":true}]}}