{"id":1198,"date":"2025-12-31T15:16:05","date_gmt":"2025-12-31T07:16:05","guid":{"rendered":"https:\/\/jjled.com\/?post_type=product&#038;p=1198"},"modified":"2025-12-31T15:24:35","modified_gmt":"2025-12-31T07:24:35","slug":"ring-led-pcb-board","status":"publish","type":"product","link":"https:\/\/jjled.com\/it\/product\/ring-led-pcb-board\/","title":{"rendered":"Scheda PCB per luce a anello LED DC24V personalizzata per fotografia professionale e video come luce di riempimento"},"content":{"rendered":"<h1>Scheda PCB della luce a anello LED ad alto Ra \/ CRI<\/h1>\n<p>Applicazioni del prodotto<\/p>\n<table>\n<tbody>\n<tr>\n<td>Luce di riempimento per fotografia<\/td>\n<td>Illuminazione della libreria<\/td>\n<\/tr>\n<tr>\n<td>Luce di riempimento per cinema e TV<\/td>\n<td>Illuminazione del laboratorio tessile<\/td>\n<\/tr>\n<tr>\n<td>Luce di riempimento per video<\/td>\n<td>Illuminazione della sala esposizioni<\/td>\n<\/tr>\n<tr>\n<td>Luce di riempimento per studio<\/td>\n<td>Illuminazione del negozio di vernici<\/td>\n<\/tr>\n<tr>\n<td>Luce di riempimento per bellezza<\/td>\n<td>Illuminazione per ufficio<\/td>\n<\/tr>\n<tr>\n<td>Luce di riempimento per ciglia<\/td>\n<td>Illuminazione del museo<\/td>\n<\/tr>\n<tr>\n<td>Luce di riempimento per unghie<\/td>\n<td>Illuminazione per spettacoli<\/td>\n<\/tr>\n<tr>\n<td>Luce da lettura<\/td>\n<td>Illuminazione del laboratorio<\/td>\n<\/tr>\n<tr>\n<td>Luce fotografica<\/td>\n<td>Illuminazione per alimenti freschi<\/td>\n<\/tr>\n<tr>\n<td>Luce per fotocamere<\/td>\n<td>Illuminazione ospedaliera<\/td>\n<\/tr>\n<tr>\n<td>Illuminazione scolastica<\/td>\n<td>Illuminazione del mercato<\/td>\n<\/tr>\n<tr>\n<td>Illuminazione delle aule<\/td>\n<td>Illuminazione per tintura e stampa<\/td>\n<\/tr>\n<tr>\n<td>Illuminazione della sala operatoria<\/td>\n<td>Illuminazione artistica e di design<\/td>\n<\/tr>\n<\/tbody>\n<\/table>\n<p>Parametri personalizzabili per<\/p>\n<h2>Scheda PCB della luce a anello LED<\/h2>\n<table>\n<tbody>\n<tr>\n<td>Dimensione della scheda PCB<\/td>\n<td>Materiale della scheda PCB<\/td>\n<td>Spessore della scheda PCB<\/td>\n<\/tr>\n<tr>\n<td>Posizione dei fori sulla scheda PCB<\/td>\n<td>Forma della scheda PCB<\/td>\n<td>Formato dell'array di LED<\/td>\n<\/tr>\n<tr>\n<td>Configurazione serie-parallelo dei LED<\/td>\n<td>Tensione PCBA<\/td>\n<td>Corrente PCBA<\/td>\n<\/tr>\n<tr>\n<td>Indice RA\/CRI dei LED<\/td>\n<td>lunghezza d'onda<\/td>\n<td>Colore<\/td>\n<\/tr>\n<tr>\n<td>Servizio di Assemblaggio<\/td>\n<td>SMT<\/td>\n<td>OEM<\/td>\n<\/tr>\n<\/tbody>\n<\/table>\n<p>Componenti Principali:<\/p>\n<h2>LED SMD 2835 0.2W Bianco Caldo<\/h2>\n<table>\n<tbody>\n<tr>\n<td>NUMERO TIPO<\/td>\n<td>LED SMD 2835 0.2W Bianco Caldo<\/td>\n<\/tr>\n<tr>\n<td>Numero Parte<\/td>\n<td>SP-2093C<\/td>\n<\/tr>\n<\/tbody>\n<\/table>\n<p>Immagini LED 2835<\/p>\n<p><img fetchpriority=\"high\" decoding=\"async\" width=\"266\" height=\"296\" class=\"wp-image-1149\" src=\"https:\/\/jjled.com\/wp-content\/uploads\/2025\/12\/SMD-high-ra-cri-2835-LED-0.2W-Warm-White.png\" srcset=\"https:\/\/jjled.com\/wp-content\/uploads\/2025\/12\/SMD-high-ra-cri-2835-LED-0.2W-Warm-White.png 266w, https:\/\/jjled.com\/wp-content\/uploads\/2025\/12\/SMD-high-ra-cri-2835-LED-0.2W-Warm-White-11x12.png 11w\" sizes=\"(max-width: 266px) 100vw, 266px\" \/><\/p>\n<p>Dimensione LED 2835<\/p>\n<p><img decoding=\"async\" width=\"771\" height=\"376\" class=\"wp-image-1150\" src=\"https:\/\/jjled.com\/wp-content\/uploads\/2025\/12\/Warm-White-SMD-high-ra-cri-2835-LED-0.2W-Size.png\" srcset=\"https:\/\/jjled.com\/wp-content\/uploads\/2025\/12\/Warm-White-SMD-high-ra-cri-2835-LED-0.2W-Size.png 771w, https:\/\/jjled.com\/wp-content\/uploads\/2025\/12\/Warm-White-SMD-high-ra-cri-2835-LED-0.2W-Size-600x293.png 600w, https:\/\/jjled.com\/wp-content\/uploads\/2025\/12\/Warm-White-SMD-high-ra-cri-2835-LED-0.2W-Size-18x9.png 18w\" sizes=\"(max-width: 771px) 100vw, 771px\" \/><\/p>\n<p>Schema di saldatura consigliato per PCB, pattern di pad per LED 2835<\/p>\n<p><img decoding=\"async\" width=\"590\" height=\"461\" class=\"wp-image-1151\" src=\"https:\/\/jjled.com\/wp-content\/uploads\/2025\/12\/Warm-White-SMD-high-ra-cri-2835-LED-0.2W-Pad-Pattern.png\" srcset=\"https:\/\/jjled.com\/wp-content\/uploads\/2025\/12\/Warm-White-SMD-high-ra-cri-2835-LED-0.2W-Pad-Pattern.png 590w, https:\/\/jjled.com\/wp-content\/uploads\/2025\/12\/Warm-White-SMD-high-ra-cri-2835-LED-0.2W-Pad-Pattern-15x12.png 15w\" sizes=\"(max-width: 590px) 100vw, 590px\" \/><\/p>\n<table>\n<tbody>\n<tr>\n<td>Schede tecniche<\/td>\n<td colspan=\"6\">Potenza LED \/ Tensione LED \/ Corrente LED<\/td>\n<\/tr>\n<tr>\n<td>Numero di parte<\/td>\n<td colspan=\"6\">LED SMD 2835 0.2W Bianco Caldo<\/td>\n<\/tr>\n<tr>\n<td colspan=\"2\">Parametri LED<\/td>\n<td>Simbolo<\/td>\n<td colspan=\"2\">Valore<\/td>\n<td colspan=\"2\">Unit\u00e0<\/td>\n<\/tr>\n<tr>\n<td colspan=\"2\">Dissipazione di potenza \/ Potenza LED<\/td>\n<td>Pd(max.)<\/td>\n<td colspan=\"2\">200<\/td>\n<td colspan=\"2\">MW<\/td>\n<\/tr>\n<tr>\n<td colspan=\"2\">Corrente di picco in avanti<\/td>\n<td rowspan=\"2\">If (max.)<\/td>\n<td colspan=\"2\" rowspan=\"2\">100<\/td>\n<td colspan=\"2\" rowspan=\"2\">mA<\/td>\n<\/tr>\n<tr>\n<td colspan=\"2\">Ciclo di lavoro 1\/10, larghezza d'impulso 0,1ms<\/td>\n<\/tr>\n<tr>\n<td colspan=\"2\">Corrente diretta continua \/ Corrente LED<\/td>\n<td>If (Typ.)<\/td>\n<td colspan=\"2\">60<\/td>\n<td colspan=\"2\">mA<\/td>\n<\/tr>\n<tr>\n<td colspan=\"2\">Temperatura della custodia<\/td>\n<td>Tp<\/td>\n<td colspan=\"2\">120<\/td>\n<td colspan=\"2\">\u2103<\/td>\n<\/tr>\n<tr>\n<td colspan=\"2\">Temperatura di giunzione LED<\/td>\n<td>Tj<\/td>\n<td colspan=\"2\">120<\/td>\n<td colspan=\"2\">\u2103<\/td>\n<\/tr>\n<tr>\n<td colspan=\"2\">Tensione inversa<\/td>\n<td colspan=\"2\">Vr<\/td>\n<td colspan=\"2\">-8<\/td>\n<td colspan=\"2\">V<\/td>\n<\/tr>\n<tr>\n<td colspan=\"2\">Resistenza termica, giunzione a caso<\/td>\n<td colspan=\"2\">R\u0472 j-c<\/td>\n<td colspan=\"2\">0.06<\/td>\n<td colspan=\"2\">\u00b0C\/W<\/td>\n<\/tr>\n<tr>\n<td colspan=\"2\">Temperatura di saldatura \u2103<\/td>\n<td colspan=\"6\">5 secondi, 260\u00b0C o inferiore<\/td>\n<\/tr>\n<tr>\n<td colspan=\"2\">Gamma di temperatura di funzionamento<\/td>\n<td colspan=\"2\">Topr<\/td>\n<td colspan=\"4\">-30\u2103 a +80\u2103<\/td>\n<\/tr>\n<tr>\n<td colspan=\"2\">Gamma di temperatura di stoccaggio<\/td>\n<td colspan=\"2\">Tstg<\/td>\n<td colspan=\"4\">-40\u2103 a +100\u2103<\/td>\n<\/tr>\n<\/tbody>\n<\/table>\n<table>\n<tbody>\n<tr>\n<td colspan=\"7\">Caratteristiche elettriche e ottiche<\/td>\n<\/tr>\n<tr>\n<td>Parametri LED<\/td>\n<td>Simbolo<\/td>\n<td>Condizione di prova<\/td>\n<td>Min<\/td>\n<td>Typ<\/td>\n<td>Massimo<\/td>\n<td>Unit\u00e0<\/td>\n<\/tr>\n<tr>\n<td>Riproduzione del Colore<\/td>\n<td>CRI Ra<\/td>\n<td>Se=60mA<\/td>\n<td>95<\/td>\n<td><\/td>\n<td>100<\/td>\n<td><\/td>\n<\/tr>\n<tr>\n<td>Scala di Qualit\u00e0 del Colore<\/td>\n<td>CQS Qa<\/td>\n<td>Se=60mA<\/td>\n<td>95<\/td>\n<td><\/td>\n<td>100<\/td>\n<td><\/td>\n<\/tr>\n<tr>\n<td>Fedelt\u00e0<\/td>\n<td>Rf<\/td>\n<td>Se=60mA<\/td>\n<td>95<\/td>\n<td><\/td>\n<td>100<\/td>\n<td><\/td>\n<\/tr>\n<tr>\n<td>Gamut<\/td>\n<td>Rg<\/td>\n<td>8<\/td>\n<td>95<\/td>\n<td><\/td>\n<td>100<\/td>\n<td><\/td>\n<\/tr>\n<tr>\n<td>Illuminazione Televisiva<\/td>\n<td rowspan=\"2\">TLCI<\/td>\n<td rowspan=\"2\">Se=60mA<\/td>\n<td rowspan=\"2\">95<\/td>\n<td rowspan=\"2\"><\/td>\n<td rowspan=\"2\">100<\/td>\n<td rowspan=\"2\"><\/td>\n<\/tr>\n<tr>\n<td>Indice di Coerenza del 99<\/td>\n<\/tr>\n<tr>\n<td>Angolo di visione<\/td>\n<td>2\u03b81\/2<\/td>\n<td>Se=60mA<\/td>\n<td><\/td>\n<td>120<\/td>\n<td><\/td>\n<td>gradi<\/td>\n<\/tr>\n<tr>\n<td>Tensione diretta \/ Tensione LED<\/td>\n<td>V f<\/td>\n<td>Se=60mA<\/td>\n<td>2.8<\/td>\n<td><\/td>\n<td>3<\/td>\n<td>V<\/td>\n<\/tr>\n<tr>\n<td>Corrente di Inversione<\/td>\n<td>I r<\/td>\n<td>Vr=8V<\/td>\n<td><\/td>\n<td><\/td>\n<td>10<\/td>\n<td>uA<\/td>\n<\/tr>\n<tr>\n<td>Temperatura del colore<\/td>\n<td>CCT<\/td>\n<td>Se=60mA<\/td>\n<td>3000<\/td>\n<td><\/td>\n<td>3450<\/td>\n<td>K<\/td>\n<\/tr>\n<tr>\n<td>Flusso luminoso<\/td>\n<td>\u0444<\/td>\n<td>Se=60mA<\/td>\n<td>20<\/td>\n<td><\/td>\n<td>23<\/td>\n<td>LM<\/td>\n<\/tr>\n<\/tbody>\n<\/table>\n<p>Distribuzione relativa della potenza spettrale<\/p>\n<p><img loading=\"lazy\" decoding=\"async\" width=\"790\" height=\"413\" class=\"wp-image-1152\" src=\"https:\/\/jjled.com\/wp-content\/uploads\/2025\/12\/Warm-White-SMD-high-ra-cri-2835-LED-0.2W-Relative-Spectral-Power-Distribution.png\" srcset=\"https:\/\/jjled.com\/wp-content\/uploads\/2025\/12\/Warm-White-SMD-high-ra-cri-2835-LED-0.2W-Relative-Spectral-Power-Distribution.png 790w, https:\/\/jjled.com\/wp-content\/uploads\/2025\/12\/Warm-White-SMD-high-ra-cri-2835-LED-0.2W-Relative-Spectral-Power-Distribution-600x314.png 600w, https:\/\/jjled.com\/wp-content\/uploads\/2025\/12\/Warm-White-SMD-high-ra-cri-2835-LED-0.2W-Relative-Spectral-Power-Distribution-18x9.png 18w\" sizes=\"(max-width: 790px) 100vw, 790px\" \/><\/p>\n<p>Distribuzione relativa dell'intensit\u00e0<\/p>\n<p><img loading=\"lazy\" decoding=\"async\" width=\"481\" height=\"455\" class=\"wp-image-1153\" src=\"https:\/\/jjled.com\/wp-content\/uploads\/2025\/12\/Warm-White-SMD-high-ra-cri-2835-LED-0.2W-Relative-intensity-distribution.png\" srcset=\"https:\/\/jjled.com\/wp-content\/uploads\/2025\/12\/Warm-White-SMD-high-ra-cri-2835-LED-0.2W-Relative-intensity-distribution.png 481w, https:\/\/jjled.com\/wp-content\/uploads\/2025\/12\/Warm-White-SMD-high-ra-cri-2835-LED-0.2W-Relative-intensity-distribution-13x12.png 13w\" sizes=\"(max-width: 481px) 100vw, 481px\" \/><\/p>\n<p>Grafico della cromaticit\u00e0<\/p>\n<p><img loading=\"lazy\" decoding=\"async\" width=\"797\" height=\"592\" class=\"wp-image-1154\" src=\"https:\/\/jjled.com\/wp-content\/uploads\/2025\/12\/Warm-White-SMD-high-ra-cri-2835-LED-0.2W-Chromaticity-Chart.png\" srcset=\"https:\/\/jjled.com\/wp-content\/uploads\/2025\/12\/Warm-White-SMD-high-ra-cri-2835-LED-0.2W-Chromaticity-Chart.png 797w, https:\/\/jjled.com\/wp-content\/uploads\/2025\/12\/Warm-White-SMD-high-ra-cri-2835-LED-0.2W-Chromaticity-Chart-600x446.png 600w, https:\/\/jjled.com\/wp-content\/uploads\/2025\/12\/Warm-White-SMD-high-ra-cri-2835-LED-0.2W-Chromaticity-Chart-16x12.png 16w\" sizes=\"(max-width: 797px) 100vw, 797px\" \/><\/p>\n<p>SMD 2835 LED 0.2W Bianco Caldo Ra Introduzione<\/p>\n<p>1. Il numero di resa cromatica generale della sorgente luminosa artificiale standard per la luce solare e la luce quasi solare \u00e8 impostato a 100. Pi\u00f9 alta \u00e8 la coerenza tra il colore dello stesso oggetto sotto l'irradiazione della sorgente luminosa misurata e quella della sorgente luminosa standard, maggiore \u00e8 il Ra, migliore \u00e8 la resa cromatica, pi\u00f9 piccolo \u00e8 il Ra e peggiore \u00e8 la resa cromatica.<\/p>\n<p>2. Alto indice di resa cromatica, colore della luce uniforme, alta efficienza di emissione luminosa, eliminazione dello spettro violetto, riduzione della temperatura di utilizzo dei fosfori, miglioramento della coerenza e affidabilit\u00e0 dello spettro nel lungo periodo di utilizzo. Uso pi\u00f9 duraturo.<\/p>\n<p>3. CRI95+ \u00e8 il massimo livello di visualizzazione, il colore reale viene ripristinato. Sotto il contrasto della percezione del colore naturale, gli oggetti presentati dagli occhi sono pi\u00f9 vicini al sapore naturale originale.<\/p>\n<p>4. TLCI (&gt; 95) pu\u00f2 riflettere il grado di ricezione e ripristino del colore della fotocamera. Pi\u00f9 il valore TLCI si avvicina a 100, maggiore \u00e8 la riduzione del colore, migliore \u00e8 l'effetto.<\/p>\n<p>5. Nella serie di coordinate CIE1960, la distanza di deviazione del colore dalla traiettoria del piano \u00e8 vicina a zero, mentre tutte le sorgenti luminose LED prodotte da Jingjia Electronic Technology Co., Ltd. sono confrontate con la serie di coordinate CIE1960<\/p>","protected":false},"excerpt":{"rendered":"<div class=\"top_tip\">personalizzata 2835 <strong>High Ra \/ CRI Ring Light LED PCB Board<\/strong><\/div>","protected":false},"featured_media":735,"template":"","meta":{"site-sidebar-layout":"default","site-content-layout":"","ast-site-content-layout":"default","site-content-style":"default","site-sidebar-style":"default","ast-global-header-display":"","ast-banner-title-visibility":"","ast-main-header-display":"","ast-hfb-above-header-display":"","ast-hfb-below-header-display":"","ast-hfb-mobile-header-display":"","site-post-title":"","ast-breadcrumbs-content":"","ast-featured-img":"","footer-sml-layout":"","ast-disable-related-posts":"","theme-transparent-header-meta":"default","adv-header-id-meta":"","stick-header-meta":"","header-above-stick-meta":"","header-main-stick-meta":"","header-below-stick-meta":"","astra-migrate-meta-layouts":"set","ast-page-background-enabled":"default","ast-page-background-meta":{"desktop":{"background-color":"var(--ast-global-color-5)","background-image":"","background-repeat":"repeat","background-position":"center center","background-size":"auto","background-attachment":"scroll","background-type":"","background-media":"","overlay-type":"","overlay-color":"","overlay-opacity":"","overlay-gradient":""},"tablet":{"background-color":"","background-image":"","background-repeat":"repeat","background-position":"center center","background-size":"auto","background-attachment":"scroll","background-type":"","background-media":"","overlay-type":"","overlay-color":"","overlay-opacity":"","overlay-gradient":""},"mobile":{"background-color":"","background-image":"","background-repeat":"repeat","background-position":"center center","background-size":"auto","background-attachment":"scroll","background-type":"","background-media":"","overlay-type":"","overlay-color":"","overlay-opacity":"","overlay-gradient":""}},"ast-content-background-meta":{"desktop":{"background-color":"var(--ast-global-color-4)","background-image":"","background-repeat":"repeat","background-position":"center center","background-size":"auto","background-attachment":"scroll","background-type":"","background-media":"","overlay-type":"","overlay-color":"","overlay-opacity":"","overlay-gradient":""},"tablet":{"background-color":"var(--ast-global-color-4)","background-image":"","background-repeat":"repeat","background-position":"center center","background-size":"auto","background-attachment":"scroll","background-type":"","background-media":"","overlay-type":"","overlay-color":"","overlay-opacity":"","overlay-gradient":""},"mobile":{"background-color":"var(--ast-global-color-4)","background-image":"","background-repeat":"repeat","background-position":"center center","background-size":"auto","background-attachment":"scroll","background-type":"","background-media":"","overlay-type":"","overlay-color":"","overlay-opacity":"","overlay-gradient":""}}},"product_brand":[],"product_cat":[40,74],"product_tag":[48,54],"class_list":{"0":"post-1198","1":"product","2":"type-product","3":"status-publish","4":"has-post-thumbnail","6":"product_cat-smd-2835","7":"product_cat-bi-color","8":"product_tag-48","9":"product_tag-bi-color-white-yellow-leds","10":"desktop-align-left","11":"tablet-align-left","12":"mobile-align-left","14":"first","15":"instock","16":"shipping-taxable","17":"product-type-simple"},"_links":{"self":[{"href":"https:\/\/jjled.com\/it\/wp-json\/wp\/v2\/product\/1198","targetHints":{"allow":["GET"]}}],"collection":[{"href":"https:\/\/jjled.com\/it\/wp-json\/wp\/v2\/product"}],"about":[{"href":"https:\/\/jjled.com\/it\/wp-json\/wp\/v2\/types\/product"}],"version-history":[{"count":1,"href":"https:\/\/jjled.com\/it\/wp-json\/wp\/v2\/product\/1198\/revisions"}],"predecessor-version":[{"id":1199,"href":"https:\/\/jjled.com\/it\/wp-json\/wp\/v2\/product\/1198\/revisions\/1199"}],"wp:featuredmedia":[{"embeddable":true,"href":"https:\/\/jjled.com\/it\/wp-json\/wp\/v2\/media\/735"}],"wp:attachment":[{"href":"https:\/\/jjled.com\/it\/wp-json\/wp\/v2\/media?parent=1198"}],"wp:term":[{"taxonomy":"product_brand","embeddable":true,"href":"https:\/\/jjled.com\/it\/wp-json\/wp\/v2\/product_brand?post=1198"},{"taxonomy":"product_cat","embeddable":true,"href":"https:\/\/jjled.com\/it\/wp-json\/wp\/v2\/product_cat?post=1198"},{"taxonomy":"product_tag","embeddable":true,"href":"https:\/\/jjled.com\/it\/wp-json\/wp\/v2\/product_tag?post=1198"}],"curies":[{"name":"wp","href":"https:\/\/api.w.org\/{rel}","templated":true}]}}