{"id":1202,"date":"2025-12-31T17:35:09","date_gmt":"2025-12-31T09:35:09","guid":{"rendered":"https:\/\/jjled.com\/?post_type=product&#038;p=1202"},"modified":"2025-12-31T17:35:10","modified_gmt":"2025-12-31T09:35:10","slug":"high-ra-cri-f5-5mm-led-pcb-board","status":"publish","type":"product","link":"https:\/\/jjled.com\/it\/product\/high-ra-cri-f5-5mm-led-pcb-board\/","title":{"rendered":"Scheda PCB LED F5 5mm con Ra\/CRI elevato"},"content":{"rendered":"<h1>Scheda PCB LED F5 5mm con Ra\/CRI elevato<\/h1>\n<p>Applicazioni del prodotto<\/p>\n<table>\n<tbody>\n<tr>\n<td>Luce di riempimento per fotografia<\/td>\n<td>Illuminazione della libreria<\/td>\n<\/tr>\n<tr>\n<td>Luce di riempimento per cinema e TV<\/td>\n<td>Illuminazione del laboratorio tessile<\/td>\n<\/tr>\n<tr>\n<td>Luce di riempimento per video<\/td>\n<td>Illuminazione della sala esposizioni<\/td>\n<\/tr>\n<tr>\n<td>Luce di riempimento per studio<\/td>\n<td>Illuminazione del negozio di vernici<\/td>\n<\/tr>\n<tr>\n<td>Luce di riempimento per bellezza<\/td>\n<td>Illuminazione per ufficio<\/td>\n<\/tr>\n<tr>\n<td>Luce di riempimento per ciglia<\/td>\n<td>Illuminazione del museo<\/td>\n<\/tr>\n<tr>\n<td>Luce di riempimento per unghie<\/td>\n<td>Illuminazione per spettacoli<\/td>\n<\/tr>\n<tr>\n<td>Luce da lettura<\/td>\n<td>Illuminazione del laboratorio<\/td>\n<\/tr>\n<tr>\n<td>Luce fotografica<\/td>\n<td>Illuminazione per alimenti freschi<\/td>\n<\/tr>\n<tr>\n<td>Luce per fotocamere<\/td>\n<td>Illuminazione ospedaliera<\/td>\n<\/tr>\n<tr>\n<td>Illuminazione scolastica<\/td>\n<td>Illuminazione del mercato<\/td>\n<\/tr>\n<tr>\n<td>Illuminazione delle aule<\/td>\n<td>Illuminazione per tintura e stampa<\/td>\n<\/tr>\n<tr>\n<td>Illuminazione della sala operatoria<\/td>\n<td>Illuminazione artistica e di design<\/td>\n<\/tr>\n<\/tbody>\n<\/table>\n<p>Parametri personalizzabili per<\/p>\n<h2>Scheda PCB a LED<\/h2>\n<table>\n<tbody>\n<tr>\n<td>Dimensione della scheda PCB<\/td>\n<td>Materiale della scheda PCB<\/td>\n<td>Spessore della scheda PCB<\/td>\n<\/tr>\n<tr>\n<td>Posizione dei fori sulla scheda PCB<\/td>\n<td>Forma della scheda PCB<\/td>\n<td>Formato dell'array di LED<\/td>\n<\/tr>\n<tr>\n<td>Configurazione serie-parallelo dei LED<\/td>\n<td>Tensione PCBA<\/td>\n<td>Corrente PCBA<\/td>\n<\/tr>\n<tr>\n<td>Indice RA\/CRI dei LED<\/td>\n<td>lunghezza d'onda<\/td>\n<td>Colore<\/td>\n<\/tr>\n<tr>\n<td>Servizio di Assemblaggio<\/td>\n<td>SMT<\/td>\n<td>OEM<\/td>\n<\/tr>\n<\/tbody>\n<\/table>\n<p>Componenti Principali:<\/p>\n<h2>DIP F5 5mm LED 0.06W Warm White<\/h2>\n<table>\n<tbody>\n<tr>\n<td>NUMERO TIPO<\/td>\n<td>DIP F5 5mm LED 0.06W Warm White<\/td>\n<\/tr>\n<tr>\n<td>Numero Parte<\/td>\n<td>SP-W433B<\/td>\n<\/tr>\n<\/tbody>\n<\/table>\n<p>F5 5mm LED Pictures<\/p>\n<p><img fetchpriority=\"high\" decoding=\"async\" width=\"600\" height=\"400\" class=\"wp-image-1203\" src=\"https:\/\/jjled.com\/wp-content\/uploads\/2025\/12\/dip-f5-5mm-led.jpeg\" alt=\"DIP F5 5mm LED\" srcset=\"https:\/\/jjled.com\/wp-content\/uploads\/2025\/12\/dip-f5-5mm-led.jpeg 600w, https:\/\/jjled.com\/wp-content\/uploads\/2025\/12\/dip-f5-5mm-led-18x12.jpeg 18w\" sizes=\"(max-width: 600px) 100vw, 600px\" \/><\/p>\n<p>DIP F5 5mm LED 0.06W Warm White Size<\/p>\n<p><img decoding=\"async\" width=\"510\" height=\"510\" class=\"wp-image-1204\" src=\"https:\/\/jjled.com\/wp-content\/uploads\/2025\/12\/dip-f5-5mm-led-0-06w-warm-white-size.jpeg\" alt=\"DIP F5 5mm LED 0.06W Warm White Size\" srcset=\"https:\/\/jjled.com\/wp-content\/uploads\/2025\/12\/dip-f5-5mm-led-0-06w-warm-white-size.jpeg 510w, https:\/\/jjled.com\/wp-content\/uploads\/2025\/12\/dip-f5-5mm-led-0-06w-warm-white-size-12x12.jpeg 12w, https:\/\/jjled.com\/wp-content\/uploads\/2025\/12\/dip-f5-5mm-led-0-06w-warm-white-size-300x300.jpeg 300w, https:\/\/jjled.com\/wp-content\/uploads\/2025\/12\/dip-f5-5mm-led-0-06w-warm-white-size-100x100.jpeg 100w\" sizes=\"(max-width: 510px) 100vw, 510px\" \/><\/p>\n<table>\n<tbody>\n<tr>\n<td>Schede tecniche<\/td>\n<td colspan=\"6\">Potenza LED \/ Tensione LED \/ Corrente LED<\/td>\n<\/tr>\n<tr>\n<td>Numero di parte<\/td>\n<td colspan=\"6\">DIP F5 5mm LED 0.06W Warm White<\/td>\n<\/tr>\n<tr>\n<td colspan=\"2\">Parametri LED<\/td>\n<td>Simbolo<\/td>\n<td colspan=\"2\">Valore<\/td>\n<td colspan=\"2\">Unit\u00e0<\/td>\n<\/tr>\n<tr>\n<td colspan=\"2\">Dissipazione di potenza \/ Potenza LED<\/td>\n<td>Pd(max.)<\/td>\n<td colspan=\"2\">60<\/td>\n<td colspan=\"2\">MW<\/td>\n<\/tr>\n<tr>\n<td colspan=\"2\">Corrente di picco in avanti<\/td>\n<td rowspan=\"2\">If (max.)<\/td>\n<td colspan=\"2\" rowspan=\"2\">30<\/td>\n<td colspan=\"2\" rowspan=\"2\">mA<\/td>\n<\/tr>\n<tr>\n<td colspan=\"2\">Ciclo di lavoro 1\/10, larghezza d'impulso 0,1ms<\/td>\n<\/tr>\n<tr>\n<td colspan=\"2\">Corrente diretta continua \/ Corrente LED<\/td>\n<td>If (Typ.)<\/td>\n<td colspan=\"2\">20<\/td>\n<td colspan=\"2\">mA<\/td>\n<\/tr>\n<tr>\n<td colspan=\"2\">Temperatura della custodia<\/td>\n<td>Tp<\/td>\n<td colspan=\"2\">120<\/td>\n<td colspan=\"2\">\u2103<\/td>\n<\/tr>\n<tr>\n<td colspan=\"2\">Temperatura di giunzione LED<\/td>\n<td>Tj<\/td>\n<td colspan=\"2\">120<\/td>\n<td colspan=\"2\">\u2103<\/td>\n<\/tr>\n<tr>\n<td colspan=\"2\">Tensione inversa<\/td>\n<td colspan=\"2\">Vr<\/td>\n<td colspan=\"2\">-8<\/td>\n<td colspan=\"2\">V<\/td>\n<\/tr>\n<tr>\n<td colspan=\"2\">Resistenza termica, giunzione a caso<\/td>\n<td colspan=\"2\">R\u0472 j-c<\/td>\n<td colspan=\"2\">0.06<\/td>\n<td colspan=\"2\">\u00b0C\/W<\/td>\n<\/tr>\n<tr>\n<td colspan=\"2\">Temperatura di saldatura \u2103<\/td>\n<td colspan=\"6\">5 secondi, 260\u00b0C o inferiore<\/td>\n<\/tr>\n<tr>\n<td colspan=\"2\">Gamma di temperatura di funzionamento<\/td>\n<td colspan=\"2\">Topr<\/td>\n<td colspan=\"4\">-30\u2103 a +80\u2103<\/td>\n<\/tr>\n<tr>\n<td colspan=\"2\">Gamma di temperatura di stoccaggio<\/td>\n<td colspan=\"2\">Tstg<\/td>\n<td colspan=\"4\">-40\u2103 a +100\u2103<\/td>\n<\/tr>\n<\/tbody>\n<\/table>\n<table>\n<tbody>\n<tr>\n<td colspan=\"7\">Caratteristiche elettriche e ottiche<\/td>\n<\/tr>\n<tr>\n<td>Parametri LED<\/td>\n<td>Simbolo<\/td>\n<td>Condizione di prova<\/td>\n<td>Min<\/td>\n<td>Typ<\/td>\n<td>Massimo<\/td>\n<td>Unit\u00e0<\/td>\n<\/tr>\n<tr>\n<td>Riproduzione del Colore<\/td>\n<td>CRI Ra<\/td>\n<td>If=20mA<\/td>\n<td>95<\/td>\n<td><\/td>\n<td>100<\/td>\n<td><\/td>\n<\/tr>\n<tr>\n<td>Scala di Qualit\u00e0 del Colore<\/td>\n<td>CQS Qa<\/td>\n<td>If=20mA<\/td>\n<td>95<\/td>\n<td><\/td>\n<td>100<\/td>\n<td><\/td>\n<\/tr>\n<tr>\n<td>Fedelt\u00e0<\/td>\n<td>Rf<\/td>\n<td>If=20mA<\/td>\n<td>95<\/td>\n<td><\/td>\n<td>100<\/td>\n<td><\/td>\n<\/tr>\n<tr>\n<td>Gamut<\/td>\n<td>Rg<\/td>\n<td>If=20mA<\/td>\n<td>95<\/td>\n<td><\/td>\n<td>100<\/td>\n<td><\/td>\n<\/tr>\n<tr>\n<td>Illuminazione Televisiva<\/td>\n<td rowspan=\"2\">TLCI<\/td>\n<td rowspan=\"2\">If=20mA<\/td>\n<td rowspan=\"2\">95<\/td>\n<td rowspan=\"2\"><\/td>\n<td rowspan=\"2\">100<\/td>\n<td rowspan=\"2\"><\/td>\n<\/tr>\n<tr>\n<td>Indice di Coerenza del 99<\/td>\n<\/tr>\n<tr>\n<td>Angolo di visione<\/td>\n<td>2\u03b81\/2<\/td>\n<td>If=20mA<\/td>\n<td><\/td>\n<td>45<\/td>\n<td><\/td>\n<td>gradi<\/td>\n<\/tr>\n<tr>\n<td>Tensione diretta \/ Tensione LED<\/td>\n<td>Vf<\/td>\n<td>If=20mA<\/td>\n<td>2.7<\/td>\n<td><\/td>\n<td>2.9<\/td>\n<td>V<\/td>\n<\/tr>\n<tr>\n<td>Corrente di Inversione<\/td>\n<td>Ir<\/td>\n<td>Vr=8V<\/td>\n<td><\/td>\n<td><\/td>\n<td>10<\/td>\n<td>uA<\/td>\n<\/tr>\n<tr>\n<td>Temperatura del colore<\/td>\n<td>CCT<\/td>\n<td>If=20mA<\/td>\n<td>3000<\/td>\n<td><\/td>\n<td>3450<\/td>\n<td>K<\/td>\n<\/tr>\n<tr>\n<td>Flusso luminoso<\/td>\n<td>\u0444<\/td>\n<td>If=20mA<\/td>\n<td>20<\/td>\n<td><\/td>\n<td>23<\/td>\n<td>LM<\/td>\n<\/tr>\n<\/tbody>\n<\/table>\n<p>Distribuzione relativa della potenza spettrale<\/p>\n<p><img decoding=\"async\" width=\"790\" height=\"413\" class=\"wp-image-1205\" src=\"https:\/\/jjled.com\/wp-content\/uploads\/2025\/12\/word-image-1202-3.png\" srcset=\"https:\/\/jjled.com\/wp-content\/uploads\/2025\/12\/word-image-1202-3.png 790w, https:\/\/jjled.com\/wp-content\/uploads\/2025\/12\/word-image-1202-3-18x9.png 18w, https:\/\/jjled.com\/wp-content\/uploads\/2025\/12\/word-image-1202-3-600x314.png 600w\" sizes=\"(max-width: 790px) 100vw, 790px\" \/><\/p>\n<p>Distribuzione relativa dell'intensit\u00e0<\/p>\n<p><img loading=\"lazy\" decoding=\"async\" width=\"481\" height=\"455\" class=\"wp-image-1206\" src=\"https:\/\/jjled.com\/wp-content\/uploads\/2025\/12\/word-image-1202-4.png\" srcset=\"https:\/\/jjled.com\/wp-content\/uploads\/2025\/12\/word-image-1202-4.png 481w, https:\/\/jjled.com\/wp-content\/uploads\/2025\/12\/word-image-1202-4-13x12.png 13w\" sizes=\"(max-width: 481px) 100vw, 481px\" \/><\/p>\n<p>Grafico della cromaticit\u00e0<\/p>\n<p><img loading=\"lazy\" decoding=\"async\" width=\"797\" height=\"592\" class=\"wp-image-1207\" src=\"https:\/\/jjled.com\/wp-content\/uploads\/2025\/12\/word-image-1202-5.png\" srcset=\"https:\/\/jjled.com\/wp-content\/uploads\/2025\/12\/word-image-1202-5.png 797w, https:\/\/jjled.com\/wp-content\/uploads\/2025\/12\/word-image-1202-5-16x12.png 16w, https:\/\/jjled.com\/wp-content\/uploads\/2025\/12\/word-image-1202-5-600x446.png 600w\" sizes=\"(max-width: 797px) 100vw, 797px\" \/><\/p>\n<p>DIP F5 5mm LED 0.06W Warm White High Ra Introduce<\/p>\n<p>1. Il numero di resa cromatica generale della sorgente luminosa artificiale standard per la luce solare e la luce quasi solare \u00e8 impostato a 100. Pi\u00f9 alta \u00e8 la coerenza tra il colore dello stesso oggetto sotto l'irradiazione della sorgente luminosa misurata e quella della sorgente luminosa standard, maggiore \u00e8 il Ra, migliore \u00e8 la resa cromatica, pi\u00f9 piccolo \u00e8 il Ra e peggiore \u00e8 la resa cromatica.<\/p>\n<p>2. Alto indice di resa cromatica, colore della luce uniforme, alta efficienza di emissione luminosa, eliminazione dello spettro violetto, riduzione della temperatura di utilizzo dei fosfori, miglioramento della coerenza e affidabilit\u00e0 dello spettro nel lungo periodo di utilizzo. Uso pi\u00f9 duraturo.<\/p>\n<p>3. CRI95+ \u00e8 il massimo livello di visualizzazione, il colore reale viene ripristinato. Sotto il contrasto della percezione del colore naturale, gli oggetti presentati dagli occhi sono pi\u00f9 vicini al sapore naturale originale.<\/p>\n<p>4. TLCI (&gt; 95) pu\u00f2 riflettere il grado di ricezione e ripristino del colore della fotocamera. Pi\u00f9 il valore TLCI si avvicina a 100, maggiore \u00e8 la riduzione del colore, migliore \u00e8 l'effetto.<\/p>\n<p>5. Nella serie di coordinate CIE1960, la distanza di deviazione del colore dalla traiettoria del piano \u00e8 vicina a zero, mentre tutte le sorgenti luminose LED prodotte da Jingjia Electronic Technology Co., Ltd. sono confrontate con la serie di coordinate CIE1960<\/p>\n<p>&nbsp;<\/p>","protected":false},"excerpt":{"rendered":"<p>Scheda PCB LED F5 5mm con Ra\/CRI elevato<\/p>","protected":false},"featured_media":951,"template":"","meta":{"site-sidebar-layout":"default","site-content-layout":"","ast-site-content-layout":"default","site-content-style":"default","site-sidebar-style":"default","ast-global-header-display":"","ast-banner-title-visibility":"","ast-main-header-display":"","ast-hfb-above-header-display":"","ast-hfb-below-header-display":"","ast-hfb-mobile-header-display":"","site-post-title":"","ast-breadcrumbs-content":"","ast-featured-img":"","footer-sml-layout":"","ast-disable-related-posts":"","theme-transparent-header-meta":"default","adv-header-id-meta":"","stick-header-meta":"","header-above-stick-meta":"","header-main-stick-meta":"","header-below-stick-meta":"","astra-migrate-meta-layouts":"set","ast-page-background-enabled":"default","ast-page-background-meta":{"desktop":{"background-color":"var(--ast-global-color-5)","background-image":"","background-repeat":"repeat","background-position":"center center","background-size":"auto","background-attachment":"scroll","background-type":"","background-media":"","overlay-type":"","overlay-color":"","overlay-opacity":"","overlay-gradient":""},"tablet":{"background-color":"","background-image":"","background-repeat":"repeat","background-position":"center center","background-size":"auto","background-attachment":"scroll","background-type":"","background-media":"","overlay-type":"","overlay-color":"","overlay-opacity":"","overlay-gradient":""},"mobile":{"background-color":"","background-image":"","background-repeat":"repeat","background-position":"center center","background-size":"auto","background-attachment":"scroll","background-type":"","background-media":"","overlay-type":"","overlay-color":"","overlay-opacity":"","overlay-gradient":""}},"ast-content-background-meta":{"desktop":{"background-color":"var(--ast-global-color-4)","background-image":"","background-repeat":"repeat","background-position":"center center","background-size":"auto","background-attachment":"scroll","background-type":"","background-media":"","overlay-type":"","overlay-color":"","overlay-opacity":"","overlay-gradient":""},"tablet":{"background-color":"var(--ast-global-color-4)","background-image":"","background-repeat":"repeat","background-position":"center center","background-size":"auto","background-attachment":"scroll","background-type":"","background-media":"","overlay-type":"","overlay-color":"","overlay-opacity":"","overlay-gradient":""},"mobile":{"background-color":"var(--ast-global-color-4)","background-image":"","background-repeat":"repeat","background-position":"center center","background-size":"auto","background-attachment":"scroll","background-type":"","background-media":"","overlay-type":"","overlay-color":"","overlay-opacity":"","overlay-gradient":""}}},"product_brand":[],"product_cat":[74,76],"product_tag":[77,54,51],"class_list":{"0":"post-1202","1":"product","2":"type-product","3":"status-publish","4":"has-post-thumbnail","6":"product_cat-bi-color","7":"product_cat-dip-led","8":"product_tag-5mm-led","9":"product_tag-bi-color-white-yellow-leds","10":"product_tag-dip-led","11":"desktop-align-left","12":"tablet-align-left","13":"mobile-align-left","15":"first","16":"instock","17":"shipping-taxable","18":"product-type-simple"},"_links":{"self":[{"href":"https:\/\/jjled.com\/it\/wp-json\/wp\/v2\/product\/1202","targetHints":{"allow":["GET"]}}],"collection":[{"href":"https:\/\/jjled.com\/it\/wp-json\/wp\/v2\/product"}],"about":[{"href":"https:\/\/jjled.com\/it\/wp-json\/wp\/v2\/types\/product"}],"version-history":[{"count":1,"href":"https:\/\/jjled.com\/it\/wp-json\/wp\/v2\/product\/1202\/revisions"}],"predecessor-version":[{"id":1208,"href":"https:\/\/jjled.com\/it\/wp-json\/wp\/v2\/product\/1202\/revisions\/1208"}],"wp:featuredmedia":[{"embeddable":true,"href":"https:\/\/jjled.com\/it\/wp-json\/wp\/v2\/media\/951"}],"wp:attachment":[{"href":"https:\/\/jjled.com\/it\/wp-json\/wp\/v2\/media?parent=1202"}],"wp:term":[{"taxonomy":"product_brand","embeddable":true,"href":"https:\/\/jjled.com\/it\/wp-json\/wp\/v2\/product_brand?post=1202"},{"taxonomy":"product_cat","embeddable":true,"href":"https:\/\/jjled.com\/it\/wp-json\/wp\/v2\/product_cat?post=1202"},{"taxonomy":"product_tag","embeddable":true,"href":"https:\/\/jjled.com\/it\/wp-json\/wp\/v2\/product_tag?post=1202"}],"curies":[{"name":"wp","href":"https:\/\/api.w.org\/{rel}","templated":true}]}}