{"id":1224,"date":"2026-01-04T16:33:08","date_gmt":"2026-01-04T08:33:08","guid":{"rendered":"https:\/\/jjled.com\/?page_id=1224"},"modified":"2026-01-04T16:33:08","modified_gmt":"2026-01-04T08:33:08","slug":"home","status":"publish","type":"page","link":"https:\/\/jjled.com\/pt\/home\/","title":{"rendered":"In\u00edcio"},"content":{"rendered":"<ul>\n<li>WhatsApp: (+44) 751-629-4352<\/li>\n<li>Seg \u2192 Sab : 9h-19h<\/li>\n<li>Email: led@jjled.com<\/li>\n<\/ul>\n<p><img fetchpriority=\"high\" decoding=\"async\" src=\"https:\/\/jjled.com\/wp-content\/uploads\/2025\/07\/JJ\u6676\u4f73LOGO.png\" sizes=\"(max-width: 635px) 100vw, 635px\" srcset=\"https:\/\/jjled.com\/wp-content\/uploads\/2025\/07\/JJ\u6676\u4f73LOGO.png 635w, https:\/\/jjled.com\/wp-content\/uploads\/2025\/07\/JJ\u6676\u4f73LOGO-300x300.png 300w, https:\/\/jjled.com\/wp-content\/uploads\/2025\/07\/JJ\u6676\u4f73LOGO-600x600.png 600w, https:\/\/jjled.com\/wp-content\/uploads\/2025\/07\/JJ\u6676\u4f73LOGO-100x100.png 100w\" alt=\"fabricante de led e pcba\" width=\"635\" height=\"635\" \/><br \/>\n<a role=\"button\"><br \/>\nChat Agora<br \/>\n<\/a><\/p>\n<h5>OEM \/ ODM \/ Design \/ SMT de LED<\/h5>\n<h2>Fabricante de PCB de LED<\/h2>\n<h2>Design e produ\u00e7\u00e3o de acess\u00f3rios<\/h2>\n<ul>\n<li>Personalize para mais par\u00e2metros de LED<\/li>\n<li>MOQ baixo para personaliza\u00e7\u00e3o<\/li>\n<li>Pot\u00eancia \/ Tens\u00e3o \/ Tamanho \/ Comprimento de onda \/ Cor \/ \u00c2ngulo<\/li>\n<\/ul>\n<p>&nbsp;<\/p>\n<h2>Os nossos casos<\/h2>\n<figure><img decoding=\"async\" src=\"https:\/\/jjled.com\/wp-content\/uploads\/2025\/07\/Frame-7.png\" alt=\"placa de circuito impresso LED\" \/><\/figure>\n<figure><img decoding=\"async\" src=\"https:\/\/jjled.com\/wp-content\/uploads\/2025\/07\/Frame-10.png\" alt=\"PCBA LED de 365nm\" \/><\/figure>\n<figure><img decoding=\"async\" src=\"https:\/\/jjled.com\/wp-content\/uploads\/2025\/07\/Frame-2.png\" alt=\"PCB LED branco quente\" \/><\/figure>\n<figure><img decoding=\"async\" src=\"https:\/\/jjled.com\/wp-content\/uploads\/2025\/07\/Frame-9.png\" alt=\"luz LED verde\" \/><\/figure>\n<figure><img decoding=\"async\" src=\"https:\/\/jjled.com\/wp-content\/uploads\/2025\/07\/Frame-1.png\" alt=\"PCB de luz de preenchimento LED\" \/><\/figure>\n<figure><img decoding=\"async\" src=\"https:\/\/jjled.com\/wp-content\/uploads\/2025\/07\/Frame-3.png\" alt=\"luz LED de 395nm\" \/><\/figure>\n<figure><img decoding=\"async\" src=\"https:\/\/jjled.com\/wp-content\/uploads\/2025\/07\/Frame-8.png\" alt=\"PCB de luz de anel LED\" \/><\/figure>\n<figure><img decoding=\"async\" src=\"https:\/\/jjled.com\/wp-content\/uploads\/2025\/07\/Frame-4.png\" alt=\"Placa de circuito impresso LED bicolor\" \/><\/figure>\n<h2>produtos em destaque<\/h2>\n<p>Para mais tipos de produtos e kits de LED personalizados, sinta-se \u00e0 vontade para consultar.<br \/>\nE podemos atualizar a produ\u00e7\u00e3o com base nas amostras de refer\u00eancia ou desenhos que fornecer.<\/p>\n<p>Sal\u00e3o de Beleza<\/p>\n<p>Unhas bonitas<\/p>\n<p>Luz de fotografia<\/p>\n<p>Luz de c\u00e2mara fotogr\u00e1fica<\/p>\n<p>Luz de preenchimento com anel<\/p>\n<p><img decoding=\"async\" src=\"https:\/\/jjled.com\/wp-content\/uploads\/2025\/07\/Frame-3.jpg\" sizes=\"(max-width: 300px) 100vw, 300px\" srcset=\"https:\/\/jjled.com\/wp-content\/uploads\/2025\/07\/Frame-3.jpg 300w, https:\/\/jjled.com\/wp-content\/uploads\/2025\/07\/Frame-3-100x100.jpg 100w\" alt=\"\" width=\"300\" height=\"300\" \/><\/p>\n<h5>PCB de LED SMD 2835<\/h5>\n<p>880 pe\u00e7as de LEDs SMD 2835<br \/>\nPCB de Fr4 \/ 2700K~6000K<br \/>\nLED bicolor \/ RA&gt;98<br \/>\nLuz de preenchimento para dete\u00e7\u00e3o cient\u00edfica<\/p>\n<p><a role=\"button\"><br \/>\nClique para cota\u00e7\u00e3o<br \/>\n<\/a><br \/>\n<img decoding=\"async\" src=\"https:\/\/jjled.com\/wp-content\/uploads\/2025\/07\/Frame-1.jpg\" sizes=\"(max-width: 300px) 100vw, 300px\" srcset=\"https:\/\/jjled.com\/wp-content\/uploads\/2025\/07\/Frame-1.jpg 300w, https:\/\/jjled.com\/wp-content\/uploads\/2025\/07\/Frame-1-100x100.jpg 100w\" alt=\"\" width=\"300\" height=\"300\" \/><\/p>\n<h5>PCB de LED DIP F5<\/h5>\n<p>PCB de LED com orif\u00edcio passante<br \/>\nFr4 \/ 3200K~5600K<br \/>\nLED bicolor \/ RA&gt;98<br \/>\nLuz de preenchimento para fotografia<\/p>\n<p><a role=\"button\"><br \/>\nClique para cota\u00e7\u00e3o<br \/>\n<\/a><br \/>\n<img loading=\"lazy\" decoding=\"async\" src=\"https:\/\/jjled.com\/wp-content\/uploads\/2025\/07\/Frame-2.jpg\" sizes=\"(max-width: 300px) 100vw, 300px\" srcset=\"https:\/\/jjled.com\/wp-content\/uploads\/2025\/07\/Frame-2.jpg 300w, https:\/\/jjled.com\/wp-content\/uploads\/2025\/07\/Frame-2-100x100.jpg 100w\" alt=\"\" width=\"300\" height=\"300\" \/><\/p>\n<h5>PCB de LED SMD 5050<\/h5>\n<p>120 pe\u00e7as de LEDs SMD 5050<br \/>\nPlaca de PCB Fr4<br \/>\nLED bicolor \/ RA&gt;98 + RGB<br \/>\nLuz de preenchimento colorida<\/p>\n<p><a role=\"button\"><br \/>\nClique para cota\u00e7\u00e3o<br \/>\n<\/a><\/p>\n<p>Inspe\u00e7\u00e3o visual<\/p>\n<p>Luz de crescimento de plantas<\/p>\n<p>Comprimento de onda do biocatalisador<\/p>\n<p>Instrumento cient\u00edfico<\/p>\n<p>Luz de Pet para Escalada<\/p>\n<p><img loading=\"lazy\" decoding=\"async\" src=\"https:\/\/jjled.com\/wp-content\/uploads\/2025\/07\/Frame-4.jpg\" sizes=\"(max-width: 300px) 100vw, 300px\" srcset=\"https:\/\/jjled.com\/wp-content\/uploads\/2025\/07\/Frame-4.jpg 300w, https:\/\/jjled.com\/wp-content\/uploads\/2025\/07\/Frame-4-100x100.jpg 100w\" alt=\"\" width=\"300\" height=\"300\" \/><\/p>\n<h5>PCB LED 12V 3535<\/h5>\n<p>LEDs de alta pot\u00eancia 3535<br \/>\nPCBA \/ Driver de LED<br \/>\nBase \/ Alum\u00ednio \/ Cobre<br \/>\n12V DC \/ 4*5 W \/ 20W<br \/>\nLuzes para carro de golfe<\/p>\n<p><a role=\"button\"><br \/>\nClique para cota\u00e7\u00e3o<br \/>\n<\/a><br \/>\n<img loading=\"lazy\" decoding=\"async\" src=\"https:\/\/jjled.com\/wp-content\/uploads\/2025\/07\/Frame-5.jpg\" sizes=\"(max-width: 300px) 100vw, 300px\" srcset=\"https:\/\/jjled.com\/wp-content\/uploads\/2025\/07\/Frame-5.jpg 300w, https:\/\/jjled.com\/wp-content\/uploads\/2025\/07\/Frame-5-100x100.jpg 100w\" alt=\"\" width=\"300\" height=\"300\" \/><\/p>\n<h5>PCB LED RGB DIP<\/h5>\n<p>PCB de LED com orif\u00edcio passante<br \/>\nFornecedores de drivers de LED<br \/>\nPlaca de PCB LED RGB<br \/>\nM\u00f3dulo LED RGB + MCU<br \/>\nLuzes coloridas para banheira SPA<\/p>\n<p><a role=\"button\"><br \/>\nClique para cota\u00e7\u00e3o<br \/>\n<\/a><br \/>\n<img loading=\"lazy\" decoding=\"async\" src=\"https:\/\/jjled.com\/wp-content\/uploads\/2025\/07\/Frame-6.jpg\" sizes=\"(max-width: 300px) 100vw, 300px\" srcset=\"https:\/\/jjled.com\/wp-content\/uploads\/2025\/07\/Frame-6.jpg 300w, https:\/\/jjled.com\/wp-content\/uploads\/2025\/07\/Frame-6-100x100.jpg 100w\" alt=\"\" width=\"300\" height=\"300\" \/><\/p>\n<h5>SMD 3535 LED PCBA<\/h5>\n<p>Comprimento de onda especial<br \/>\nUVA + UVB + Branco<br \/>\nBase \/ Alum\u00ednio \/ Cobre<br \/>\nDC22V \/ E27<br \/>\nLuz de Pet para Escalada<\/p>\n<p><a role=\"button\"><br \/>\nClique para cota\u00e7\u00e3o<br \/>\n<\/a><\/p>\n<h2>O que oferecemos<\/h2>\n<p>Forneceremos o seu pedido de LED com mais modelos de LED ou pe\u00e7as sobresselentes de placa de circuito impresso, e pode solicitar livremente par\u00e2metros de voltagem, pot\u00eancia e optoeletr\u00f4nicos.<br \/>\nAo mesmo tempo, tamb\u00e9m oferecemos servi\u00e7os de kit de pe\u00e7as de LED, para que n\u00e3o precise preocupar-se com o fornecimento de todos os acess\u00f3rios de PCB de LED.<\/p>\n<p><img loading=\"lazy\" decoding=\"async\" src=\"https:\/\/jjled.com\/wp-content\/uploads\/2025\/07\/LEDpcb.jpg\" sizes=\"(max-width: 750px) 100vw, 750px\" srcset=\"https:\/\/jjled.com\/wp-content\/uploads\/2025\/07\/LEDpcb.jpg 750w, https:\/\/jjled.com\/wp-content\/uploads\/2025\/07\/LEDpcb-600x400.jpg 600w\" alt=\"\" width=\"750\" height=\"500\" \/><\/p>\n<ul>\n<li>Mais tamanhos de pe\u00e7as de LED<\/li>\n<li>Mais comprimento de onda e pot\u00eancia<\/li>\n<li>MOQ baixo para personaliza\u00e7\u00e3o<\/li>\n<\/ul>\n<ul>\n<li>Mais tamanhos e formas<\/li>\n<li>Mais materiais e espessuras<\/li>\n<li>MOQ baixo para personaliza\u00e7\u00e3o<\/li>\n<\/ul>\n<p><img loading=\"lazy\" decoding=\"async\" src=\"https:\/\/jjled.com\/wp-content\/uploads\/2025\/07\/pcba.jpg\" sizes=\"(max-width: 750px) 100vw, 750px\" srcset=\"https:\/\/jjled.com\/wp-content\/uploads\/2025\/07\/pcba.jpg 750w, https:\/\/jjled.com\/wp-content\/uploads\/2025\/07\/pcba-600x400.jpg 600w\" alt=\"\" width=\"750\" height=\"500\" \/><br \/>\n<img loading=\"lazy\" decoding=\"async\" src=\"https:\/\/jjled.com\/wp-content\/uploads\/2025\/07\/pcba-kits.jpg\" sizes=\"(max-width: 750px) 100vw, 750px\" srcset=\"https:\/\/jjled.com\/wp-content\/uploads\/2025\/07\/pcba-kits.jpg 750w, https:\/\/jjled.com\/wp-content\/uploads\/2025\/07\/pcba-kits-600x400.jpg 600w\" alt=\"\" width=\"750\" height=\"500\" \/><\/p>\n<ul>\n<li>Fornecer kits de controladores de LED<\/li>\n<li>Design OEM de acess\u00f3rios de LED<\/li>\n<li>Empresa de personaliza\u00e7\u00e3o de LED<\/li>\n<\/ul>\n<p><img loading=\"lazy\" decoding=\"async\" src=\"https:\/\/jjled.com\/wp-content\/uploads\/2025\/07\/icon.jpg\" alt=\"\" width=\"315\" height=\"225\" \/><\/p>\n<h3>Seu parceiro de neg\u00f3cios confi\u00e1vel:<\/h3>\n<h3>O fabricante de LED e PCB<\/h3>\n<p>Clique no bot\u00e3o \u00e0 direita para entrar em contato com o nosso engenheiro profissional<\/p>\n<p><a role=\"button\"><br \/>\nEnvie-me suas necessidades<br \/>\n<\/a><\/p>\n<p>Precisa de mais ajuda?<\/p>\n<p>+86 186 8107 9672<\/p>\n<h2>Por que escolher-nos<\/h2>\n<p>Somos o seu fornecedor profissional de chips LED e vendedor de acess\u00f3rios LED personalizados.<br \/>\nVamos fornecer-lhe mais modelos de LEDs e materiais de placas de circuito impresso, e pode solicitar livremente par\u00e2metros de voltagem, pot\u00eancia e optoeletr\u00f3nicos.<br \/>\nAo mesmo tempo, tamb\u00e9m oferecemos servi\u00e7os de kit, para que n\u00e3o tenha de se preocupar com o fornecimento de todos os acess\u00f3rios do circuito.<\/p>\n<p>Engenheiros Profissionais 90%<br \/>\nA nossa equipa de design tem todos graus profissionais. Representa 90% da nossa equipa.<br \/>\nPrecis\u00e3o SMT 100%<br \/>\nEquipamento SMT avan\u00e7ado garante que todos os componentes sejam soldados com precis\u00e3o.<br \/>\nTestes de Produ\u00e7\u00e3o 100%<br \/>\nTodos os acess\u00f3rios ser\u00e3o ligados para testes ap\u00f3s a soldagem estar conclu\u00edda.<br \/>\nPar\u00e2metros OEM de LED<br \/>\nEngenheiros dos fabricantes de chips LED s\u00e3o mais profissionais em par\u00e2metros optoeletr\u00f3nicos.<br \/>\nPerfeito OEM de LED 100%<br \/>\nFornecemos um servi\u00e7o de design OEM perfeito para LED de acordo com a placa de circuito personalizado.<br \/>\nFornecedores de Drivers LED<br \/>\nPodemos fornecer-lhe servi\u00e7os de dimmers e adaptadores para acess\u00f3rios LED.<br \/>\n<a role=\"button\"><br \/>\nSolicitar uma Consulta<br \/>\n<\/a><\/p>\n<h2>O que dizem sobre n\u00f3s<\/h2>\n<p>Avalia\u00e7\u00f5es reais dos nossos clientes incr\u00edveis! Saiba como os nossos produtos melhoraram a experi\u00eancia dos seus produtos e encontre inspira\u00e7\u00e3o para o seu pr\u00f3ximo desenvolvimento.<\/p>\n<p><img loading=\"lazy\" decoding=\"async\" src=\"https:\/\/jjled.com\/wp-content\/uploads\/2025\/07\/1.jpg\" sizes=\"(max-width: 1170px) 100vw, 1170px\" srcset=\"https:\/\/jjled.com\/wp-content\/uploads\/2025\/07\/1.jpg 1170w, https:\/\/jjled.com\/wp-content\/uploads\/2025\/07\/1-600x1298.jpg 600w, https:\/\/jjled.com\/wp-content\/uploads\/2025\/07\/1-710x1536.jpg 710w, https:\/\/jjled.com\/wp-content\/uploads\/2025\/07\/1-946x2048.jpg 946w\" alt=\"\" width=\"1170\" height=\"2532\" \/><br \/>\n<img loading=\"lazy\" decoding=\"async\" src=\"https:\/\/jjled.com\/wp-content\/uploads\/2025\/07\/2.jpg\" sizes=\"(max-width: 1170px) 100vw, 1170px\" srcset=\"https:\/\/jjled.com\/wp-content\/uploads\/2025\/07\/2.jpg 1170w, https:\/\/jjled.com\/wp-content\/uploads\/2025\/07\/2-600x1298.jpg 600w, https:\/\/jjled.com\/wp-content\/uploads\/2025\/07\/2-710x1536.jpg 710w, https:\/\/jjled.com\/wp-content\/uploads\/2025\/07\/2-946x2048.jpg 946w\" alt=\"\" width=\"1170\" height=\"2532\" \/><br \/>\n<img loading=\"lazy\" decoding=\"async\" src=\"https:\/\/jjled.com\/wp-content\/uploads\/2025\/07\/6.jpg\" sizes=\"(max-width: 1170px) 100vw, 1170px\" srcset=\"https:\/\/jjled.com\/wp-content\/uploads\/2025\/07\/6.jpg 1170w, https:\/\/jjled.com\/wp-content\/uploads\/2025\/07\/6-600x1298.jpg 600w, https:\/\/jjled.com\/wp-content\/uploads\/2025\/07\/6-710x1536.jpg 710w, https:\/\/jjled.com\/wp-content\/uploads\/2025\/07\/6-946x2048.jpg 946w\" alt=\"\" width=\"1170\" height=\"2532\" \/><br \/>\n<img loading=\"lazy\" decoding=\"async\" src=\"https:\/\/jjled.com\/wp-content\/uploads\/2025\/07\/4.jpg\" sizes=\"(max-width: 1170px) 100vw, 1170px\" srcset=\"https:\/\/jjled.com\/wp-content\/uploads\/2025\/07\/4.jpg 1170w, https:\/\/jjled.com\/wp-content\/uploads\/2025\/07\/4-600x1298.jpg 600w, https:\/\/jjled.com\/wp-content\/uploads\/2025\/07\/4-710x1536.jpg 710w, https:\/\/jjled.com\/wp-content\/uploads\/2025\/07\/4-946x2048.jpg 946w\" alt=\"\" width=\"1170\" height=\"2532\" \/><br \/>\n<img loading=\"lazy\" decoding=\"async\" src=\"https:\/\/jjled.com\/wp-content\/uploads\/2025\/07\/5.jpg\" sizes=\"(max-width: 1170px) 100vw, 1170px\" srcset=\"https:\/\/jjled.com\/wp-content\/uploads\/2025\/07\/5.jpg 1170w, https:\/\/jjled.com\/wp-content\/uploads\/2025\/07\/5-600x1298.jpg 600w, https:\/\/jjled.com\/wp-content\/uploads\/2025\/07\/5-710x1536.jpg 710w, https:\/\/jjled.com\/wp-content\/uploads\/2025\/07\/5-946x2048.jpg 946w\" alt=\"\" width=\"1170\" height=\"2532\" \/><br \/>\n<a role=\"button\"><br \/>\nSolicitar uma Consulta<br \/>\n<\/a><\/p>\n<h2>Nossos Certificados<\/h2>\n<p>Os nossos materiais obtiveram v\u00e1rias certifica\u00e7\u00f5es e testes, garantindo alta qualidade.<\/p>\n<p><img loading=\"lazy\" decoding=\"async\" src=\"https:\/\/jjled.com\/wp-content\/uploads\/2025\/07\/SGS1.jpg\" sizes=\"(max-width: 686px) 100vw, 686px\" srcset=\"https:\/\/jjled.com\/wp-content\/uploads\/2025\/07\/SGS1.jpg 686w, https:\/\/jjled.com\/wp-content\/uploads\/2025\/07\/SGS1-600x841.jpg 600w\" alt=\"\" width=\"686\" height=\"962\" \/><br \/>\n<img loading=\"lazy\" decoding=\"async\" src=\"https:\/\/jjled.com\/wp-content\/uploads\/2025\/07\/9001.jpg\" sizes=\"(max-width: 689px) 100vw, 689px\" srcset=\"https:\/\/jjled.com\/wp-content\/uploads\/2025\/07\/9001.jpg 689w, https:\/\/jjled.com\/wp-content\/uploads\/2025\/07\/9001-600x838.jpg 600w\" alt=\"\" width=\"689\" height=\"962\" \/><br \/>\n<img loading=\"lazy\" decoding=\"async\" src=\"https:\/\/jjled.com\/wp-content\/uploads\/2025\/07\/6165-SGS2.jpg\" sizes=\"(max-width: 682px) 100vw, 682px\" srcset=\"https:\/\/jjled.com\/wp-content\/uploads\/2025\/07\/6165-SGS2.jpg 682w, https:\/\/jjled.com\/wp-content\/uploads\/2025\/07\/6165-SGS2-600x848.jpg 600w\" alt=\"\" width=\"682\" height=\"964\" \/><br \/>\n<img loading=\"lazy\" decoding=\"async\" src=\"https:\/\/jjled.com\/wp-content\/uploads\/2025\/07\/6164-VDE.jpg\" sizes=\"(max-width: 685px) 100vw, 685px\" srcset=\"https:\/\/jjled.com\/wp-content\/uploads\/2025\/07\/6164-VDE.jpg 685w, https:\/\/jjled.com\/wp-content\/uploads\/2025\/07\/6164-VDE-600x846.jpg 600w\" alt=\"\" width=\"685\" height=\"966\" \/><br \/>\n<a role=\"button\"><br \/>\nSolicitar uma Consulta<br \/>\n<\/a><\/p>\n<h2>F\u00e1cil de obter cota\u00e7\u00e3o e design<\/h2>\n<p>Contacte os nossos engenheiros profissionais gratuitamente. Obtenha uma cota\u00e7\u00e3o r\u00e1pida e inicie a colabora\u00e7\u00e3o certa.<\/p>\n<h6>Parceria connosco<\/h6>\n<h2>Parceria com a f\u00e1brica certa<\/h2>\n<ul>\n<li>Localiza\u00e7\u00e3o\uff1a<br \/>\nCidade de DongGuang, Prov\u00edncia de Guangdong, China<\/li>\n<li>Envie-nos um email\uff1a<br \/>\nled@yogled.com<\/li>\n<li>Mensagem para n\u00f3s<br \/>\n+86 186 8107 9672<\/li>\n<\/ul>","protected":false},"excerpt":{"rendered":"<p>WhatsApp: (+44) 751-629-4352 Seg \u2192 Sab : 9h-19h Email: led@jjled.com Chat Agora LED OEM \/ ODM \/ Design \/ SMT [...]<\/p>","protected":false},"author":1,"featured_media":0,"parent":0,"menu_order":0,"comment_status":"closed","ping_status":"closed","template":"","meta":{"site-sidebar-layout":"default","site-content-layout":"","ast-site-content-layout":"default","site-content-style":"default","site-sidebar-style":"default","ast-global-header-display":"","ast-banner-title-visibility":"","ast-main-header-display":"","ast-hfb-above-header-display":"","ast-hfb-below-header-display":"","ast-hfb-mobile-header-display":"","site-post-title":"","ast-breadcrumbs-content":"","ast-featured-img":"","footer-sml-layout":"","ast-disable-related-posts":"","theme-transparent-header-meta":"","adv-header-id-meta":"","stick-header-meta":"","header-above-stick-meta":"","header-main-stick-meta":"","header-below-stick-meta":"","astra-migrate-meta-layouts":"default","ast-page-background-enabled":"default","ast-page-background-meta":{"desktop":{"background-color":"var(--ast-global-color-5)","background-image":"","background-repeat":"repeat","background-position":"center center","background-size":"auto","background-attachment":"scroll","background-type":"","background-media":"","overlay-type":"","overlay-color":"","overlay-opacity":"","overlay-gradient":""},"tablet":{"background-color":"","background-image":"","background-repeat":"repeat","background-position":"center center","background-size":"auto","background-attachment":"scroll","background-type":"","background-media":"","overlay-type":"","overlay-color":"","overlay-opacity":"","overlay-gradient":""},"mobile":{"background-color":"","background-image":"","background-repeat":"repeat","background-position":"center center","background-size":"auto","background-attachment":"scroll","background-type":"","background-media":"","overlay-type":"","overlay-color":"","overlay-opacity":"","overlay-gradient":""}},"ast-content-background-meta":{"desktop":{"background-color":"var(--ast-global-color-4)","background-image":"","background-repeat":"repeat","background-position":"center center","background-size":"auto","background-attachment":"scroll","background-type":"","background-media":"","overlay-type":"","overlay-color":"","overlay-opacity":"","overlay-gradient":""},"tablet":{"background-color":"var(--ast-global-color-4)","background-image":"","background-repeat":"repeat","background-position":"center center","background-size":"auto","background-attachment":"scroll","background-type":"","background-media":"","overlay-type":"","overlay-color":"","overlay-opacity":"","overlay-gradient":""},"mobile":{"background-color":"var(--ast-global-color-4)","background-image":"","background-repeat":"repeat","background-position":"center center","background-size":"auto","background-attachment":"scroll","background-type":"","background-media":"","overlay-type":"","overlay-color":"","overlay-opacity":"","overlay-gradient":""}},"footnotes":""},"class_list":["post-1224","page","type-page","status-publish","hentry"],"_links":{"self":[{"href":"https:\/\/jjled.com\/pt\/wp-json\/wp\/v2\/pages\/1224","targetHints":{"allow":["GET"]}}],"collection":[{"href":"https:\/\/jjled.com\/pt\/wp-json\/wp\/v2\/pages"}],"about":[{"href":"https:\/\/jjled.com\/pt\/wp-json\/wp\/v2\/types\/page"}],"author":[{"embeddable":true,"href":"https:\/\/jjled.com\/pt\/wp-json\/wp\/v2\/users\/1"}],"replies":[{"embeddable":true,"href":"https:\/\/jjled.com\/pt\/wp-json\/wp\/v2\/comments?post=1224"}],"version-history":[{"count":1,"href":"https:\/\/jjled.com\/pt\/wp-json\/wp\/v2\/pages\/1224\/revisions"}],"predecessor-version":[{"id":1225,"href":"https:\/\/jjled.com\/pt\/wp-json\/wp\/v2\/pages\/1224\/revisions\/1225"}],"wp:attachment":[{"href":"https:\/\/jjled.com\/pt\/wp-json\/wp\/v2\/media?parent=1224"}],"curies":[{"name":"wp","href":"https:\/\/api.w.org\/{rel}","templated":true}]}}