{"id":1198,"date":"2025-12-31T15:16:05","date_gmt":"2025-12-31T07:16:05","guid":{"rendered":"https:\/\/jjled.com\/?post_type=product&#038;p=1198"},"modified":"2025-12-31T15:24:35","modified_gmt":"2025-12-31T07:24:35","slug":"ring-led-pcb-board","status":"publish","type":"product","link":"https:\/\/jjled.com\/pt\/product\/ring-led-pcb-board\/","title":{"rendered":"Placa de circuito impresso LED de luz de anel DC24V personalizada para fotografia profissional, v\u00eddeo e luz de preenchimento"},"content":{"rendered":"<h1>High Ra \/ CRI Ring Light\u00a0 LED PCB Board<\/h1>\n<p>Aplica\u00e7\u00f5es do Produto<\/p>\n<table>\n<tbody>\n<tr>\n<td>Luz de Preenchimento para Fotografia<\/td>\n<td>Ilumina\u00e7\u00e3o de Biblioteca<\/td>\n<\/tr>\n<tr>\n<td>Luz de Preenchimento para Cinema e TV<\/td>\n<td>Ilumina\u00e7\u00e3o de Oficina de T\u00eaxtil<\/td>\n<\/tr>\n<tr>\n<td>Luz de Preenchimento para V\u00eddeo<\/td>\n<td>Ilumina\u00e7\u00e3o de Sal\u00e3o de Exposi\u00e7\u00f5es<\/td>\n<\/tr>\n<tr>\n<td>Luz de Preenchimento para Est\u00fadio<\/td>\n<td>Ilumina\u00e7\u00e3o de Oficina de Pintura<\/td>\n<\/tr>\n<tr>\n<td>Luz de Preenchimento de Beleza<\/td>\n<td>Ilumina\u00e7\u00e3o de Escrit\u00f3rio<\/td>\n<\/tr>\n<tr>\n<td>Luz de Preenchimento para Pestanas<\/td>\n<td>Ilumina\u00e7\u00e3o de Museu<\/td>\n<\/tr>\n<tr>\n<td>Luz de Preenchimento para Unhas<\/td>\n<td>Ilumina\u00e7\u00e3o de Espet\u00e1culo<\/td>\n<\/tr>\n<tr>\n<td>Luz de Leitura<\/td>\n<td>Ilumina\u00e7\u00e3o de Laborat\u00f3rio<\/td>\n<\/tr>\n<tr>\n<td>Luz para Fotografia<\/td>\n<td>Ilumina\u00e7\u00e3o de Alimentos Frescos<\/td>\n<\/tr>\n<tr>\n<td>Luz de C\u00e2mera<\/td>\n<td>Ilumina\u00e7\u00e3o de Hospital<\/td>\n<\/tr>\n<tr>\n<td>Ilumina\u00e7\u00e3o de Escola<\/td>\n<td>Ilumina\u00e7\u00e3o de Mercado<\/td>\n<\/tr>\n<tr>\n<td>Ilumina\u00e7\u00e3o de Sala de Aula<\/td>\n<td>Ilumina\u00e7\u00e3o para Tingimento e Estamparia<\/td>\n<\/tr>\n<tr>\n<td>Ilumina\u00e7\u00e3o de Sala de Cirurgia<\/td>\n<td>Ilumina\u00e7\u00e3o de Arte e Design<\/td>\n<\/tr>\n<\/tbody>\n<\/table>\n<p>Par\u00e2metros personaliz\u00e1veis para<\/p>\n<h2>Ring Light LED PCB Board<\/h2>\n<table>\n<tbody>\n<tr>\n<td>Tamanho da Placa de PCB<\/td>\n<td>Material da Placa de PCB<\/td>\n<td>Espessura da Placa de PCB<\/td>\n<\/tr>\n<tr>\n<td>Posi\u00e7\u00e3o do Furo na Placa de PCB<\/td>\n<td>Forma da Placa de PCB<\/td>\n<td>Formato do Arranjo de LED<\/td>\n<\/tr>\n<tr>\n<td>Configura\u00e7\u00e3o s\u00e9rie-paralelo de LED<\/td>\n<td>Tens\u00e3o do PCBA<\/td>\n<td>Corrente do PCBA<\/td>\n<\/tr>\n<tr>\n<td>\u00cdndice RA\/CRI de LED<\/td>\n<td>Comprimento de Onda<\/td>\n<td>Cor<\/td>\n<\/tr>\n<tr>\n<td>Servi\u00e7o de Montagem<\/td>\n<td>SMT<\/td>\n<td>OEM<\/td>\n<\/tr>\n<\/tbody>\n<\/table>\n<p>Componentes Principais:<\/p>\n<h2>LED SMD 2835 0.2W Branco Quente<\/h2>\n<table>\n<tbody>\n<tr>\n<td>N\u00ba TIPO<\/td>\n<td>LED SMD 2835 0.2W Branco Quente<\/td>\n<\/tr>\n<tr>\n<td>N\u00ba DA PE\u00c7A<\/td>\n<td>SP-2093C<\/td>\n<\/tr>\n<\/tbody>\n<\/table>\n<p>Imagens de LED 2835<\/p>\n<p><img fetchpriority=\"high\" decoding=\"async\" width=\"266\" height=\"296\" class=\"wp-image-1149\" src=\"https:\/\/jjled.com\/wp-content\/uploads\/2025\/12\/SMD-high-ra-cri-2835-LED-0.2W-Warm-White.png\" srcset=\"https:\/\/jjled.com\/wp-content\/uploads\/2025\/12\/SMD-high-ra-cri-2835-LED-0.2W-Warm-White.png 266w, https:\/\/jjled.com\/wp-content\/uploads\/2025\/12\/SMD-high-ra-cri-2835-LED-0.2W-Warm-White-11x12.png 11w\" sizes=\"(max-width: 266px) 100vw, 266px\" \/><\/p>\n<p>Tamanho do LED 2835<\/p>\n<p><img decoding=\"async\" width=\"771\" height=\"376\" class=\"wp-image-1150\" src=\"https:\/\/jjled.com\/wp-content\/uploads\/2025\/12\/Warm-White-SMD-high-ra-cri-2835-LED-0.2W-Size.png\" srcset=\"https:\/\/jjled.com\/wp-content\/uploads\/2025\/12\/Warm-White-SMD-high-ra-cri-2835-LED-0.2W-Size.png 771w, https:\/\/jjled.com\/wp-content\/uploads\/2025\/12\/Warm-White-SMD-high-ra-cri-2835-LED-0.2W-Size-600x293.png 600w, https:\/\/jjled.com\/wp-content\/uploads\/2025\/12\/Warm-White-SMD-high-ra-cri-2835-LED-0.2W-Size-18x9.png 18w\" sizes=\"(max-width: 771px) 100vw, 771px\" \/><\/p>\n<p>Padronagem Recomendada de Soldadura de PCB para LED 2835<\/p>\n<p><img decoding=\"async\" width=\"590\" height=\"461\" class=\"wp-image-1151\" src=\"https:\/\/jjled.com\/wp-content\/uploads\/2025\/12\/Warm-White-SMD-high-ra-cri-2835-LED-0.2W-Pad-Pattern.png\" srcset=\"https:\/\/jjled.com\/wp-content\/uploads\/2025\/12\/Warm-White-SMD-high-ra-cri-2835-LED-0.2W-Pad-Pattern.png 590w, https:\/\/jjled.com\/wp-content\/uploads\/2025\/12\/Warm-White-SMD-high-ra-cri-2835-LED-0.2W-Pad-Pattern-15x12.png 15w\" sizes=\"(max-width: 590px) 100vw, 590px\" \/><\/p>\n<table>\n<tbody>\n<tr>\n<td>Fichas T\u00e9cnicas<\/td>\n<td colspan=\"6\">Pot\u00eancia do LED \/ Tens\u00e3o do LED \/ Corrente do LED<\/td>\n<\/tr>\n<tr>\n<td>N\u00famero da pe\u00e7a<\/td>\n<td colspan=\"6\">LED SMD 2835 0.2W Branco Quente<\/td>\n<\/tr>\n<tr>\n<td colspan=\"2\">Par\u00e2metros do LED<\/td>\n<td>S\u00edmbolo<\/td>\n<td colspan=\"2\">Valor<\/td>\n<td colspan=\"2\">Unidade<\/td>\n<\/tr>\n<tr>\n<td colspan=\"2\">Dissipa\u00e7\u00e3o de Energia \/ Pot\u00eancia do LED<\/td>\n<td>Pd(m\u00e1x.)<\/td>\n<td colspan=\"2\">200<\/td>\n<td colspan=\"2\">MW<\/td>\n<\/tr>\n<tr>\n<td colspan=\"2\">Corrente m\u00e1xima de pico direta<\/td>\n<td rowspan=\"2\">If(m\u00e1x.)<\/td>\n<td colspan=\"2\" rowspan=\"2\">100<\/td>\n<td colspan=\"2\" rowspan=\"2\">mA<\/td>\n<\/tr>\n<tr>\n<td colspan=\"2\">Ciclo de Trabalho de 1\/10, Largura de Pulso de 0,1ms<\/td>\n<\/tr>\n<tr>\n<td colspan=\"2\">Corrente de Continuidade \/ Corrente do LED<\/td>\n<td>If(Tip.)<\/td>\n<td colspan=\"2\">60<\/td>\n<td colspan=\"2\">mA<\/td>\n<\/tr>\n<tr>\n<td colspan=\"2\">Temperatura do encapsulamento<\/td>\n<td>Tp<\/td>\n<td colspan=\"2\">120<\/td>\n<td colspan=\"2\">\u2103<\/td>\n<\/tr>\n<tr>\n<td colspan=\"2\">temperatura de jun\u00e7\u00e3o do LED<\/td>\n<td>Tj<\/td>\n<td colspan=\"2\">120<\/td>\n<td colspan=\"2\">\u2103<\/td>\n<\/tr>\n<tr>\n<td colspan=\"2\">Tens\u00e3o de invers\u00e3o<\/td>\n<td colspan=\"2\">Vr<\/td>\n<td colspan=\"2\">-8<\/td>\n<td colspan=\"2\">V<\/td>\n<\/tr>\n<tr>\n<td colspan=\"2\">Resist\u00eancia t\u00e9rmica, jun\u00e7\u00e3o para caixa<\/td>\n<td colspan=\"2\">R\u0472 j-c<\/td>\n<td colspan=\"2\">0.06<\/td>\n<td colspan=\"2\">\u00b0C\/W<\/td>\n<\/tr>\n<tr>\n<td colspan=\"2\">Temperatura de soldadura \u2103<\/td>\n<td colspan=\"6\">5 segundos, 260\u00b0C ou menos<\/td>\n<\/tr>\n<tr>\n<td colspan=\"2\">Faixa de temperatura de opera\u00e7\u00e3o<\/td>\n<td colspan=\"2\">Topr<\/td>\n<td colspan=\"4\">-30\u2103 a +80\u2103<\/td>\n<\/tr>\n<tr>\n<td colspan=\"2\">Faixa de temperatura de armazenamento<\/td>\n<td colspan=\"2\">Tstg<\/td>\n<td colspan=\"4\">-40\u2103 a +100\u2103<\/td>\n<\/tr>\n<\/tbody>\n<\/table>\n<table>\n<tbody>\n<tr>\n<td colspan=\"7\">Caracter\u00edsticas El\u00e9tricas e \u00d3pticas<\/td>\n<\/tr>\n<tr>\n<td>Par\u00e2metros do LED<\/td>\n<td>S\u00edmbolo<\/td>\n<td>Condi\u00e7\u00e3o de teste<\/td>\n<td>M\u00edn<\/td>\n<td>T\u00edpico<\/td>\n<td>M\u00e1ximo<\/td>\n<td>Unidade<\/td>\n<\/tr>\n<tr>\n<td>Representa\u00e7\u00e3o de Cor<\/td>\n<td>CRI Ra<\/td>\n<td>If=60mA<\/td>\n<td>95<\/td>\n<td><\/td>\n<td>100<\/td>\n<td><\/td>\n<\/tr>\n<tr>\n<td>Escala de Qualidade de Cor<\/td>\n<td>CQS Qa<\/td>\n<td>If=60mA<\/td>\n<td>95<\/td>\n<td><\/td>\n<td>100<\/td>\n<td><\/td>\n<\/tr>\n<tr>\n<td>Fidelidade<\/td>\n<td>Rf<\/td>\n<td>If=60mA<\/td>\n<td>95<\/td>\n<td><\/td>\n<td>100<\/td>\n<td><\/td>\n<\/tr>\n<tr>\n<td>Gama<\/td>\n<td>Rg<\/td>\n<td>8<\/td>\n<td>95<\/td>\n<td><\/td>\n<td>100<\/td>\n<td><\/td>\n<\/tr>\n<tr>\n<td>Ilumina\u00e7\u00e3o de Televis\u00e3o<\/td>\n<td rowspan=\"2\">TLCI<\/td>\n<td rowspan=\"2\">If=60mA<\/td>\n<td rowspan=\"2\">95<\/td>\n<td rowspan=\"2\"><\/td>\n<td rowspan=\"2\">100<\/td>\n<td rowspan=\"2\"><\/td>\n<\/tr>\n<tr>\n<td>\u00cdndice de Consist\u00eancia de 99<\/td>\n<\/tr>\n<tr>\n<td>\u00c2ngulo de visualiza\u00e7\u00e3o<\/td>\n<td>2\u03b81\/2<\/td>\n<td>If=60mA<\/td>\n<td><\/td>\n<td>120<\/td>\n<td><\/td>\n<td>graus<\/td>\n<\/tr>\n<tr>\n<td>Tens\u00e3o de Continuidade \/ Tens\u00e3o do LED<\/td>\n<td>V f<\/td>\n<td>If=60mA<\/td>\n<td>2.8<\/td>\n<td><\/td>\n<td>3<\/td>\n<td>V<\/td>\n<\/tr>\n<tr>\n<td>Corrente Reversa<\/td>\n<td>I r<\/td>\n<td>Vr=8V<\/td>\n<td><\/td>\n<td><\/td>\n<td>10<\/td>\n<td>uA<\/td>\n<\/tr>\n<tr>\n<td>Temperatura da Cor<\/td>\n<td>CCT<\/td>\n<td>If=60mA<\/td>\n<td>3000<\/td>\n<td><\/td>\n<td>3450<\/td>\n<td>K<\/td>\n<\/tr>\n<tr>\n<td>Fluxo luminoso<\/td>\n<td>\u0444<\/td>\n<td>If=60mA<\/td>\n<td>20<\/td>\n<td><\/td>\n<td>23<\/td>\n<td>LM<\/td>\n<\/tr>\n<\/tbody>\n<\/table>\n<p>Distribui\u00e7\u00e3o de Pot\u00eancia Espectral Relativa<\/p>\n<p><img loading=\"lazy\" decoding=\"async\" width=\"790\" height=\"413\" class=\"wp-image-1152\" src=\"https:\/\/jjled.com\/wp-content\/uploads\/2025\/12\/Warm-White-SMD-high-ra-cri-2835-LED-0.2W-Relative-Spectral-Power-Distribution.png\" srcset=\"https:\/\/jjled.com\/wp-content\/uploads\/2025\/12\/Warm-White-SMD-high-ra-cri-2835-LED-0.2W-Relative-Spectral-Power-Distribution.png 790w, https:\/\/jjled.com\/wp-content\/uploads\/2025\/12\/Warm-White-SMD-high-ra-cri-2835-LED-0.2W-Relative-Spectral-Power-Distribution-600x314.png 600w, https:\/\/jjled.com\/wp-content\/uploads\/2025\/12\/Warm-White-SMD-high-ra-cri-2835-LED-0.2W-Relative-Spectral-Power-Distribution-18x9.png 18w\" sizes=\"(max-width: 790px) 100vw, 790px\" \/><\/p>\n<p>Distribui\u00e7\u00e3o de intensidade relativa<\/p>\n<p><img loading=\"lazy\" decoding=\"async\" width=\"481\" height=\"455\" class=\"wp-image-1153\" src=\"https:\/\/jjled.com\/wp-content\/uploads\/2025\/12\/Warm-White-SMD-high-ra-cri-2835-LED-0.2W-Relative-intensity-distribution.png\" srcset=\"https:\/\/jjled.com\/wp-content\/uploads\/2025\/12\/Warm-White-SMD-high-ra-cri-2835-LED-0.2W-Relative-intensity-distribution.png 481w, https:\/\/jjled.com\/wp-content\/uploads\/2025\/12\/Warm-White-SMD-high-ra-cri-2835-LED-0.2W-Relative-intensity-distribution-13x12.png 13w\" sizes=\"(max-width: 481px) 100vw, 481px\" \/><\/p>\n<p>Gr\u00e1fico de Croma<\/p>\n<p><img loading=\"lazy\" decoding=\"async\" width=\"797\" height=\"592\" class=\"wp-image-1154\" src=\"https:\/\/jjled.com\/wp-content\/uploads\/2025\/12\/Warm-White-SMD-high-ra-cri-2835-LED-0.2W-Chromaticity-Chart.png\" srcset=\"https:\/\/jjled.com\/wp-content\/uploads\/2025\/12\/Warm-White-SMD-high-ra-cri-2835-LED-0.2W-Chromaticity-Chart.png 797w, https:\/\/jjled.com\/wp-content\/uploads\/2025\/12\/Warm-White-SMD-high-ra-cri-2835-LED-0.2W-Chromaticity-Chart-600x446.png 600w, https:\/\/jjled.com\/wp-content\/uploads\/2025\/12\/Warm-White-SMD-high-ra-cri-2835-LED-0.2W-Chromaticity-Chart-16x12.png 16w\" sizes=\"(max-width: 797px) 100vw, 797px\" \/><\/p>\n<p>Introdu\u00e7\u00e3o ao LED SMD 2835 0.2W Branco Quente Ra<\/p>\n<p>1. O n\u00famero de reprodu\u00e7\u00e3o de cor geral da fonte de luz padr\u00e3o artificial para luz solar e luz pr\u00f3xima do sol \u00e9 definido como 100. Quanto maior a consist\u00eancia entre a cor do mesmo objeto sob a irradia\u00e7\u00e3o da fonte de luz medida e a da fonte de luz padr\u00e3o, maior o Ra, melhor o desempenho de reprodu\u00e7\u00e3o de cor, menor o Ra, pior o desempenho de reprodu\u00e7\u00e3o de cor.<\/p>\n<p>2. Alto \u00edndice de reprodu\u00e7\u00e3o de cor, cor de luz uniforme, alta efici\u00eancia de emiss\u00e3o de luz, elimina\u00e7\u00e3o do espectro violeta, redu\u00e7\u00e3o da temperatura de uso dos f\u00f3sforos, melhoria da consist\u00eancia e confiabilidade do espectro no processo de uso a longo prazo. Uso mais duradouro.<\/p>\n<p>3. CRI95+ \u00e9 a mais alta exibi\u00e7\u00e3o, a cor verdadeira \u00e9 restaurada. Sob o contraste de sentir a cor natural, os objetos apresentados pelos olhos est\u00e3o mais pr\u00f3ximos do sabor natural original.<\/p>\n<p>4. TLCI (&gt; 95) pode refletir o grau de recep\u00e7\u00e3o de cor e restaura\u00e7\u00e3o de cor da c\u00e2mera. Quanto mais pr\u00f3ximo o valor TLCI de 100, maior o grau de redu\u00e7\u00e3o de cor, melhor o efeito.<\/p>\n<p>Na s\u00e9rie de coordenadas CIE1960, a dist\u00e2ncia de desvio de cor em rela\u00e7\u00e3o \u00e0 trajet\u00f3ria do tabuleiro \u00e9 pr\u00f3xima de zero, enquanto todas as fontes de luz LED produzidas pela Jingjia Electronic Technology Co., Ltd. s\u00e3o comparadas com a s\u00e9rie de coordenadas CIE1960<\/p>","protected":false},"excerpt":{"rendered":"<div class=\"top_tip\">personalizado 2835 <strong>Placa de circuito impresso de LED de luz de anel com alto Ra \/ CRI<\/strong><\/div>","protected":false},"featured_media":735,"template":"","meta":{"site-sidebar-layout":"default","site-content-layout":"","ast-site-content-layout":"default","site-content-style":"default","site-sidebar-style":"default","ast-global-header-display":"","ast-banner-title-visibility":"","ast-main-header-display":"","ast-hfb-above-header-display":"","ast-hfb-below-header-display":"","ast-hfb-mobile-header-display":"","site-post-title":"","ast-breadcrumbs-content":"","ast-featured-img":"","footer-sml-layout":"","ast-disable-related-posts":"","theme-transparent-header-meta":"default","adv-header-id-meta":"","stick-header-meta":"","header-above-stick-meta":"","header-main-stick-meta":"","header-below-stick-meta":"","astra-migrate-meta-layouts":"set","ast-page-background-enabled":"default","ast-page-background-meta":{"desktop":{"background-color":"var(--ast-global-color-5)","background-image":"","background-repeat":"repeat","background-position":"center center","background-size":"auto","background-attachment":"scroll","background-type":"","background-media":"","overlay-type":"","overlay-color":"","overlay-opacity":"","overlay-gradient":""},"tablet":{"background-color":"","background-image":"","background-repeat":"repeat","background-position":"center center","background-size":"auto","background-attachment":"scroll","background-type":"","background-media":"","overlay-type":"","overlay-color":"","overlay-opacity":"","overlay-gradient":""},"mobile":{"background-color":"","background-image":"","background-repeat":"repeat","background-position":"center center","background-size":"auto","background-attachment":"scroll","background-type":"","background-media":"","overlay-type":"","overlay-color":"","overlay-opacity":"","overlay-gradient":""}},"ast-content-background-meta":{"desktop":{"background-color":"var(--ast-global-color-4)","background-image":"","background-repeat":"repeat","background-position":"center center","background-size":"auto","background-attachment":"scroll","background-type":"","background-media":"","overlay-type":"","overlay-color":"","overlay-opacity":"","overlay-gradient":""},"tablet":{"background-color":"var(--ast-global-color-4)","background-image":"","background-repeat":"repeat","background-position":"center center","background-size":"auto","background-attachment":"scroll","background-type":"","background-media":"","overlay-type":"","overlay-color":"","overlay-opacity":"","overlay-gradient":""},"mobile":{"background-color":"var(--ast-global-color-4)","background-image":"","background-repeat":"repeat","background-position":"center center","background-size":"auto","background-attachment":"scroll","background-type":"","background-media":"","overlay-type":"","overlay-color":"","overlay-opacity":"","overlay-gradient":""}}},"product_brand":[],"product_cat":[40,74],"product_tag":[48,54],"class_list":{"0":"post-1198","1":"product","2":"type-product","3":"status-publish","4":"has-post-thumbnail","6":"product_cat-smd-2835","7":"product_cat-bi-color","8":"product_tag-48","9":"product_tag-bi-color-white-yellow-leds","10":"desktop-align-left","11":"tablet-align-left","12":"mobile-align-left","14":"first","15":"instock","16":"shipping-taxable","17":"product-type-simple"},"_links":{"self":[{"href":"https:\/\/jjled.com\/pt\/wp-json\/wp\/v2\/product\/1198","targetHints":{"allow":["GET"]}}],"collection":[{"href":"https:\/\/jjled.com\/pt\/wp-json\/wp\/v2\/product"}],"about":[{"href":"https:\/\/jjled.com\/pt\/wp-json\/wp\/v2\/types\/product"}],"version-history":[{"count":1,"href":"https:\/\/jjled.com\/pt\/wp-json\/wp\/v2\/product\/1198\/revisions"}],"predecessor-version":[{"id":1199,"href":"https:\/\/jjled.com\/pt\/wp-json\/wp\/v2\/product\/1198\/revisions\/1199"}],"wp:featuredmedia":[{"embeddable":true,"href":"https:\/\/jjled.com\/pt\/wp-json\/wp\/v2\/media\/735"}],"wp:attachment":[{"href":"https:\/\/jjled.com\/pt\/wp-json\/wp\/v2\/media?parent=1198"}],"wp:term":[{"taxonomy":"product_brand","embeddable":true,"href":"https:\/\/jjled.com\/pt\/wp-json\/wp\/v2\/product_brand?post=1198"},{"taxonomy":"product_cat","embeddable":true,"href":"https:\/\/jjled.com\/pt\/wp-json\/wp\/v2\/product_cat?post=1198"},{"taxonomy":"product_tag","embeddable":true,"href":"https:\/\/jjled.com\/pt\/wp-json\/wp\/v2\/product_tag?post=1198"}],"curies":[{"name":"wp","href":"https:\/\/api.w.org\/{rel}","templated":true}]}}